{"id":117227,"date":"2023-07-14T00:00:00","date_gmt":"2023-07-14T05:00:00","guid":{"rendered":"https:\/\/gpl-love.com\/es\/producto\/download-monitor-twitter-lock\/"},"modified":"2026-03-09T07:28:15","modified_gmt":"2026-03-09T12:28:15","slug":"download-monitor-twitter-lock","status":"publish","type":"product","link":"https:\/\/gpl-love.com\/es\/producto\/download-monitor-twitter-lock\/","title":{"rendered":"Download Monitor Twitter Lock 4.1.4"},"content":{"rendered":"<h3>Download Monitor Twitter Lock Caracteristicas<\/h3>\n<p>Descargar Monitor Twitter Lock es una aplicaci\u00f3n de software robusta e influyente que ayuda en el monitoreo y la regulaci\u00f3n de las actividades de descarga en su computadora. Esta notable herramienta no solo le proporciona notificaciones r\u00e1pidas y de actualizaci\u00f3n, sino que tambi\u00e9n le alerta cada vez que se descarga un archivo en su sistema. Con sus caracter\u00edsticas de vanguardia y sofisticadas, tiene la capacidad de establecer regulaciones y restricciones personalizadas relacionadas con la descarga de archivos de diversos sitios web, plataformas de redes sociales y otras fuentes. Adem\u00e1s, este software excepcional le permite monitorear la actividad de Twitter de las personas y regular el acceso a cuentas o tweets espec\u00edficos. Al emplear el bloqueo de monitor de descarga de Twitter Lock, est\u00e1 facultado para gobernar y administrar el comportamiento de descarga de sus empleados, ni\u00f1os o cualquier otro usuario, asegurando as\u00ed la mayor seguridad de su sistema.<\/p>\n<ul>\n<li>Permite a los usuarios monitorear las descargas de sus productos digitales en tiempo real<\/li>\n<li>Se integra con Twitter para permitir la publicaci\u00f3n autom\u00e1tica de las actualizaciones de descarga a los seguidores<\/li>\n<li>Proporciona informes detallados sobre la actividad de descarga, incluida la cantidad de descargas e ingresos generados<\/li>\n<li>F\u00e1cilmente personalizable para que coincida con las preferencias de marca y est\u00e9tica<\/li>\n<li>Compatible con una variedad de tipos de archivos de productos digitales, como PDF y MP3<\/li>\n<li>Proporciona enlaces de descarga seguros y descargue opciones de vencimiento para evitar el acceso no autorizado a los archivos<\/li>\n<li>Interfaz simple y f\u00e1cil de usar para una f\u00e1cil configuraci\u00f3n y uso<\/li>\n<li>Excelente soporte al cliente y actualizaciones regulares de software para garantizar un rendimiento \u00f3ptimo<\/li>\n<\/ul>\n","protected":false},"excerpt":{"rendered":"<p>Monitor Twitter Lock es una herramienta innovadora dise\u00f1ada para usuarios \u00e1vidos de las redes sociales y vendedores digitales. Este software le permite controlar y administrar efectivamente su cuenta de Twitter. La caracter\u00edstica clave de esta herramienta es su capacidad para bloquear y desbloquear su cuenta de Twitter en funci\u00f3n de sus preferencias y necesidades de seguridad. Con el bloqueo de Monitor Twitter, puede garantizar la seguridad de su cuenta, evitar el acceso no autorizado y mantener su privacidad digital. Adem\u00e1s, esta herramienta proporciona monitoreo en tiempo real, notificando instant\u00e1neamente cualquier actividad en su cuenta. El proceso de descarga es r\u00e1pido y directo, lo que lo hace f\u00e1cil de usar. Este software no solo mejora su experiencia en Twitter, sino que tambi\u00e9n ofrece tranquilidad al asegurar su presencia digital. Intente monitorear el bloqueo de Twitter hoy y experimente un nuevo nivel de control sobre su cuenta de Twitter.<\/p>\n","protected":false},"featured_media":165821,"comment_status":"open","ping_status":"open","template":"","meta":[],"product_brand":[2424],"product_cat":[1212,1206,1211],"product_tag":[1275],"class_list":{"0":"post-117227","1":"product","2":"type-product","3":"status-publish","4":"has-post-thumbnail","6":"product_brand-download-monitor","7":"product_cat-administracion-wordpress-plugins","8":"product_cat-plugins","9":"product_cat-wordpress-plugins","10":"product_tag-download-monitor","11":"member-discount","12":"discount-restricted","14":"first","15":"instock","16":"sale","17":"downloadable","18":"virtual","19":"sold-individually","20":"purchasable","21":"product-type-simple"},"_links":{"self":[{"href":"https:\/\/gpl-love.com\/es\/wp-json\/wp\/v2\/product\/117227","targetHints":{"allow":["GET"]}}],"collection":[{"href":"https:\/\/gpl-love.com\/es\/wp-json\/wp\/v2\/product"}],"about":[{"href":"https:\/\/gpl-love.com\/es\/wp-json\/wp\/v2\/types\/product"}],"replies":[{"embeddable":true,"href":"https:\/\/gpl-love.com\/es\/wp-json\/wp\/v2\/comments?post=117227"}],"wp:featuredmedia":[{"embeddable":true,"href":"https:\/\/gpl-love.com\/es\/wp-json\/wp\/v2\/media\/165821"}],"wp:attachment":[{"href":"https:\/\/gpl-love.com\/es\/wp-json\/wp\/v2\/media?parent=117227"}],"wp:term":[{"taxonomy":"product_brand","embeddable":true,"href":"https:\/\/gpl-love.com\/es\/wp-json\/wp\/v2\/product_brand?post=117227"},{"taxonomy":"product_cat","embeddable":true,"href":"https:\/\/gpl-love.com\/es\/wp-json\/wp\/v2\/product_cat?post=117227"},{"taxonomy":"product_tag","embeddable":true,"href":"https:\/\/gpl-love.com\/es\/wp-json\/wp\/v2\/product_tag?post=117227"}],"curies":[{"name":"wp","href":"https:\/\/api.w.org\/{rel}","templated":true}]}}