{"id":117223,"date":"2025-08-08T00:00:00","date_gmt":"2025-08-08T05:00:00","guid":{"rendered":"https:\/\/gpl-love.com\/es\/producto\/download-monitor-page-addon\/"},"modified":"2026-03-09T07:28:12","modified_gmt":"2026-03-09T12:28:12","slug":"download-monitor-page-addon","status":"publish","type":"product","link":"https:\/\/gpl-love.com\/es\/producto\/download-monitor-page-addon\/","title":{"rendered":"Download Monitor Page Addon 4.4.1"},"content":{"rendered":"<h3>Download Monitor Page Addon Caracteristicas<\/h3>\n<p>El complemento de la p\u00e1gina del monitor de descarga, una herramienta indispensable para personas que buscan supervisar y gobernar sus descargas de manera efectiva, ofrece una integraci\u00f3n perfecta con su complemento de monitor de descarga existente. Este notable complemento presenta a los usuarios un tablero f\u00e1cil de usar, lo que permite un monitoreo y an\u00e1lisis sin esfuerzo de las descargas de uno. El complemento de la p\u00e1gina de monitor de descarga faculta a los usuarios para leer r\u00e1pidamente todas las descargas, rastrear estad\u00edsticas de descarga e incluso generar informes personalizados. Ya sea que uno est\u00e9 administrando archivos para un sitio web o un negocio, este complemento simplifica la tarea de supervisar las descargas y mantener la organizaci\u00f3n. Con su interfaz intuitiva y funcionalidades robustas, el complemento de la p\u00e1gina del monitor de descarga es un activo esencial para las personas que buscan optimizar su proceso de gesti\u00f3n de descarga.<\/p>\n<ul>\n<li>Monitores y rastrea todas las descargas hechas desde su sitio web<\/li>\n<li>Le permite ver estad\u00edsticas de descarga en una p\u00e1gina dedicada dentro del tablero de su sitio web<\/li>\n<li>Proporciona informes detallados en cada archivo descargado, incluida la fecha y hora de descarga, el n\u00famero de descargas y la direcci\u00f3n IP del descargador<\/li>\n<li>Se integra a la perfecci\u00f3n con el popular sitio web y plataformas de comercio electr\u00f3nico, incluidos WordPress, WooCommerce y descargas digitales f\u00e1ciles<\/li>\n<li>Le permite personalizar la p\u00e1gina de estad\u00edsticas de descarga para que coincida con la marca de su sitio web<\/li>\n<li>Le permite configurar notificaciones para nuevas descargas, asegurando que permanezca informado en tiempo real<\/li>\n<li>Proporciona una soluci\u00f3n segura y confiable para monitorear y rastrear descargas, ayudando a proteger su sitio web y su contenido.<\/li>\n<li>Ofrece una instalaci\u00f3n y configuraci\u00f3n f\u00e1cil, sin necesidad de codificaci\u00f3n ni conocimiento t\u00e9cnico<\/li>\n<li>Actualizado regularmente con nuevas caracter\u00edsticas y correcciones de errores para garantizar el m\u00e1ximo rendimiento y funcionalidad<\/li>\n<\/ul>\n","protected":false},"excerpt":{"rendered":"<p>Explore nuestro nuevo complemento de la p\u00e1gina del monitor de descarga: una herramienta vital para todos los usuarios web que desean realizar un seguimiento de sus descargas. Con este complemento, puede monitorear todas sus descargas en un solo lugar, proporcion\u00e1ndole una descripci\u00f3n completa de sus archivos descargados. El complemento de la p\u00e1gina de monitor de descarga presenta una interfaz f\u00e1cil de usar, una instalaci\u00f3n f\u00e1cil y una amplia gama de opciones de personalizaci\u00f3n. Es compatible con la mayor\u00eda de los sistemas operativos y viene con atenci\u00f3n al cliente dedicada. Este complemento es una soluci\u00f3n perfecta para aquellos que desean simplificar su experiencia de navegaci\u00f3n web y administrar sus descargas de manera m\u00e1s efectiva. Pruebe el complemento de la p\u00e1gina del monitor de descarga hoy y eleve su experiencia de navegaci\u00f3n web.<\/p>\n","protected":false},"featured_media":165819,"comment_status":"open","ping_status":"open","template":"","meta":[],"product_brand":[2424],"product_cat":[1214,1206,1211],"product_tag":[1275],"class_list":{"0":"post-117223","1":"product","2":"type-product","3":"status-publish","4":"has-post-thumbnail","6":"product_brand-download-monitor","7":"product_cat-personalizacion","8":"product_cat-plugins","9":"product_cat-wordpress-plugins","10":"product_tag-download-monitor","11":"member-discount","12":"discount-restricted","14":"first","15":"instock","16":"sale","17":"downloadable","18":"virtual","19":"sold-individually","20":"purchasable","21":"product-type-simple"},"_links":{"self":[{"href":"https:\/\/gpl-love.com\/es\/wp-json\/wp\/v2\/product\/117223","targetHints":{"allow":["GET"]}}],"collection":[{"href":"https:\/\/gpl-love.com\/es\/wp-json\/wp\/v2\/product"}],"about":[{"href":"https:\/\/gpl-love.com\/es\/wp-json\/wp\/v2\/types\/product"}],"replies":[{"embeddable":true,"href":"https:\/\/gpl-love.com\/es\/wp-json\/wp\/v2\/comments?post=117223"}],"wp:featuredmedia":[{"embeddable":true,"href":"https:\/\/gpl-love.com\/es\/wp-json\/wp\/v2\/media\/165819"}],"wp:attachment":[{"href":"https:\/\/gpl-love.com\/es\/wp-json\/wp\/v2\/media?parent=117223"}],"wp:term":[{"taxonomy":"product_brand","embeddable":true,"href":"https:\/\/gpl-love.com\/es\/wp-json\/wp\/v2\/product_brand?post=117223"},{"taxonomy":"product_cat","embeddable":true,"href":"https:\/\/gpl-love.com\/es\/wp-json\/wp\/v2\/product_cat?post=117223"},{"taxonomy":"product_tag","embeddable":true,"href":"https:\/\/gpl-love.com\/es\/wp-json\/wp\/v2\/product_tag?post=117223"}],"curies":[{"name":"wp","href":"https:\/\/api.w.org\/{rel}","templated":true}]}}