{"id":117221,"date":"2025-08-08T00:00:00","date_gmt":"2025-08-08T05:00:00","guid":{"rendered":"https:\/\/gpl-love.com\/es\/producto\/download-monitor-ninja-forms-lock\/"},"modified":"2026-03-09T07:28:10","modified_gmt":"2026-03-09T12:28:10","slug":"download-monitor-ninja-forms-lock","status":"publish","type":"product","link":"https:\/\/gpl-love.com\/es\/producto\/download-monitor-ninja-forms-lock\/","title":{"rendered":"Download Monitor Ninja Forms Lock 5.0.1"},"content":{"rendered":"<h3>Download Monitor Ninja Forms Lock Caracteristicas<\/h3>\n<p>Descargar el bloqueo de formularios Ninja Monitor es una herramienta incre\u00edblemente robusta y efectiva que le otorga la capacidad de salvaguardar sus productos digitales y tener pesta\u00f1as sin esfuerzo en su estado de descarga. Al utilizar este complemento excepcional, tiene la capacidad de integrar a la perfecci\u00f3n los formularios Ninja con el monitor de descarga, imponiendo las restricciones de acceso en su contenido descargable de acuerdo con los env\u00edos de formulario de usuario. En consecuencia, solo a las personas que hayan presentado debidamente el formulario requerido se les otorgar\u00e1 el privilegio de descargar su producto. Adem\u00e1s, tiene la ventaja adicional de poder monitorear el recuento de descargas para cada producto individual y establecer limitaciones de descarga, facilitando la gesti\u00f3n eficiente de sus activos digitales. Para resumir, Descargar el bloqueo de formularios Ninja Monitor es una herramienta indispensable para cualquier persona que busque fortalecer la seguridad de sus productos digitales mientras posee simult\u00e1neamente la capacidad de monitorear de cerca su actividad de descarga.<\/p>\n<ul>\n<li>Proporciona una forma segura de bloquear las descargas utilizando formularios ninja.<\/li>\n<li>Instalaci\u00f3n e integraci\u00f3n f\u00e1cil en su sitio de WordPress.<\/li>\n<li>Configuraci\u00f3n de bloqueo personalizable, como protecci\u00f3n de contrase\u00f1a o verificaci\u00f3n de correo electr\u00f3nico.<\/li>\n<li>An\u00e1lisis e informes en tiempo real para rastrear la actividad de descarga.<\/li>\n<li>Puede conectarse a m\u00faltiples plataformas de marketing por correo electr\u00f3nico para una funcionalidad adicional.<\/li>\n<li>Compatible con una amplia gama de tipos de archivos y tama\u00f1os.<\/li>\n<li>Aumenta la seguridad del sitio web evitando el acceso no autorizado a los archivos.<\/li>\n<li>Le permite restringir el acceso a usuarios espec\u00edficos o roles de usuario.<\/li>\n<li>Proporciona una experiencia de usuario perfecta, con una interfaz simple e intuitiva.<\/li>\n<li>Actualizaciones y soporte regulares del equipo de desarrolladores.<\/li>\n<\/ul>\n","protected":false},"excerpt":{"rendered":"<p>Monitor Ninja Forms Lock es una herramienta innovadora, f\u00e1cil de usar y altamente confiable dise\u00f1ada para una integraci\u00f3n perfecta con su sitio web. Este complemento excepcional le permite bloquear y administrar efectivamente sus archivos de descarga, lo que lo convierte en una soluci\u00f3n ideal para empresas y personas que buscan aumentar la eficiencia y la productividad. Los usuarios pueden desbloquear con conveniencia las descargas utilizando formularios ninja, mejorando la interactividad y el compromiso de su sitio. Con el bloqueo de los formularios Ninja Monitor, se beneficiar\u00e1 de una mayor seguridad, control y tranquilidad. Descargue hoy y experimente la diferencia para usted.<\/p>\n","protected":false},"featured_media":165818,"comment_status":"open","ping_status":"open","template":"","meta":[],"product_brand":[2424],"product_cat":[1214,1206,1211],"product_tag":[1275],"class_list":{"0":"post-117221","1":"product","2":"type-product","3":"status-publish","4":"has-post-thumbnail","6":"product_brand-download-monitor","7":"product_cat-personalizacion","8":"product_cat-plugins","9":"product_cat-wordpress-plugins","10":"product_tag-download-monitor","11":"member-discount","12":"discount-restricted","14":"first","15":"instock","16":"sale","17":"downloadable","18":"virtual","19":"sold-individually","20":"purchasable","21":"product-type-simple"},"_links":{"self":[{"href":"https:\/\/gpl-love.com\/es\/wp-json\/wp\/v2\/product\/117221","targetHints":{"allow":["GET"]}}],"collection":[{"href":"https:\/\/gpl-love.com\/es\/wp-json\/wp\/v2\/product"}],"about":[{"href":"https:\/\/gpl-love.com\/es\/wp-json\/wp\/v2\/types\/product"}],"replies":[{"embeddable":true,"href":"https:\/\/gpl-love.com\/es\/wp-json\/wp\/v2\/comments?post=117221"}],"wp:featuredmedia":[{"embeddable":true,"href":"https:\/\/gpl-love.com\/es\/wp-json\/wp\/v2\/media\/165818"}],"wp:attachment":[{"href":"https:\/\/gpl-love.com\/es\/wp-json\/wp\/v2\/media?parent=117221"}],"wp:term":[{"taxonomy":"product_brand","embeddable":true,"href":"https:\/\/gpl-love.com\/es\/wp-json\/wp\/v2\/product_brand?post=117221"},{"taxonomy":"product_cat","embeddable":true,"href":"https:\/\/gpl-love.com\/es\/wp-json\/wp\/v2\/product_cat?post=117221"},{"taxonomy":"product_tag","embeddable":true,"href":"https:\/\/gpl-love.com\/es\/wp-json\/wp\/v2\/product_tag?post=117221"}],"curies":[{"name":"wp","href":"https:\/\/api.w.org\/{rel}","templated":true}]}}