{"id":117219,"date":"2025-08-08T00:00:00","date_gmt":"2025-08-08T05:00:00","guid":{"rendered":"https:\/\/gpl-love.com\/es\/producto\/download-monitor-mailchimp-lock\/"},"modified":"2026-03-09T07:28:08","modified_gmt":"2026-03-09T12:28:08","slug":"download-monitor-mailchimp-lock","status":"publish","type":"product","link":"https:\/\/gpl-love.com\/es\/producto\/download-monitor-mailchimp-lock\/","title":{"rendered":"Download Monitor MailChimp Lock 5.0.2"},"content":{"rendered":"<h3>Download Monitor MailChimp Lock Caracteristicas<\/h3>\n<p>El bloqueo del monitor de descarga Mailchimp Lock demuestra ser un complemento extremadamente beneficioso para las personas que poseen sitios web y desean aumentar el n\u00famero de sus suscriptores de correo electr\u00f3nico. Al emplear este complemento, los usuarios tienen la oportunidad de proporcionar a sus suscriptores descargas exclusivas, garantizando as\u00ed que las personas que se hayan registrado voluntariamente con sus respectivas direcciones de correo electr\u00f3nico deber\u00e1n acceder a los archivos designados. Esta t\u00e1ctica ingeniosa sirve como un excelente medio para motivar a los visitantes a inscribirse en boletines por correo electr\u00f3nico o actualizaciones, a la luz del hecho de que ser\u00e1n recompensados \u200b\u200bcon contenido invaluable que permanezca inaccesible para los no suscriptores. Adem\u00e1s, el complemento en s\u00ed cuenta con una interfaz notablemente f\u00e1cil de usar y se integra sin problemas con MailChimp, lo que lo convierte en un activo indispensable para cualquier propietario del sitio web con aspiraciones de expandir su lista de correo electr\u00f3nico.<\/p>\n<ul>\n<li>Bloquear de forma segura contenido descargable detr\u00e1s de una pared de suscripci\u00f3n<\/li>\n<li>Integrar perfectamente con MailChimp para capturar direcciones de correo electr\u00f3nico y administrar suscriptores<\/li>\n<li>Realizar un seguimiento de las descargas y monitorear estad\u00edsticas de uso<\/li>\n<li>Personalice el bloqueo con mensajes configurables y etiquetas de botones<\/li>\n<li>Automatizar el proceso con versiones de contenido programadas y opciones de desbloqueo cronometradas<\/li>\n<li>Funciona con una variedad de tipos de archivos que incluyen PDF, archivos de audio y contenido de video<\/li>\n<\/ul>\n","protected":false},"excerpt":{"rendered":"<p>El Monitor Monitor de descarga Bloqueo de Mailchimp es un complemento premium que integra perfectamente su monitor de descarga con su cuenta de MailChimp. Le permite bloquear sus descargas detr\u00e1s de un formulario de suscripci\u00f3n de MailChimp, asegurando que solo los suscriptores de MailChimp tengan acceso a sus descargas. Esta es una excelente herramienta para hacer crecer su lista de correo electr\u00f3nico y mejorar sus esfuerzos de marketing por correo electr\u00f3nico. En pocas palabras, sus usuarios deber\u00e1n suscribirse a su lista de MailChimp antes de que puedan descargar el archivo. El bloqueo del monitor de descarga Mailchimp Lock es f\u00e1cil de configurar, f\u00e1cil de usar y totalmente personalizable, por lo que es una adici\u00f3n valiosa a cualquier negocio o blog en l\u00ednea. Disfrute de los beneficios del aumento del compromiso y el crecimiento de suscriptores con el bloqueo de Monitor de descarga Mailchimp.<\/p>\n","protected":false},"featured_media":165817,"comment_status":"open","ping_status":"open","template":"","meta":[],"product_brand":[2424],"product_cat":[1212,1206,1211],"product_tag":[1275],"class_list":{"0":"post-117219","1":"product","2":"type-product","3":"status-publish","4":"has-post-thumbnail","6":"product_brand-download-monitor","7":"product_cat-administracion-wordpress-plugins","8":"product_cat-plugins","9":"product_cat-wordpress-plugins","10":"product_tag-download-monitor","11":"member-discount","12":"discount-restricted","14":"first","15":"instock","16":"sale","17":"downloadable","18":"virtual","19":"sold-individually","20":"purchasable","21":"product-type-simple"},"_links":{"self":[{"href":"https:\/\/gpl-love.com\/es\/wp-json\/wp\/v2\/product\/117219","targetHints":{"allow":["GET"]}}],"collection":[{"href":"https:\/\/gpl-love.com\/es\/wp-json\/wp\/v2\/product"}],"about":[{"href":"https:\/\/gpl-love.com\/es\/wp-json\/wp\/v2\/types\/product"}],"replies":[{"embeddable":true,"href":"https:\/\/gpl-love.com\/es\/wp-json\/wp\/v2\/comments?post=117219"}],"wp:featuredmedia":[{"embeddable":true,"href":"https:\/\/gpl-love.com\/es\/wp-json\/wp\/v2\/media\/165817"}],"wp:attachment":[{"href":"https:\/\/gpl-love.com\/es\/wp-json\/wp\/v2\/media?parent=117219"}],"wp:term":[{"taxonomy":"product_brand","embeddable":true,"href":"https:\/\/gpl-love.com\/es\/wp-json\/wp\/v2\/product_brand?post=117219"},{"taxonomy":"product_cat","embeddable":true,"href":"https:\/\/gpl-love.com\/es\/wp-json\/wp\/v2\/product_cat?post=117219"},{"taxonomy":"product_tag","embeddable":true,"href":"https:\/\/gpl-love.com\/es\/wp-json\/wp\/v2\/product_tag?post=117219"}],"curies":[{"name":"wp","href":"https:\/\/api.w.org\/{rel}","templated":true}]}}