{"id":117217,"date":"2025-08-08T00:00:00","date_gmt":"2025-08-08T05:00:00","guid":{"rendered":"https:\/\/gpl-love.com\/es\/producto\/download-monitor-gravity-forms-lock\/"},"modified":"2026-03-09T07:28:06","modified_gmt":"2026-03-09T12:28:06","slug":"download-monitor-gravity-forms-lock","status":"publish","type":"product","link":"https:\/\/gpl-love.com\/es\/producto\/download-monitor-gravity-forms-lock\/","title":{"rendered":"Download Monitor Gravity Forms Lock 5.0.2"},"content":{"rendered":"<h3>Download Monitor Gravity Forms Lock Caracteristicas<\/h3>\n<p>Descargar el bloqueo de formularios de gravedad de monitor es un complemento de WordPress extremadamente robusto e influyente que proporciona la capacidad de limitar sin esfuerzo el acceso a sus archivos descargables. Al utilizar este complemento excepcional, tiene la capacidad de generar enlaces de descarga impregnablemente seguros accesibles exclusivamente para los usuarios que han completado con \u00e9xito un formulario de gravedad. Esto implica que puede aprovechar la potencia y la adaptabilidad de los formularios de gravedad para acumular la informaci\u00f3n del usuario, los detalles de pago o cualquier otro datos esenciales antes de autorizar la entrada a sus archivos. Adem\u00e1s, el bloqueo de formularios de gravedad de monitor de descarga se enriquece a\u00fan m\u00e1s con caracter\u00edsticas avanzadas, como restricciones de descarga, mensajes personalizados y roles de usuario, lo que le dom\u00fae con un dominio completo sobre qui\u00e9n est\u00e1 autorizado para descargar sus archivos y cu\u00e1ndo se otorga este acceso. El totalmente adecuado para personas dedicadas a la comercializaci\u00f3n de productos digitales, dispensando descargas complementarias o simplemente anhelando ejercer control sobre la accesibilidad de su contenido, descarga el bloqueo de los formularios de gravedad de los monitores surge como la soluci\u00f3n por excelencia.<\/p>\n<ul>\n<li>Evitar descargas no autorizadas de archivos vinculados a formularios de gravedad<\/li>\n<li>Bloquear f\u00e1cilmente formularios espec\u00edficos o descargas de archivos individuales<\/li>\n<li>Controle el acceso a las descargas por rol de usuario o usuarios espec\u00edficos<\/li>\n<li>Personalice los mensajes de bloqueo para los usuarios que intentan descargar sin permiso<\/li>\n<li>Ver Historial de descarga y rastrear la actividad del usuario<\/li>\n<li>Integre a la perfecci\u00f3n con otras extensiones y complementos de Forms Gravity<\/li>\n<li>Proceso simple de instalaci\u00f3n y configuraci\u00f3n<\/li>\n<li>Actualizaciones y soporte regulares proporcionados por el desarrollador.<\/li>\n<\/ul>\n","protected":false},"excerpt":{"rendered":"<p>Descubra el poder de descarga de los formularios de gravedad de monitor, una herramienta invaluable para propietarios de sitios web y negocios en l\u00ednea. Este innovador software le permite asegurar su contenido descargable y controlar qui\u00e9n puede acceder a \u00e9l, brind\u00e1ndole tranquilidad y protecci\u00f3n. Con el bloqueo de formularios de gravedad, puede crear formularios detallados que los usuarios deben completar para obtener acceso a sus descargas. Esto puede ser desde un formulario simple de colecci\u00f3n de nombre y correo electr\u00f3nico hasta un cuestionario detallado. Esta caracter\u00edstica no solo agrega una capa adicional de seguridad, sino que tambi\u00e9n le permite recopilar informaci\u00f3n valiosa sobre sus usuarios. Se integra sin problemas con las formas de gravedad, uno de los complementos de construcci\u00f3n de formas m\u00e1s confiables, por lo que es muy f\u00e1cil dise\u00f1ar e implementar sus formularios. Descargar el bloqueo de los formularios de gravedad de monitor es f\u00e1cil de usar y perfecto para cualquiera que quiera salvaguardar su contenido digital mientras obtiene informaci\u00f3n sobre su audiencia. Desc\u00e1rguelo hoy y experimente la combinaci\u00f3n de protecci\u00f3n y recopilaci\u00f3n de datos que ofrece.<\/p>\n","protected":false},"featured_media":165816,"comment_status":"open","ping_status":"open","template":"","meta":[],"product_brand":[2424],"product_cat":[1212,1206,1211],"product_tag":[1275],"class_list":{"0":"post-117217","1":"product","2":"type-product","3":"status-publish","4":"has-post-thumbnail","6":"product_brand-download-monitor","7":"product_cat-administracion-wordpress-plugins","8":"product_cat-plugins","9":"product_cat-wordpress-plugins","10":"product_tag-download-monitor","11":"member-discount","12":"discount-restricted","14":"first","15":"instock","16":"sale","17":"downloadable","18":"virtual","19":"sold-individually","20":"purchasable","21":"product-type-simple"},"_links":{"self":[{"href":"https:\/\/gpl-love.com\/es\/wp-json\/wp\/v2\/product\/117217","targetHints":{"allow":["GET"]}}],"collection":[{"href":"https:\/\/gpl-love.com\/es\/wp-json\/wp\/v2\/product"}],"about":[{"href":"https:\/\/gpl-love.com\/es\/wp-json\/wp\/v2\/types\/product"}],"replies":[{"embeddable":true,"href":"https:\/\/gpl-love.com\/es\/wp-json\/wp\/v2\/comments?post=117217"}],"wp:featuredmedia":[{"embeddable":true,"href":"https:\/\/gpl-love.com\/es\/wp-json\/wp\/v2\/media\/165816"}],"wp:attachment":[{"href":"https:\/\/gpl-love.com\/es\/wp-json\/wp\/v2\/media?parent=117217"}],"wp:term":[{"taxonomy":"product_brand","embeddable":true,"href":"https:\/\/gpl-love.com\/es\/wp-json\/wp\/v2\/product_brand?post=117217"},{"taxonomy":"product_cat","embeddable":true,"href":"https:\/\/gpl-love.com\/es\/wp-json\/wp\/v2\/product_cat?post=117217"},{"taxonomy":"product_tag","embeddable":true,"href":"https:\/\/gpl-love.com\/es\/wp-json\/wp\/v2\/product_tag?post=117217"}],"curies":[{"name":"wp","href":"https:\/\/api.w.org\/{rel}","templated":true}]}}