{"id":117213,"date":"2025-08-08T00:00:00","date_gmt":"2025-08-08T05:00:00","guid":{"rendered":"https:\/\/gpl-love.com\/es\/producto\/download-monitor-email-notification\/"},"modified":"2026-03-09T07:28:03","modified_gmt":"2026-03-09T12:28:03","slug":"download-monitor-email-notification","status":"publish","type":"product","link":"https:\/\/gpl-love.com\/es\/producto\/download-monitor-email-notification\/","title":{"rendered":"Download Monitor Email Notification 4.2.2"},"content":{"rendered":"<h3>Download Monitor Email Notification Caracteristicas<\/h3>\n<p>La notificaci\u00f3n de correo electr\u00f3nico del monitor de descarga es una herramienta indispensable que las personas pueden utilizar para permanecer actualizadas con el estado actual de sus descargas. Este producto en particular ofrece notificaciones de correo electr\u00f3nico instant\u00e1neas que informan a las personas sobre cualquier alteraci\u00f3n en el estado de descarga, ya sea la finalizaci\u00f3n exitosa de una descarga o la ocurrencia de un error durante el proceso. Al emplear esta notable herramienta, se puede monitorear sin esfuerzo m\u00faltiples descargas sin la necesidad de inspeccionar tediosamente el estado manualmente. Adem\u00e1s, estas notificaciones por correo electr\u00f3nico permiten que se tomen medidas r\u00e1pidas en caso de que surjan complicaciones durante la descarga, proporcionando as\u00ed a las personas una sensaci\u00f3n de tranquilidad y ayudando en la prevenci\u00f3n de posibles problemas. En general, la notificaci\u00f3n de correo electr\u00f3nico del monitor de descarga es un producto excepcional que no solo ahorra tiempo, sino que tambi\u00e9n garantiza que las personas permanezcan bien informadas con respecto a sus descargas.<\/p>\n<ul>\n<li>Notificaciones por correo electr\u00f3nico en tiempo real para la actividad de descarga<\/li>\n<li>Capacidad para personalizar las plantillas de correo electr\u00f3nico<\/li>\n<li>Integraci\u00f3n con plataformas populares de marketing por correo electr\u00f3nico<\/li>\n<li>Informaci\u00f3n detallada sobre descargas que incluyen fecha, hora e informaci\u00f3n del usuario<\/li>\n<li>Instalaci\u00f3n f\u00e1cil y proceso de configuraci\u00f3n<\/li>\n<li>Compatible con WordPress y otras plataformas CMS<\/li>\n<li>Opci\u00f3n de recibir correos electr\u00f3nicos de resumen diario o semanal<\/li>\n<li>Capacidad para desactivar las notificaciones de correo electr\u00f3nico para descargas o usuarios espec\u00edficos<\/li>\n<li>Mejora la seguridad del sitio web permitiendo el monitoreo y el seguimiento de la actividad de descarga<\/li>\n<\/ul>\n","protected":false},"excerpt":{"rendered":"<p>Mant\u00e9ngase al tanto de sus descargas con la notificaci\u00f3n de correo electr\u00f3nico del monitor de descarga. Esta herramienta f\u00e1cil de usar le permite rastrear y administrar sus descargas de manera eficiente, envi\u00e1ndole notificaciones de correo electr\u00f3nico r\u00e1pidas cuando haya un cambio o actualizaci\u00f3n. Con esta caracter\u00edstica \u00fanica, puede acceder instant\u00e1neamente a su estado de descarga, asegurando que siempre est\u00e9 en el bucle. Diga adi\u00f3s para revisar constantemente su estado de descarga y hola a la comodidad de las notificaciones por correo electr\u00f3nico. La notificaci\u00f3n de correo electr\u00f3nico del monitor de descarga es su asistente de descarga personal, manteni\u00e9ndolo informado y actualizado en todo momento. Disfrute de la facilidad de uso y la tranquilidad que viene con saber que siempre est\u00e1s al tanto de tus descargas.<\/p>\n","protected":false},"featured_media":165814,"comment_status":"open","ping_status":"open","template":"","meta":[],"product_brand":[2424],"product_cat":[1206,1257,1211],"product_tag":[1275],"class_list":{"0":"post-117213","1":"product","2":"type-product","3":"status-publish","4":"has-post-thumbnail","6":"product_brand-download-monitor","7":"product_cat-plugins","8":"product_cat-social","9":"product_cat-wordpress-plugins","10":"product_tag-download-monitor","11":"member-discount","12":"discount-restricted","14":"first","15":"instock","16":"sale","17":"downloadable","18":"virtual","19":"sold-individually","20":"purchasable","21":"product-type-simple"},"_links":{"self":[{"href":"https:\/\/gpl-love.com\/es\/wp-json\/wp\/v2\/product\/117213","targetHints":{"allow":["GET"]}}],"collection":[{"href":"https:\/\/gpl-love.com\/es\/wp-json\/wp\/v2\/product"}],"about":[{"href":"https:\/\/gpl-love.com\/es\/wp-json\/wp\/v2\/types\/product"}],"replies":[{"embeddable":true,"href":"https:\/\/gpl-love.com\/es\/wp-json\/wp\/v2\/comments?post=117213"}],"wp:featuredmedia":[{"embeddable":true,"href":"https:\/\/gpl-love.com\/es\/wp-json\/wp\/v2\/media\/165814"}],"wp:attachment":[{"href":"https:\/\/gpl-love.com\/es\/wp-json\/wp\/v2\/media?parent=117213"}],"wp:term":[{"taxonomy":"product_brand","embeddable":true,"href":"https:\/\/gpl-love.com\/es\/wp-json\/wp\/v2\/product_brand?post=117213"},{"taxonomy":"product_cat","embeddable":true,"href":"https:\/\/gpl-love.com\/es\/wp-json\/wp\/v2\/product_cat?post=117213"},{"taxonomy":"product_tag","embeddable":true,"href":"https:\/\/gpl-love.com\/es\/wp-json\/wp\/v2\/product_tag?post=117213"}],"curies":[{"name":"wp","href":"https:\/\/api.w.org\/{rel}","templated":true}]}}