{"id":117211,"date":"2025-10-16T00:00:00","date_gmt":"2025-10-16T05:00:00","guid":{"rendered":"https:\/\/gpl-love.com\/es\/producto\/download-monitor-email-lock\/"},"modified":"2026-03-09T07:28:01","modified_gmt":"2026-03-09T12:28:01","slug":"download-monitor-email-lock","status":"publish","type":"product","link":"https:\/\/gpl-love.com\/es\/producto\/download-monitor-email-lock\/","title":{"rendered":"Download Monitor Email Lock 5.0.5"},"content":{"rendered":"<h3>Download Monitor Email Lock Caracteristicas<\/h3>\n<p>Descargar el bloqueo de correo electr\u00f3nico del monitor es una herramienta excepcionalmente robusta y efectiva que sirve para salvaguardar los activos digitales de las empresas. Al proporcionar un medio seguro para compartir archivos con clientes o socios, este software ofrece protecci\u00f3n incomparable. Cuenta con una interfaz navegable sin esfuerzo que permite a los administradores administrar eficientemente el acceso a archivos compartidos. A trav\u00e9s de la creaci\u00f3n de URL distintas, los usuarios pueden transmitir archivos a los destinatarios, que posteriormente reciben un correo electr\u00f3nico que comprende un enlace seguro para acceder a dichos archivos. Esto garantiza que el \u00fanico acceso se otorgue \u00fanicamente al destinatario previsto, con la ventaja adicional de poder revocar los privilegios de acceso del enlace en cualquier momento dado. Adem\u00e1s, descargar el bloqueo de correo electr\u00f3nico del monitor incorpora funcionalidades de seguimiento e informes, lo que brinda a las empresas la capacidad de monitorear meticulosamente la identidad de los descargadores de archivos, as\u00ed como el plazo preciso en el que ocurren las descargas. Dados sus m\u00faltiples atributos, este software es una opci\u00f3n excepcional para las empresas que buscan transmitir datos confidenciales de forma segura a su estimada clientela o socios de confianza.<\/p>\n<ul>\n<li>Bloquear de forma segura contenido descargable detr\u00e1s de una puerta de correo electr\u00f3nico.<\/li>\n<li>Aumente su lista de correo electr\u00f3nico mientras proporciona contenido valioso a su audiencia.<\/li>\n<li>Personalice f\u00e1cilmente la pantalla de bloqueo con su marca y mensajes.<\/li>\n<li>Monitoree la actividad de descarga y mida la efectividad de su contenido.<\/li>\n<li>Proteja su contenido del intercambio o redistribuci\u00f3n no autorizados.<\/li>\n<li>Experiencia no intrusiva y f\u00e1cil de usar para su audiencia.<\/li>\n<\/ul>\n","protected":false},"excerpt":{"rendered":"<p>Experimente el control final sobre sus descargas con nuestro complemento avanzado: descargue el bloqueo de correo electr\u00f3nico del monitor. Este software innovador no solo le brinda el poder de administrar todas sus descargas sin problemas, sino que tambi\u00e9n le permite bloquearlas detr\u00e1s de una suscripci\u00f3n por correo electr\u00f3nico. Con esta caracter\u00edstica \u00fanica, puede aumentar significativamente su base de suscriptores. El complemento hace que sea incre\u00edblemente f\u00e1cil para usted requerir que los usuarios se suscriban a su bolet\u00edn antes de que puedan acceder a descargas espec\u00edficas. Adem\u00e1s, el bloqueo de correo electr\u00f3nico del monitor de descarga es incre\u00edblemente f\u00e1cil de usar y no requiere experiencia t\u00e9cnica. Con su dise\u00f1o intuitivo y su interfaz f\u00e1cil de usar, puede administrar f\u00e1cilmente todas sus descargas y suscripciones por correo electr\u00f3nico. Entonces, \u00bfpor qu\u00e9 esperar? Mejore la funcionalidad de su sitio web y haga crecer su lista de correo electr\u00f3nico con el bloqueo de correo electr\u00f3nico del monitor de descarga hoy.<\/p>\n","protected":false},"featured_media":165813,"comment_status":"open","ping_status":"open","template":"","meta":[],"product_brand":[2424],"product_cat":[1212,1206,1211],"product_tag":[1275],"class_list":{"0":"post-117211","1":"product","2":"type-product","3":"status-publish","4":"has-post-thumbnail","6":"product_brand-download-monitor","7":"product_cat-administracion-wordpress-plugins","8":"product_cat-plugins","9":"product_cat-wordpress-plugins","10":"product_tag-download-monitor","11":"member-discount","12":"discount-restricted","14":"first","15":"instock","16":"sale","17":"downloadable","18":"virtual","19":"sold-individually","20":"purchasable","21":"product-type-simple"},"_links":{"self":[{"href":"https:\/\/gpl-love.com\/es\/wp-json\/wp\/v2\/product\/117211","targetHints":{"allow":["GET"]}}],"collection":[{"href":"https:\/\/gpl-love.com\/es\/wp-json\/wp\/v2\/product"}],"about":[{"href":"https:\/\/gpl-love.com\/es\/wp-json\/wp\/v2\/types\/product"}],"replies":[{"embeddable":true,"href":"https:\/\/gpl-love.com\/es\/wp-json\/wp\/v2\/comments?post=117211"}],"wp:featuredmedia":[{"embeddable":true,"href":"https:\/\/gpl-love.com\/es\/wp-json\/wp\/v2\/media\/165813"}],"wp:attachment":[{"href":"https:\/\/gpl-love.com\/es\/wp-json\/wp\/v2\/media?parent=117211"}],"wp:term":[{"taxonomy":"product_brand","embeddable":true,"href":"https:\/\/gpl-love.com\/es\/wp-json\/wp\/v2\/product_brand?post=117211"},{"taxonomy":"product_cat","embeddable":true,"href":"https:\/\/gpl-love.com\/es\/wp-json\/wp\/v2\/product_cat?post=117211"},{"taxonomy":"product_tag","embeddable":true,"href":"https:\/\/gpl-love.com\/es\/wp-json\/wp\/v2\/product_tag?post=117211"}],"curies":[{"name":"wp","href":"https:\/\/api.w.org\/{rel}","templated":true}]}}