{"id":117209,"date":"2025-08-09T00:00:00","date_gmt":"2025-08-09T05:00:00","guid":{"rendered":"https:\/\/gpl-love.com\/es\/producto\/download-monitor-downloading-page\/"},"modified":"2026-03-09T07:28:00","modified_gmt":"2026-03-09T12:28:00","slug":"download-monitor-downloading-page","status":"publish","type":"product","link":"https:\/\/gpl-love.com\/es\/producto\/download-monitor-downloading-page\/","title":{"rendered":"Download Monitor Downloading Page 4.1.3"},"content":{"rendered":"<h3>Download Monitor Downloading Page Caracteristicas<\/h3>\n<p>La p\u00e1gina de descarga de monitor de descarga, una herramienta de abarrotes, sirve para ayudar a los usuarios a administrar eficientemente sus descargas. Poseiendo una interfaz f\u00e1cil de usar, esta herramienta permite a los usuarios rastrear y monitorear sin esfuerzo sus descargas en tiempo real, garantizando as\u00ed la finalizaci\u00f3n exitosa de todos los archivos descargados. Esta p\u00e1gina permite adem\u00e1s a los usuarios ver y administrar simult\u00e1neamente m\u00faltiples descargas, asegurando la conveniencia de pausar y reanudar las descargas de acuerdo con sus requisitos. Adem\u00e1s, la p\u00e1gina de descarga de monitor de descarga proporciona a los usuarios con informaci\u00f3n integral relacionadas con sus descargas, detalles que abarcan como la velocidad de descarga, el tiempo estimado restante y el historial de descarga. Con sus caracter\u00edsticas notables, esta herramienta demuestra ser una soluci\u00f3n ideal para las personas que con frecuencia participan en descargas de archivos, ya que facilita la racionalizaci\u00f3n de su proceso de descarga.<\/p>\n<ul>\n<li>Interfaz f\u00e1cil de usar para descargar archivos<\/li>\n<li>Altas velocidades de descarga para transferencias de archivos m\u00e1s r\u00e1pidas<\/li>\n<li>Opciones de descarga m\u00faltiples disponibles, incluida la descarga de lotes y la programaci\u00f3n de descarga<\/li>\n<li>Herramientas avanzadas de administraci\u00f3n de archivos, como la capacidad de detener, reanudar y cancelar las descargas<\/li>\n<li>Interfaz personalizable para adaptarse a las preferencias y necesidades individuales<\/li>\n<li>Seguimiento de progreso preciso para cada descarga<\/li>\n<li>Compatibilidad con varios tipos de archivos y fuentes de descarga<\/li>\n<li>Descargas seguras con escaneo de virus y verificaci\u00f3n de archivos<\/li>\n<li>Actualizaciones de software regulares para garantizar un rendimiento \u00f3ptimo y una experiencia de usuario<\/li>\n<\/ul>\n","protected":false},"excerpt":{"rendered":"<p>Experiencia Descarga sin problemas con nuestra p\u00e1gina de descarga de monitor de descarga! Esta innovadora herramienta ofrece una amplia gama de caracter\u00edsticas dise\u00f1adas para proporcionarle una experiencia de descarga suave y sin problemas. Con su interfaz f\u00e1cil de usar, puede monitorear y administrar todas sus descargas en un solo lugar. Su sistema de monitoreo avanzado le permite rastrear el progreso de la descarga, verificar el estado de las descargas e incluso detener o reanudar descargas seg\u00fan su conveniencia. La p\u00e1gina de descarga del monitor de descarga tambi\u00e9n admite m\u00faltiples formatos de archivo, asegurando la compatibilidad con una gama de contenido digital. Adem\u00e1s, sus caracter\u00edsticas de seguridad robustas protegen sus descargas de posibles amenazas. Disfrute de una experiencia de descarga eficiente, segura y simplificada con la p\u00e1gina de descarga de monitor de descarga.<\/p>\n","protected":false},"featured_media":165812,"comment_status":"open","ping_status":"open","template":"","meta":[],"product_brand":[2424],"product_cat":[1214,1206,1211],"product_tag":[1275],"class_list":{"0":"post-117209","1":"product","2":"type-product","3":"status-publish","4":"has-post-thumbnail","6":"product_brand-download-monitor","7":"product_cat-personalizacion","8":"product_cat-plugins","9":"product_cat-wordpress-plugins","10":"product_tag-download-monitor","11":"member-discount","12":"discount-restricted","14":"first","15":"instock","16":"sale","17":"downloadable","18":"virtual","19":"sold-individually","20":"purchasable","21":"product-type-simple"},"_links":{"self":[{"href":"https:\/\/gpl-love.com\/es\/wp-json\/wp\/v2\/product\/117209","targetHints":{"allow":["GET"]}}],"collection":[{"href":"https:\/\/gpl-love.com\/es\/wp-json\/wp\/v2\/product"}],"about":[{"href":"https:\/\/gpl-love.com\/es\/wp-json\/wp\/v2\/types\/product"}],"replies":[{"embeddable":true,"href":"https:\/\/gpl-love.com\/es\/wp-json\/wp\/v2\/comments?post=117209"}],"wp:featuredmedia":[{"embeddable":true,"href":"https:\/\/gpl-love.com\/es\/wp-json\/wp\/v2\/media\/165812"}],"wp:attachment":[{"href":"https:\/\/gpl-love.com\/es\/wp-json\/wp\/v2\/media?parent=117209"}],"wp:term":[{"taxonomy":"product_brand","embeddable":true,"href":"https:\/\/gpl-love.com\/es\/wp-json\/wp\/v2\/product_brand?post=117209"},{"taxonomy":"product_cat","embeddable":true,"href":"https:\/\/gpl-love.com\/es\/wp-json\/wp\/v2\/product_cat?post=117209"},{"taxonomy":"product_tag","embeddable":true,"href":"https:\/\/gpl-love.com\/es\/wp-json\/wp\/v2\/product_tag?post=117209"}],"curies":[{"name":"wp","href":"https:\/\/api.w.org\/{rel}","templated":true}]}}