{"id":117207,"date":"2021-02-09T00:00:00","date_gmt":"2021-02-09T05:00:00","guid":{"rendered":"https:\/\/gpl-love.com\/es\/producto\/download-monitor-download-duplicator\/"},"modified":"2026-03-09T07:27:59","modified_gmt":"2026-03-09T12:27:59","slug":"download-monitor-download-duplicator","status":"publish","type":"product","link":"https:\/\/gpl-love.com\/es\/producto\/download-monitor-download-duplicator\/","title":{"rendered":"Download Monitor Download Duplicator 4.0.1"},"content":{"rendered":"<h3>Download Monitor Download Duplicator Caracteristicas<\/h3>\n<p>El monitor de descarga Descargar Dupplicator es una soluci\u00f3n de software excepcional dise\u00f1ada para mejorar su productividad al facilitar la gesti\u00f3n de descarga y la duplicaci\u00f3n de descarga perfecta. Esta notable herramienta le permite monitorear y rastrear sin esfuerzo todas sus descargas desde un tablero centralizado, proporcion\u00e1ndole as\u00ed una comodidad y eficiencia sin precedentes. Adem\u00e1s, le brinda la capacidad de crear copias duplicadas de sus descargas sin esfuerzo, lo que le permite distribuirlas convenientemente a m\u00faltiples usuarios o salvaguardar sus valiosos archivos en el desafortunado evento de p\u00e9rdida de datos. La interfaz f\u00e1cil de usar se suma a la accesibilidad general de este software, asegurando que incluso las personas sin antecedentes t\u00e9cnicos puedan navegar y utilizar sus funcionalidades impresionantes de manera efectiva. Al aprovechar el duplicador de descarga del monitor de descarga, obtendr\u00e1 un control absoluto sobre sus descargas, asegurando que sus archivos est\u00e9n duplicados y administrados con la m\u00e1xima eficiencia y precisi\u00f3n.<\/p>\n<ul>\n<li>Permite a los usuarios duplicar f\u00e1cilmente descargas en m\u00faltiples sitios web o plataformas.<\/li>\n<li>Interfaz de usuario simple e intuitiva para una f\u00e1cil navegaci\u00f3n y usabilidad<\/li>\n<li>Admite una amplia gama de tipos de archivos y tama\u00f1os para una mayor flexibilidad y conveniencia<\/li>\n<li>Ahorra tiempo y esfuerzo eliminando la necesidad de duplicaci\u00f3n de descarga manual<\/li>\n<li>Se puede usar para mover descargas a nuevos sitios web o copias de seguridad, o para distribuir archivos a diferentes grupos de clientes.<\/li>\n<li>Configuraciones altamente personalizables y caracter\u00edsticas avanzadas para usuarios y desarrolladores avanzados<\/li>\n<li>Actualizado continuamente con nuevas caracter\u00edsticas y correcciones de errores para garantizar un desarrollo y soporte continuos<\/li>\n<li>Infraestructura segura y confiable para transferencia y duplicaci\u00f3n seguros de archivos seguros<\/li>\n<li>Compatible con una amplia gama de plataformas y sistemas CMS, incluidos WordPress, Joomla y Drupal.<\/li>\n<\/ul>\n","protected":false},"excerpt":{"rendered":"<p>Descargar el monitor Descargar Duplicator es una soluci\u00f3n de software de primer nivel dise\u00f1ada para simplificar su experiencia digital. Con esta poderosa herramienta, puede duplicar y administrar f\u00e1cilmente sus descargas, asegurando un proceso optimizado. El software tambi\u00e9n ofrece una funci\u00f3n de monitor que proporciona un seguimiento en tiempo real de sus descargas. Esto implica que puede rastrear convenientemente el progreso de sus descargas, identificar cualquier problema y tomar las medidas necesarias de inmediato. Adem\u00e1s, la funci\u00f3n de duplicador de descarga le permite crear copias de sus descargas, proporcionar una soluci\u00f3n de copia de seguridad y salvaguardar sus archivos. Este software no solo es f\u00e1cil de usar sino tambi\u00e9n altamente eficiente, lo que lo convierte en una herramienta imprescindible para todas sus necesidades de descarga. Experimente la conveniencia, la eficiencia y la tranquilidad que viene con el uso del duplicador de descarga de monitor de descarga. \u00a1Descargue ahora y tome el control de su espacio digital!<\/p>\n","protected":false},"featured_media":165811,"comment_status":"open","ping_status":"open","template":"","meta":[],"product_brand":[2424],"product_cat":[1212,1206,1211],"product_tag":[1275],"class_list":{"0":"post-117207","1":"product","2":"type-product","3":"status-publish","4":"has-post-thumbnail","6":"product_brand-download-monitor","7":"product_cat-administracion-wordpress-plugins","8":"product_cat-plugins","9":"product_cat-wordpress-plugins","10":"product_tag-download-monitor","11":"member-discount","12":"discount-restricted","14":"first","15":"instock","16":"sale","17":"downloadable","18":"virtual","19":"sold-individually","20":"purchasable","21":"product-type-simple"},"_links":{"self":[{"href":"https:\/\/gpl-love.com\/es\/wp-json\/wp\/v2\/product\/117207","targetHints":{"allow":["GET"]}}],"collection":[{"href":"https:\/\/gpl-love.com\/es\/wp-json\/wp\/v2\/product"}],"about":[{"href":"https:\/\/gpl-love.com\/es\/wp-json\/wp\/v2\/types\/product"}],"replies":[{"embeddable":true,"href":"https:\/\/gpl-love.com\/es\/wp-json\/wp\/v2\/comments?post=117207"}],"wp:featuredmedia":[{"embeddable":true,"href":"https:\/\/gpl-love.com\/es\/wp-json\/wp\/v2\/media\/165811"}],"wp:attachment":[{"href":"https:\/\/gpl-love.com\/es\/wp-json\/wp\/v2\/media?parent=117207"}],"wp:term":[{"taxonomy":"product_brand","embeddable":true,"href":"https:\/\/gpl-love.com\/es\/wp-json\/wp\/v2\/product_brand?post=117207"},{"taxonomy":"product_cat","embeddable":true,"href":"https:\/\/gpl-love.com\/es\/wp-json\/wp\/v2\/product_cat?post=117207"},{"taxonomy":"product_tag","embeddable":true,"href":"https:\/\/gpl-love.com\/es\/wp-json\/wp\/v2\/product_tag?post=117207"}],"curies":[{"name":"wp","href":"https:\/\/api.w.org\/{rel}","templated":true}]}}