{"id":117205,"date":"2025-08-09T00:00:00","date_gmt":"2025-08-09T05:00:00","guid":{"rendered":"https:\/\/gpl-love.com\/es\/producto\/download-monitor-csv-importer\/"},"modified":"2026-03-09T07:27:58","modified_gmt":"2026-03-09T12:27:58","slug":"download-monitor-csv-importer","status":"publish","type":"product","link":"https:\/\/gpl-love.com\/es\/producto\/download-monitor-csv-importer\/","title":{"rendered":"Download Monitor CSV Importer 4.2.1"},"content":{"rendered":"<h3>Download Monitor CSV Importer Caracteristicas<\/h3>\n<p>El importador de descarga de monitor CSV es una herramienta altamente eficiente que ofrece una administraci\u00f3n y organizaci\u00f3n sin problemas de las descargas. Este software proporciona la capacidad de importar r\u00e1pidamente archivos CSV que contienen toda la informaci\u00f3n crucial relacionada con sus descargas, que abarca detalles como el nombre de archivo, la URL de descarga, la categor\u00eda de descarga y m\u00e1s. Al utilizar este software, puede optimizar la asignaci\u00f3n de tiempo y manejar efectivamente las tareas de administraci\u00f3n de descarga. Al cargar el archivo CSV, el software poca autom\u00e1ticamente su lista de descargas, liber\u00e1ndolo del arduo y laborioso proceso de agregar manualmente cada descarga individualmente. El importador de descarga de monitor CSV le permite supervisar sin esfuerzo cantidades de descargas extensas, lo que le otorga una gran oportunidad para redirigir su enfoque hacia otros aspectos fundamentales de sus operaciones comerciales.<\/p>\n<ul>\n<li>Una herramienta para importar archivos CSV en el complemento de monitor de descarga<\/li>\n<li>Ahorra tiempo y elimina la entrada manual de datos<\/li>\n<li>Importa nombres de archivos, URL y otros detalles asociados con las descargas<\/li>\n<li>Admite varios formatos de archivo CSV<\/li>\n<li>Proporciona una vista previa de los datos antes de importar<\/li>\n<li>Opci\u00f3n para mapear los campos de CSV a los campos de monitor de descarga personalizados<\/li>\n<li>Interfaz f\u00e1cil de usar con instrucciones y documentaci\u00f3n detalladas<\/li>\n<li>Compatible con WordPress versi\u00f3n -0 y superior<\/li>\n<li>Actualizaciones regulares y soporte t\u00e9cnico proporcionado por el desarrollador.<\/li>\n<\/ul>\n","protected":false},"excerpt":{"rendered":"<p>Presentaci\u00f3n del importador de descarga de monitor CSV, una herramienta dise\u00f1ada para optimizar su gesti\u00f3n de activos digitales. Esta soluci\u00f3n innovadora es perfecta para empresas de todos los tama\u00f1os, lo que le permite importar f\u00e1cilmente sus archivos en formato CSV. \u00a1No m\u00e1s tediosas cargas manuales! El importador de descarga del monitor CSV le ahorra tiempo y garantiza la precisi\u00f3n, manejando grandes importaciones de lotes con facilidad. Su interfaz f\u00e1cil de usar y sus caracter\u00edsticas avanzadas lo hacen imprescindible para todas sus necesidades de administraci\u00f3n de descarga. \u00a1No dejes que el #Value! El mensaje de error lo ralentiza: abordarlo de frente con nuestro importador CSV confiable y eficiente. Disfrute de una mayor productividad, una mejor gesti\u00f3n de datos y m\u00e1s tiempo para concentrarse en lo que realmente importa: hacer crecer su negocio.<\/p>\n","protected":false},"featured_media":165810,"comment_status":"open","ping_status":"open","template":"","meta":[],"product_brand":[2424],"product_cat":[1212,1206,1211],"product_tag":[1275],"class_list":{"0":"post-117205","1":"product","2":"type-product","3":"status-publish","4":"has-post-thumbnail","6":"product_brand-download-monitor","7":"product_cat-administracion-wordpress-plugins","8":"product_cat-plugins","9":"product_cat-wordpress-plugins","10":"product_tag-download-monitor","11":"member-discount","12":"discount-restricted","14":"first","15":"instock","16":"sale","17":"downloadable","18":"virtual","19":"sold-individually","20":"purchasable","21":"product-type-simple"},"_links":{"self":[{"href":"https:\/\/gpl-love.com\/es\/wp-json\/wp\/v2\/product\/117205","targetHints":{"allow":["GET"]}}],"collection":[{"href":"https:\/\/gpl-love.com\/es\/wp-json\/wp\/v2\/product"}],"about":[{"href":"https:\/\/gpl-love.com\/es\/wp-json\/wp\/v2\/types\/product"}],"replies":[{"embeddable":true,"href":"https:\/\/gpl-love.com\/es\/wp-json\/wp\/v2\/comments?post=117205"}],"wp:featuredmedia":[{"embeddable":true,"href":"https:\/\/gpl-love.com\/es\/wp-json\/wp\/v2\/media\/165810"}],"wp:attachment":[{"href":"https:\/\/gpl-love.com\/es\/wp-json\/wp\/v2\/media?parent=117205"}],"wp:term":[{"taxonomy":"product_brand","embeddable":true,"href":"https:\/\/gpl-love.com\/es\/wp-json\/wp\/v2\/product_brand?post=117205"},{"taxonomy":"product_cat","embeddable":true,"href":"https:\/\/gpl-love.com\/es\/wp-json\/wp\/v2\/product_cat?post=117205"},{"taxonomy":"product_tag","embeddable":true,"href":"https:\/\/gpl-love.com\/es\/wp-json\/wp\/v2\/product_tag?post=117205"}],"curies":[{"name":"wp","href":"https:\/\/api.w.org\/{rel}","templated":true}]}}