{"id":117203,"date":"2026-01-28T00:00:00","date_gmt":"2026-01-28T05:00:00","guid":{"rendered":"https:\/\/gpl-love.com\/es\/producto\/download-monitor-captcha\/"},"modified":"2026-03-09T07:27:55","modified_gmt":"2026-03-09T12:27:55","slug":"download-monitor-captcha","status":"publish","type":"product","link":"https:\/\/gpl-love.com\/es\/producto\/download-monitor-captcha\/","title":{"rendered":"Download Monitor Captcha 5.0.3"},"content":{"rendered":"<h3>Download Monitor Captcha Caracteristicas<\/h3>\n<p>Descargar Monitor Captcha es un complemento de WordPress altamente efectivo y robusto que mejora la seguridad del sistema de descarga de su sitio web al proporcionar una capa adicional de protecci\u00f3n. Al incorporar este complemento en su sitio web, puede salvaguardar sin esfuerzo sus descargas desde cualquier acceso no autorizado. Esta ingeniosa soluci\u00f3n exige a los usuarios que resuelvan un captcha antes de obtener acceso a su valioso contenido. En consecuencia, esta caracter\u00edstica excepcional mitiga el considerable riesgo asociado con los spammers, los bots y varias entidades mal\u00e9volas que intentan obtener el acceso il\u00edcitamente a sus archivos. Instalar y configurar este complemento es un proceso sin problemas, y ofrece una amplia gama de opciones de personalizaci\u00f3n, lo que le brinda la oportunidad de crear su propio estilo Captcha \u00fanico. Con la implementaci\u00f3n de Descargar Monitor Captcha, tiene la capacidad de garantizar la m\u00e1xima seguridad y protecci\u00f3n para sus descargas, inculcando as\u00ed una sensaci\u00f3n de tranquilidad y tranquilidad entre sus usuarios. Adem\u00e1s, esta soluci\u00f3n integral mejora significativamente la seguridad general de su estimado sitio web.<\/p>\n<ul>\n<li>Protege productos digitales de descargas no autorizadas<\/li>\n<li>Reduce las actividades fraudulentas de los usuarios que intentan descargar el producto varias veces<\/li>\n<li>Bloquea bots y scripts automatizados para acceder a los enlaces de descarga<\/li>\n<li>F\u00e1cil proceso de instalaci\u00f3n y configuraci\u00f3n<\/li>\n<li>CaptCha Verificaci\u00f3n mantiene la experiencia del usuario suave y sin problemas<\/li>\n<li>Compatible con m\u00faltiples plataformas de descarga y pasarelas de pago<\/li>\n<li>Pistas y registros de la actividad del usuario para obtener mejores ideas y an\u00e1lisis<\/li>\n<li>Proporciona opciones personalizadas para tipos de captcha y niveles de dificultad<\/li>\n<li>Ofrece soporte y actualizaciones para mejoras continuas y correcciones de errores<\/li>\n<\/ul>\n","protected":false},"excerpt":{"rendered":"<p>Descargar Monitor Captcha es una herramienta muy \u00fatil y eficiente dise\u00f1ada para la protecci\u00f3n de contenido digital. Proporciona una capa adicional de seguridad, evitando efectivamente que los bots accedan a su contenido descargable. Este producto est\u00e1 equipado con tecnolog\u00eda avanzada Captcha que distingue a los usuarios humanos de los bots, asegurando que sus descargas sean seguras y seguras. No solo protege su contenido, sino que tambi\u00e9n garantiza una experiencia de usuario fluida al minimizar las interrupciones. El monitor de descarga Captcha es su soluci\u00f3n definitiva para la gesti\u00f3n de contenido digital seguro y sin problemas. No comprometa la seguridad de su contenido digital; Elija Descargar Monitor Captcha hoy.<\/p>\n","protected":false},"featured_media":165808,"comment_status":"open","ping_status":"open","template":"","meta":[],"product_brand":[2424],"product_cat":[1214,1206,1211],"product_tag":[1275],"class_list":{"0":"post-117203","1":"product","2":"type-product","3":"status-publish","4":"has-post-thumbnail","6":"product_brand-download-monitor","7":"product_cat-personalizacion","8":"product_cat-plugins","9":"product_cat-wordpress-plugins","10":"product_tag-download-monitor","11":"member-discount","12":"discount-restricted","14":"first","15":"instock","16":"sale","17":"downloadable","18":"virtual","19":"sold-individually","20":"purchasable","21":"product-type-simple"},"_links":{"self":[{"href":"https:\/\/gpl-love.com\/es\/wp-json\/wp\/v2\/product\/117203","targetHints":{"allow":["GET"]}}],"collection":[{"href":"https:\/\/gpl-love.com\/es\/wp-json\/wp\/v2\/product"}],"about":[{"href":"https:\/\/gpl-love.com\/es\/wp-json\/wp\/v2\/types\/product"}],"replies":[{"embeddable":true,"href":"https:\/\/gpl-love.com\/es\/wp-json\/wp\/v2\/comments?post=117203"}],"wp:featuredmedia":[{"embeddable":true,"href":"https:\/\/gpl-love.com\/es\/wp-json\/wp\/v2\/media\/165808"}],"wp:attachment":[{"href":"https:\/\/gpl-love.com\/es\/wp-json\/wp\/v2\/media?parent=117203"}],"wp:term":[{"taxonomy":"product_brand","embeddable":true,"href":"https:\/\/gpl-love.com\/es\/wp-json\/wp\/v2\/product_brand?post=117203"},{"taxonomy":"product_cat","embeddable":true,"href":"https:\/\/gpl-love.com\/es\/wp-json\/wp\/v2\/product_cat?post=117203"},{"taxonomy":"product_tag","embeddable":true,"href":"https:\/\/gpl-love.com\/es\/wp-json\/wp\/v2\/product_tag?post=117203"}],"curies":[{"name":"wp","href":"https:\/\/api.w.org\/{rel}","templated":true}]}}