{"id":117201,"date":"2025-08-09T00:00:00","date_gmt":"2025-08-09T05:00:00","guid":{"rendered":"https:\/\/gpl-love.com\/es\/producto\/download-monitor-buttons\/"},"modified":"2026-03-09T07:27:54","modified_gmt":"2026-03-09T12:27:54","slug":"download-monitor-buttons","status":"publish","type":"product","link":"https:\/\/gpl-love.com\/es\/producto\/download-monitor-buttons\/","title":{"rendered":"Download Monitor Buttons 4.2.2"},"content":{"rendered":"<h3>Download Monitor Buttons Caracteristicas<\/h3>\n<p>Descargar los botones de monitor es una herramienta incre\u00edblemente eficiente y altamente efectiva que ofrece una variedad de caracter\u00edsticas excepcionales, lo que le permite realizar un seguimiento de todas sus descargas sin esfuerzo y sin problemas. Su interfaz notablemente f\u00e1cil de usar le otorga la capacidad de administrar sin esfuerzo y eficientemente todas sus descargas, al tiempo que le brinda la capacidad invaluable de monitorear meticulosamente su progreso en tiempo real. Esta ingeniosa herramienta se acompa\u00f1a de un conjunto meticulosamente elaborado de botones convenientes, que puede utilizar f\u00e1cilmente para detener sin esfuerzo, reanudar o incluso cancelar sus descargas con el mero clic de un bot\u00f3n. Adem\u00e1s, tambi\u00e9n le otorga la notable capacidad de configurar y establecer notificaciones que le alertar\u00e1n de manera obediente y de inmediato el momento en que sus descargas se han completado con \u00e9xito. Con las notables capacidades ofrecidas por los botones de descarga de monitor, puede optimizar significativamente tanto su gesti\u00f3n del tiempo como su productividad general al optimizar y simplificar ingeniosamente su proceso de descarga.<\/p>\n<ul>\n<li>Monitoreo de descarga conveniente<\/li>\n<li>Dise\u00f1o f\u00e1cil de usar<\/li>\n<li>Opciones de bot\u00f3n personalizables<\/li>\n<li>Etiquetado claro para una organizaci\u00f3n eficiente<\/li>\n<li>Seguimiento de progreso en tiempo real<\/li>\n<li>Capacidades multifuncionales<\/li>\n<li>Compatibilidad con una variedad de plataformas y dispositivos<\/li>\n<li>Aumenta la productividad y la eficiencia del flujo de trabajo<\/li>\n<li>Gesti\u00f3n de descarga segura y confiable<\/li>\n<\/ul>\n","protected":false},"excerpt":{"rendered":"<p>Monitoree sus descargas con facilidad utilizando nuestro software de alto rendimiento, descargue los botones de monitor. Esta herramienta le ofrece una plataforma eficiente y f\u00e1cil de usar para administrar todas sus descargas. Viene con caracter\u00edsticas valiosas como descarga de alta velocidad, reanudaci\u00f3n autom\u00e1tica de descargas interrumpidas y un programador inteligente que puede iniciar descargas en sus tiempos preferidos.<\/p>\n<p>Con los botones de monitor de descarga, no tiene que preocuparse por perder sus descargas debido a las interrupciones de la red o los bloqueos del sistema. Nuestro software reanuda autom\u00e1ticamente las descargas donde lo dejaron, ahorr\u00e1ndole tiempo y evitando la duplicaci\u00f3n.<\/p>\n<p>Si es un multitarea, nuestro Smart Scheduler es una caracter\u00edstica perfecta para usted. Esta herramienta le permite programar descargas en momentos espec\u00edficos o incluso cuando su sistema est\u00e1 inactivo. Tambi\u00e9n puede configurarlo para desconectar o apagar su computadora despu\u00e9s de la descarga, por lo que es una excelente soluci\u00f3n de ahorro de energ\u00eda.<\/p>\n<p>Descargar los botones de monitor ofrece una descarga de alta velocidad, asegurando que obtenga sus archivos m\u00e1s r\u00e1pido. Nuestro software optimiza la velocidad de descarga en funci\u00f3n de su conexi\u00f3n a Internet, asegurando que utilice su ancho de banda al m\u00e1ximo<\/p>\n","protected":false},"featured_media":165807,"comment_status":"open","ping_status":"open","template":"","meta":[],"product_brand":[2424],"product_cat":[1214,1206,1211],"product_tag":[1275],"class_list":{"0":"post-117201","1":"product","2":"type-product","3":"status-publish","4":"has-post-thumbnail","6":"product_brand-download-monitor","7":"product_cat-personalizacion","8":"product_cat-plugins","9":"product_cat-wordpress-plugins","10":"product_tag-download-monitor","11":"member-discount","12":"discount-restricted","14":"first","15":"instock","16":"sale","17":"downloadable","18":"virtual","19":"sold-individually","20":"purchasable","21":"product-type-simple"},"_links":{"self":[{"href":"https:\/\/gpl-love.com\/es\/wp-json\/wp\/v2\/product\/117201","targetHints":{"allow":["GET"]}}],"collection":[{"href":"https:\/\/gpl-love.com\/es\/wp-json\/wp\/v2\/product"}],"about":[{"href":"https:\/\/gpl-love.com\/es\/wp-json\/wp\/v2\/types\/product"}],"replies":[{"embeddable":true,"href":"https:\/\/gpl-love.com\/es\/wp-json\/wp\/v2\/comments?post=117201"}],"wp:featuredmedia":[{"embeddable":true,"href":"https:\/\/gpl-love.com\/es\/wp-json\/wp\/v2\/media\/165807"}],"wp:attachment":[{"href":"https:\/\/gpl-love.com\/es\/wp-json\/wp\/v2\/media?parent=117201"}],"wp:term":[{"taxonomy":"product_brand","embeddable":true,"href":"https:\/\/gpl-love.com\/es\/wp-json\/wp\/v2\/product_brand?post=117201"},{"taxonomy":"product_cat","embeddable":true,"href":"https:\/\/gpl-love.com\/es\/wp-json\/wp\/v2\/product_cat?post=117201"},{"taxonomy":"product_tag","embeddable":true,"href":"https:\/\/gpl-love.com\/es\/wp-json\/wp\/v2\/product_tag?post=117201"}],"curies":[{"name":"wp","href":"https:\/\/api.w.org\/{rel}","templated":true}]}}