{"id":117199,"date":"2024-08-27T00:00:00","date_gmt":"2024-08-27T05:00:00","guid":{"rendered":"https:\/\/gpl-love.com\/es\/producto\/download-monitor-amazon-s3\/"},"modified":"2026-03-09T07:27:53","modified_gmt":"2026-03-09T12:27:53","slug":"download-monitor-amazon-s3","status":"publish","type":"product","link":"https:\/\/gpl-love.com\/es\/producto\/download-monitor-amazon-s3\/","title":{"rendered":"Download Monitor Amazon S3 4.1.1"},"content":{"rendered":"<h3>Download Monitor Amazon S3 Caracteristicas<\/h3>\n<p>Download Monitor Amazon S3 es una herramienta extremadamente robusta y eficiente que permite a los usuarios la capacidad de administrar y supervisar sin esfuerzo sus descargas de la reconocida plataforma Amazon S3. Al aprovechar la funcionalidad de esta herramienta, los usuarios tienen la capacidad de monitorear diligentemente las actividades de descarga, establecer limitaciones precisas en las cantidades de descarga e incluso imponer restricciones de acceso estrictas en archivos espec\u00edficos. El sistema en s\u00ed cuenta con una interfaz notablemente f\u00e1cil de usar, lo que representa el proceso de administrar y organizar descargas una brisa absoluta. Independientemente de si busca gobernar las descargas para su estimada empresa comercial o para la utilizaci\u00f3n personal, el monitor de descarga Amazon S3 asume indiscutiblemente el papel de un activo vital que indudablemente facilita la racionalizaci\u00f3n armoniosa de sus procesos operativos, culminando en una mejora sustancial de la productividad de la productividad. niveles.<\/p>\n<ul>\n<li>Monitorear sin esfuerzo descargas utilizando la tecnolog\u00eda Amazon S3<\/li>\n<li>Disfrute de un acceso conveniente y f\u00e1cil a sus descargas<\/li>\n<li>Guarde su contenido en una plataforma segura basada en la nube<\/li>\n<li>Rastree el n\u00famero de descargas y obtenga informes detallados<\/li>\n<li>Integrar sin problemas con cualquier sitio web de WordPress<\/li>\n<li>Mantenga su contenido seguro y seguro con tecnolog\u00edas avanzadas de cifrado<\/li>\n<li>Control y gesti\u00f3n mejorados a trav\u00e9s de sus descargas digitales<\/li>\n<li>Ahorre tiempo y esfuerzo automatizando el proceso de descarga<\/li>\n<li>Mejore su experiencia de usuario con una interfaz intuitiva<\/li>\n<li>Velocidades de descarga confiables y r\u00e1pidas gracias al poder de la tecnolog\u00eda Amazon S3<\/li>\n<\/ul>\n","protected":false},"excerpt":{"rendered":"<p>Experimente la m\u00e1xima facilidad de administraci\u00f3n de archivos con nuestro monitor de descarga Amazon S3. Esta poderosa herramienta integra sin esfuerzo su cubo de Amazon S3 con su monitor de descarga, lo que le permite almacenar y rastrear sus archivos de forma segura en Amazon S3. Ofreciendo una integraci\u00f3n perfecta, le permite cargar, descargar y administrar archivos directamente desde su cubo S3 sin problemas. El complemento Download Monitor proporciona una interfaz de usuario intuitiva, lo que facilita el acceso y navegaci\u00f3n de su cubo S3. Con esta herramienta, sus archivos no solo se almacenan de forma segura sino tambi\u00e9n distribuidas de manera r\u00e1pida y confiable a sus clientes en todo el mundo, gracias a la robusta infraestructura de Amazon S3. Descargar Monitor Amazon S3 es una herramienta imprescindible para aquellos que buscan administraci\u00f3n de archivos efectiva, segura y f\u00e1cil de usar.<\/p>\n","protected":false},"featured_media":165806,"comment_status":"open","ping_status":"open","template":"","meta":[],"product_brand":[2424],"product_cat":[1212,1206,1211],"product_tag":[1275],"class_list":{"0":"post-117199","1":"product","2":"type-product","3":"status-publish","4":"has-post-thumbnail","6":"product_brand-download-monitor","7":"product_cat-administracion-wordpress-plugins","8":"product_cat-plugins","9":"product_cat-wordpress-plugins","10":"product_tag-download-monitor","11":"member-discount","12":"discount-restricted","14":"first","15":"instock","16":"sale","17":"downloadable","18":"virtual","19":"sold-individually","20":"purchasable","21":"product-type-simple"},"_links":{"self":[{"href":"https:\/\/gpl-love.com\/es\/wp-json\/wp\/v2\/product\/117199","targetHints":{"allow":["GET"]}}],"collection":[{"href":"https:\/\/gpl-love.com\/es\/wp-json\/wp\/v2\/product"}],"about":[{"href":"https:\/\/gpl-love.com\/es\/wp-json\/wp\/v2\/types\/product"}],"replies":[{"embeddable":true,"href":"https:\/\/gpl-love.com\/es\/wp-json\/wp\/v2\/comments?post=117199"}],"wp:featuredmedia":[{"embeddable":true,"href":"https:\/\/gpl-love.com\/es\/wp-json\/wp\/v2\/media\/165806"}],"wp:attachment":[{"href":"https:\/\/gpl-love.com\/es\/wp-json\/wp\/v2\/media?parent=117199"}],"wp:term":[{"taxonomy":"product_brand","embeddable":true,"href":"https:\/\/gpl-love.com\/es\/wp-json\/wp\/v2\/product_brand?post=117199"},{"taxonomy":"product_cat","embeddable":true,"href":"https:\/\/gpl-love.com\/es\/wp-json\/wp\/v2\/product_cat?post=117199"},{"taxonomy":"product_tag","embeddable":true,"href":"https:\/\/gpl-love.com\/es\/wp-json\/wp\/v2\/product_tag?post=117199"}],"curies":[{"name":"wp","href":"https:\/\/api.w.org\/{rel}","templated":true}]}}