{"id":117195,"date":"2026-03-08T00:00:00","date_gmt":"2026-03-08T05:00:00","guid":{"rendered":"https:\/\/gpl-love.com\/es\/producto\/dokan-pro-wordpress-plugin\/"},"modified":"2026-04-06T17:15:21","modified_gmt":"2026-04-06T22:15:21","slug":"dokan-pro-wordpress-plugin","status":"publish","type":"product","link":"https:\/\/gpl-love.com\/es\/producto\/dokan-pro-wordpress-plugin\/","title":{"rendered":"Dokan Pro WordPress Plugin 4.3.3"},"content":{"rendered":"<h3>Dokan Pro WordPress Plugin Caracteristicas<\/h3>\n<p>Dokan Pro, un complemento de WordPress altamente formidable, permite a los usuarios crear y administrar sin esfuerzo su propio sitio de mercado en l\u00ednea. Este complemento otorga a sus usuarios la capacidad de metamorizar a la perfecci\u00f3n su sitio web actual de WordPress en una plataforma de mercado multi-vendedores en pleno funcionamiento, en la que diversos proveedores pueden vender su surtido de productos y servicios. El complemento ofrece una extensa variedad de atributos, que incluye una tienda personalizable, un tablero intuitivamente navegable, una administraci\u00f3n de productos f\u00e1ciles, as\u00ed como un seguimiento de pedidos sofisticado. Adem\u00e1s, Dokan Pro tambi\u00e9n otorga acceso a opciones de pasarela de pago m\u00faltiples, otorgadas con las herramientas para la gesti\u00f3n del env\u00edo y complementado con un sistema de informes integral adaptado espec\u00edficamente para los proveedores. En resumen, Dokan Pro se erige como un complemento excepcional, que atiende a las aspiraciones de las personas que desean crear su propio mercado en l\u00ednea, ya sean propietarios de una modesta empresa o empresarios que anhelan fervientemente ampliar su huella digital.<\/p>\n<ul>\n<li>Soluci\u00f3n de mercado de m\u00faltiples proveedores: el complemento Dokan Pro WordPress le permite crear una plataforma de mercado m\u00faltiple poderosa y personalizable en su sitio web con motor WordPress.<\/li>\n<li>Interfaz f\u00e1cil de usar: la interfaz de usuario intuitiva de Dokan Pro permite a los proveedores y clientes acceder y administrar sus cuentas con facilidad.<\/li>\n<li>Gesti\u00f3n avanzada de productos: los proveedores pueden crear y administrar sus productos, establecer precios y descuentos, administrar env\u00edo e inventario, y caracter\u00edsticas m\u00e1s avanzadas.<\/li>\n<li>Temporantes personalizables: los proveedores pueden personalizar sus escaparates con sus propias categor\u00edas de marca, im\u00e1genes y productos para construir una fuerte presencia de marca.<\/li>\n<li>Gesti\u00f3n de pedidos avanzados: Dokan Pro ofrece un sistema de gesti\u00f3n de pedidos eficiente que permite a los proveedores administrar y cumplir con los pedidos de los clientes de manera oportuna y eficiente.<\/li>\n<li>Integraci\u00f3n segura de la pasarela: el complemento admite m\u00faltiples pasarelas de pago, incluidos PayPal, Stripe y otros, para garantizar que las transacciones sean seguras, seguras y perfectas.<\/li>\n<li>Sistema de retiro f\u00e1cil: los proveedores pueden retirar f\u00e1cilmente sus ganancias a trav\u00e9s de un sistema de procesamiento de pagos seguro y gratuito.<\/li>\n<li>Escalable y personalizable: Dokan Pro es escalable y personalizable con una gama de complementos y opciones de personalizaci\u00f3n para satisfacer las necesidades \u00fanicas de su negocio.<\/li>\n<\/ul>\n","protected":false},"excerpt":{"rendered":"<p>Presentamos el complemento Dokan Pro WordPress, una herramienta intuitiva dise\u00f1ada para revolucionar su negocio de comercio electr\u00f3nico. Nuestro complemento ofrece una plataforma integral para administrar y personalizar su tienda en l\u00ednea con facilidad. Dokan Pro est\u00e1 dise\u00f1ado para ser f\u00e1cil de usar, lo que permite que incluso los principiantes construyan un sitio web de comercio electr\u00f3nico de grado profesional. Con Dokan Pro, puede crear y administrar sin esfuerzo sus listados de productos, manejar el env\u00edo y los pagos, e incluso dise\u00f1ar una tienda \u00fanica para que coincida con su marca.<\/p>\n<p>El complemento Dokan Pro WordPress tambi\u00e9n es ampliamente reconocido por su funci\u00f3n de mercado m\u00faltiple. Esta caracter\u00edstica fant\u00e1stica permite a m\u00faltiples proveedores alojar sus productos en su plataforma, transformando su tienda en l\u00ednea en un bullicioso mercado digital.<\/p>\n<p>Dokan Pro tambi\u00e9n proporciona a los proveedores paneles individuales, lo que les permite administrar sus productos y ventas de forma independiente. Con esta caracter\u00edstica, puede atraer a m\u00e1s proveedores a su plataforma, lo que lleva a un aumento en la variedad de productos y el tr\u00e1fico de clientes.<\/p>\n<p>El complemento Dokan Pro WordPress tambi\u00e9n garantiza una integraci\u00f3n perfecta con varias pasarelas de pago, proporcion\u00e1ndole tanto a usted como a su<\/p>\n","protected":false},"featured_media":165800,"comment_status":"open","ping_status":"open","template":"","meta":[],"product_brand":[2423],"product_cat":[1207,1248,1206],"product_tag":[1273],"class_list":{"0":"post-117195","1":"product","2":"type-product","3":"status-publish","4":"has-post-thumbnail","6":"product_brand-dokan","7":"product_cat-comercio-electronico-plugins","8":"product_cat-personalizacion-comercio-electronico-plugins","9":"product_cat-plugins","10":"product_tag-dokan","11":"member-discount","12":"discount-restricted","14":"first","15":"instock","16":"sale","17":"downloadable","18":"virtual","19":"sold-individually","20":"purchasable","21":"product-type-simple"},"_links":{"self":[{"href":"https:\/\/gpl-love.com\/es\/wp-json\/wp\/v2\/product\/117195","targetHints":{"allow":["GET"]}}],"collection":[{"href":"https:\/\/gpl-love.com\/es\/wp-json\/wp\/v2\/product"}],"about":[{"href":"https:\/\/gpl-love.com\/es\/wp-json\/wp\/v2\/types\/product"}],"replies":[{"embeddable":true,"href":"https:\/\/gpl-love.com\/es\/wp-json\/wp\/v2\/comments?post=117195"}],"wp:featuredmedia":[{"embeddable":true,"href":"https:\/\/gpl-love.com\/es\/wp-json\/wp\/v2\/media\/165800"}],"wp:attachment":[{"href":"https:\/\/gpl-love.com\/es\/wp-json\/wp\/v2\/media?parent=117195"}],"wp:term":[{"taxonomy":"product_brand","embeddable":true,"href":"https:\/\/gpl-love.com\/es\/wp-json\/wp\/v2\/product_brand?post=117195"},{"taxonomy":"product_cat","embeddable":true,"href":"https:\/\/gpl-love.com\/es\/wp-json\/wp\/v2\/product_cat?post=117195"},{"taxonomy":"product_tag","embeddable":true,"href":"https:\/\/gpl-love.com\/es\/wp-json\/wp\/v2\/product_tag?post=117195"}],"curies":[{"name":"wp","href":"https:\/\/api.w.org\/{rel}","templated":true}]}}