{"id":117193,"date":"2026-03-13T00:00:00","date_gmt":"2026-03-13T05:00:00","guid":{"rendered":"https:\/\/gpl-love.com\/es\/producto\/divi-the-most-popular-wordpress-theme\/"},"modified":"2026-03-13T17:19:18","modified_gmt":"2026-03-13T22:19:18","slug":"divi-the-most-popular-wordpress-theme","status":"publish","type":"product","link":"https:\/\/gpl-love.com\/es\/producto\/divi-the-most-popular-wordpress-theme\/","title":{"rendered":"Divi Theme 5.0.3"},"content":{"rendered":"<h3>Divi Theme Caracteristicas<\/h3>\n<p>El tema Divi es un tema de WordPress incre\u00edblemente robusto y flexible que proporciona a los usuarios una amplia gama de opciones de dise\u00f1o y caracter\u00edsticas de personalizaci\u00f3n que seguramente satisfar\u00e1n incluso a los creadores web m\u00e1s exigentes. Su constructor visual altamente intuitivo faculta a los usuarios para fabricar sitios web sin esfuerzo que exuden una est\u00e9tica profesional, todo sin necesidad de ning\u00fan conocimiento de la codificaci\u00f3n. Adem\u00e1s, este tema est\u00e1 dotado de una gran cantidad de plantillas y dise\u00f1os predise\u00f1ados, lo que hace que el inicio de un proyecto sea un esfuerzo sin esfuerzo. Adem\u00e1s, el tema Divi se ha optimizado meticulosamente tanto para la velocidad como para el SEO, asegurando as\u00ed que cualquier sitio web establecido en esta plataforma en particular exhiba un rendimiento excepcional y alcanzar\u00e1 clasificaciones notables dentro de los resultados de los motores de b\u00fasqueda. Ya sea que se identifique como un blogger prol\u00edfico, un propietario de una peque\u00f1a empresa o un desarrollador web adepto, el tema Divi indudablemente surge como la opci\u00f3n \u00f3ptima para materializar sitios web impresionantes y altamente funcionales.<\/p>\n<ul>\n<li>Tema de WordPress altamente personalizable con el creador de p\u00e1ginas de arrastrar y soltar<\/li>\n<li>Incluye plantillas y dise\u00f1os prefabricados para una f\u00e1cil construcci\u00f3n de sitios web<\/li>\n<li>Amplia gama de opciones de dise\u00f1o para personalizar tipograf\u00eda, colores, animaciones y m\u00e1s<\/li>\n<li>Se integra a la perfecci\u00f3n con los complementos populares de WordPress para una funcionalidad adicional<\/li>\n<li>Optimizado para la capacidad de respuesta en todos los dispositivos, asegurando una experiencia de usuario perfecta<\/li>\n<li>Funciones de optimizaci\u00f3n de pruebas y conversiones divididas incorporadas para mejorar el rendimiento del sitio web<\/li>\n<li>Documentaci\u00f3n de apoyo integral y foro comunitario dedicado para la resoluci\u00f3n de problemas y asistencia<\/li>\n<li>Actualizaciones regulares y mejoras de caracter\u00edsticas para mantener su sitio web actualizado con las \u00faltimas tendencias y tecnolog\u00eda de dise\u00f1o.<\/li>\n<\/ul>\n","protected":false},"excerpt":{"rendered":"<p>El tema Divi es un tema de WordPress incre\u00edblemente vers\u00e1til que le permite crear sitios web impresionantes de manera f\u00e1cil y eficiente. Este tema altamente personalizable est\u00e1 impulsado por Divi Builder, un editor intuitivo de front-end que le permite dise\u00f1ar su sitio en tiempo real, ofreciendo un control final sobre el dise\u00f1o de su sitio web. Con el tema Divi, puede construir cualquier cosa visualmente y guardar sus dise\u00f1os en la biblioteca para uso futuro. El tema viene con m\u00e1s de 40 elementos del sitio web, m\u00e1s de 800 dise\u00f1os prefabricados y m\u00e1s de 100 paquetes de sitios web completos. Tambi\u00e9n cuenta con una variedad de caracter\u00edsticas impresionantes, que incluyen edici\u00f3n receptiva, elementos y estilos globales, y un sistema integral de pruebas divididas. La flexibilidad y la funcionalidad del tema Divi lo convierten en una opci\u00f3n ideal tanto para principiantes como para profesionales experimentados.<\/p>\n","protected":false},"featured_media":165790,"comment_status":"open","ping_status":"open","template":"","meta":[],"product_brand":[2415],"product_cat":[1239,1237,1238],"product_tag":[1286],"class_list":{"0":"post-117193","1":"product","2":"type-product","3":"status-publish","4":"has-post-thumbnail","6":"product_brand-elegant-themes","7":"product_cat-de-multiples-fines","8":"product_cat-temas","9":"product_cat-wordpress-temas","10":"product_tag-elegant-themes","11":"member-discount","12":"discount-restricted","14":"first","15":"instock","16":"sale","17":"downloadable","18":"virtual","19":"sold-individually","20":"purchasable","21":"product-type-simple"},"_links":{"self":[{"href":"https:\/\/gpl-love.com\/es\/wp-json\/wp\/v2\/product\/117193","targetHints":{"allow":["GET"]}}],"collection":[{"href":"https:\/\/gpl-love.com\/es\/wp-json\/wp\/v2\/product"}],"about":[{"href":"https:\/\/gpl-love.com\/es\/wp-json\/wp\/v2\/types\/product"}],"replies":[{"embeddable":true,"href":"https:\/\/gpl-love.com\/es\/wp-json\/wp\/v2\/comments?post=117193"}],"wp:featuredmedia":[{"embeddable":true,"href":"https:\/\/gpl-love.com\/es\/wp-json\/wp\/v2\/media\/165790"}],"wp:attachment":[{"href":"https:\/\/gpl-love.com\/es\/wp-json\/wp\/v2\/media?parent=117193"}],"wp:term":[{"taxonomy":"product_brand","embeddable":true,"href":"https:\/\/gpl-love.com\/es\/wp-json\/wp\/v2\/product_brand?post=117193"},{"taxonomy":"product_cat","embeddable":true,"href":"https:\/\/gpl-love.com\/es\/wp-json\/wp\/v2\/product_cat?post=117193"},{"taxonomy":"product_tag","embeddable":true,"href":"https:\/\/gpl-love.com\/es\/wp-json\/wp\/v2\/product_tag?post=117193"}],"curies":[{"name":"wp","href":"https:\/\/api.w.org\/{rel}","templated":true}]}}