{"id":117191,"date":"2026-04-10T00:00:00","date_gmt":"2026-04-10T05:00:00","guid":{"rendered":"https:\/\/gpl-love.com\/es\/producto\/divi-supreme-pro\/"},"modified":"2026-04-10T11:15:29","modified_gmt":"2026-04-10T16:15:29","slug":"divi-supreme-pro","status":"publish","type":"product","link":"https:\/\/gpl-love.com\/es\/producto\/divi-supreme-pro\/","title":{"rendered":"Divi Supreme Pro 4.9.97.43"},"content":{"rendered":"<h3>Divi Supreme Pro Caracteristicas<\/h3>\n<p>Divi Supreme Pro emerge como un complemento incre\u00edblemente potente h\u00e1bilmente dise\u00f1ado para aumentar la funcionalidad y las capacidades de dise\u00f1o abarcadas dentro del tema Divi. A trav\u00e9s de la utilizaci\u00f3n de sus m\u00f3dulos altamente sofisticados y su extensa variedad de caracter\u00edsticas, los usuarios est\u00e1n facultados para crear sitios web impresionantes sin esfuerzo. Este complemento notable abarca un repertorio de m\u00e1s de 40 m\u00f3dulos personalizados, que incluyen, entre otros, Flipbox, Hotspot, Menu y Timeline, al tiempo que tambi\u00e9n cuenta con una variedad de atributos \u00fanicos como divisores de forma, efectos de animaci\u00f3n y preestablecidos globales. Adem\u00e1s, Divi Supreme Pro se adapta expertos a la demanda cada vez mayor de un dise\u00f1o web receptivo al integrarse perfectamente con el Builder Divi, facilitando as\u00ed la creaci\u00f3n r\u00e1pida y eficiente de sitios web visualmente cautivadores y adaptativos. Independientemente de si uno es un desarrollador profesional consumado o un principiante incipiente, Divi Supreme Pro emerge como una herramienta indispensable, destinada a impulsar su sitio web de Divi a alturas de excelencia incomparables.<\/p>\n<ul>\n<li>Opciones de m\u00f3dulo avanzado para el tema Divi<\/li>\n<li>M\u00e1s de 40+ m\u00f3dulos incluidos con Divi Supreme Pro<\/li>\n<li>Dise\u00f1os \u00fanicos y personalizados para su sitio web<\/li>\n<li>Interfaz intuitiva y f\u00e1cil de usar<\/li>\n<li>Instalaci\u00f3n y actualizaciones de un solo clic<\/li>\n<li>Equipo de soporte dedicado y documentaci\u00f3n disponible<\/li>\n<li>Compatible con Divi -0+ y WordPress -0+<\/li>\n<li>Control granular sobre elementos de dise\u00f1o<\/li>\n<li>Opciones personalizadas de CSS y JavaScript<\/li>\n<li>Caracter\u00edsticas y actualizaciones adicionales agregadas regularmente<\/li>\n<\/ul>\n","protected":false},"excerpt":{"rendered":"<p>Desata todo el potencial de su sitio web con Divi Supreme Pro. Este complemento premium de WordPress ofrece una multitud de caracter\u00edsticas de alta potencia dise\u00f1adas para elevar su sitio y atraer m\u00e1s visitantes. Con Divi Supreme Pro, obtiene acceso a una vasta biblioteca de m\u00f3dulos, extensiones y dise\u00f1os personalizables que racionalizan el proceso de dise\u00f1o de su sitio. Desde impresionantes efectos de desplazamiento hasta ventanas emergentes llamativas, Divi Supreme Pro le permite crear un sitio visualmente atractivo y f\u00e1cil de usar con facilidad y eficiencia. Disfrute de la comodidad adicional de la visibilidad del elemento programado y la capacidad de guardar y reutilizar sus dise\u00f1os en diferentes p\u00e1ginas. Ya sea que sea un desarrollador web profesional o un principiante, Divi Supreme Pro le proporciona las herramientas y la flexibilidad para crear un sitio web destacado que realmente represente su marca. Experimente la diferencia con Divi Supreme Pro.<\/p>\n","protected":false},"featured_media":165789,"comment_status":"open","ping_status":"open","template":"","meta":[],"product_brand":[2420],"product_cat":[1214,1206,1211],"product_tag":[2294],"class_list":{"0":"post-117191","1":"product","2":"type-product","3":"status-publish","4":"has-post-thumbnail","6":"product_brand-divi-supreme","7":"product_cat-personalizacion","8":"product_cat-plugins","9":"product_cat-wordpress-plugins","10":"product_tag-divi-supreme","11":"member-discount","12":"discount-restricted","14":"first","15":"instock","16":"sale","17":"downloadable","18":"virtual","19":"sold-individually","20":"purchasable","21":"product-type-simple"},"_links":{"self":[{"href":"https:\/\/gpl-love.com\/es\/wp-json\/wp\/v2\/product\/117191","targetHints":{"allow":["GET"]}}],"collection":[{"href":"https:\/\/gpl-love.com\/es\/wp-json\/wp\/v2\/product"}],"about":[{"href":"https:\/\/gpl-love.com\/es\/wp-json\/wp\/v2\/types\/product"}],"replies":[{"embeddable":true,"href":"https:\/\/gpl-love.com\/es\/wp-json\/wp\/v2\/comments?post=117191"}],"wp:featuredmedia":[{"embeddable":true,"href":"https:\/\/gpl-love.com\/es\/wp-json\/wp\/v2\/media\/165789"}],"wp:attachment":[{"href":"https:\/\/gpl-love.com\/es\/wp-json\/wp\/v2\/media?parent=117191"}],"wp:term":[{"taxonomy":"product_brand","embeddable":true,"href":"https:\/\/gpl-love.com\/es\/wp-json\/wp\/v2\/product_brand?post=117191"},{"taxonomy":"product_cat","embeddable":true,"href":"https:\/\/gpl-love.com\/es\/wp-json\/wp\/v2\/product_cat?post=117191"},{"taxonomy":"product_tag","embeddable":true,"href":"https:\/\/gpl-love.com\/es\/wp-json\/wp\/v2\/product_tag?post=117191"}],"curies":[{"name":"wp","href":"https:\/\/api.w.org\/{rel}","templated":true}]}}