{"id":117189,"date":"2026-04-16T00:00:00","date_gmt":"2026-04-16T05:00:00","guid":{"rendered":"https:\/\/gpl-love.com\/es\/producto\/divi-booster-plugin\/"},"modified":"2026-04-16T17:15:39","modified_gmt":"2026-04-16T22:15:39","slug":"divi-booster-plugin","status":"publish","type":"product","link":"https:\/\/gpl-love.com\/es\/producto\/divi-booster-plugin\/","title":{"rendered":"Divi Booster Plugin 5.2"},"content":{"rendered":"<h3>Divi Booster Plugin Caracteristicas<\/h3>\n<p>El complemento Divi Booster, que sirve como una herramienta potente, posee la capacidad de aumentar el tema Divi, un tema de WordPress muy buscado. Este complemento en particular ofrece m\u00e1s de cien opciones de personalizaci\u00f3n, otorgando as\u00ed a los usuarios la oportunidad de modificar la apariencia y la funcionalidad de su sitio web sin necesitar ninguna habilidad de codificaci\u00f3n. Al utilizar el complemento Divi Booster, las personas pueden incorporar sin esfuerzo m\u00f3dulos y caracter\u00edsticas novedosas en su sitio, ajustar el dise\u00f1o y el estilo de los m\u00f3dulos preexistentes, y optimizar su plataforma en l\u00ednea para un rendimiento \u00f3ptimo del motor de b\u00fasqueda. En particular, la interfaz f\u00e1cil de usar y los controles dise\u00f1ados intuitivamente aseguran que incluso las personas que carecen de experiencia t\u00e9cnica puedan implementar sin esfuerzo alteraciones sustanciales en su sitio web. En general, este complemento representa una selecci\u00f3n excepcional para aquellos que buscan elevar el calibre de su sitio Divi.<\/p>\n<ul>\n<li>Aumenta la funcionalidad de su tema divi<\/li>\n<li>Agrega m\u00e1s de 100 opciones de personalizaci\u00f3n a Divi<\/li>\n<li>Mejor rendimiento del sitio con una hinchaz\u00f3n de c\u00f3digo m\u00ednimo<\/li>\n<li>Interfaz f\u00e1cil de usar para principiantes y usuarios avanzados por igual<\/li>\n<li>Mejora el SEO con opciones incorporadas para el marcado de esquema y las migas de pan<\/li>\n<li>Aumenta la experiencia del usuario con opciones para encabezados pegajosos, superposiciones y ventanas emergentes<\/li>\n<li>Permite m\u00e1s control sobre la apariencia y la funcionalidad de los m\u00f3dulos y las filas<\/li>\n<li>Proporciona opciones para CSS personalizado y JavaScript<\/li>\n<li>Actualizaciones regulares y correcciones de errores de un equipo de desarrollador dedicado<\/li>\n<li>Compatible con la \u00faltima versi\u00f3n de Divi y WordPress<\/li>\n<\/ul>\n","protected":false},"excerpt":{"rendered":"<p>Desata todo el potencial de su sitio web con el complemento Divi Booster. Esta poderosa herramienta mejora la funcionalidad de Divi, uno de los temas de WordPress m\u00e1s populares, que le proporciona opciones de personalizaci\u00f3n ilimitadas. Con Divi Booster, puede personalizar f\u00e1cilmente el dise\u00f1o, los colores y las fuentes de su sitio. Tambi\u00e9n permite caracter\u00edsticas avanzadas como agregar CSS personalizado y JavaScript. Es un complemento imprescindible para aquellos que buscan ajustar su sitio Divi al m\u00e1s peque\u00f1o detalle, lo que lo hace m\u00e1s atractivo y f\u00e1cil de usar. El complemento Divi Booster no es solo una herramienta, sino una soluci\u00f3n para ayudarlo a crear un espacio digital \u00fanico y personalizado. Lleve la est\u00e9tica y el rendimiento de su sitio web al siguiente nivel con Divi Booster.<\/p>\n","protected":false},"featured_media":165780,"comment_status":"open","ping_status":"open","template":"","meta":[],"product_brand":[2414],"product_cat":[1214,1206,1211],"product_tag":[2292],"class_list":{"0":"post-117189","1":"product","2":"type-product","3":"status-publish","4":"has-post-thumbnail","6":"product_brand-divi-booster","7":"product_cat-personalizacion","8":"product_cat-plugins","9":"product_cat-wordpress-plugins","10":"product_tag-divi-booster","11":"member-discount","12":"discount-restricted","14":"first","15":"instock","16":"sale","17":"downloadable","18":"virtual","19":"sold-individually","20":"purchasable","21":"product-type-simple"},"_links":{"self":[{"href":"https:\/\/gpl-love.com\/es\/wp-json\/wp\/v2\/product\/117189","targetHints":{"allow":["GET"]}}],"collection":[{"href":"https:\/\/gpl-love.com\/es\/wp-json\/wp\/v2\/product"}],"about":[{"href":"https:\/\/gpl-love.com\/es\/wp-json\/wp\/v2\/types\/product"}],"replies":[{"embeddable":true,"href":"https:\/\/gpl-love.com\/es\/wp-json\/wp\/v2\/comments?post=117189"}],"wp:featuredmedia":[{"embeddable":true,"href":"https:\/\/gpl-love.com\/es\/wp-json\/wp\/v2\/media\/165780"}],"wp:attachment":[{"href":"https:\/\/gpl-love.com\/es\/wp-json\/wp\/v2\/media?parent=117189"}],"wp:term":[{"taxonomy":"product_brand","embeddable":true,"href":"https:\/\/gpl-love.com\/es\/wp-json\/wp\/v2\/product_brand?post=117189"},{"taxonomy":"product_cat","embeddable":true,"href":"https:\/\/gpl-love.com\/es\/wp-json\/wp\/v2\/product_cat?post=117189"},{"taxonomy":"product_tag","embeddable":true,"href":"https:\/\/gpl-love.com\/es\/wp-json\/wp\/v2\/product_tag?post=117189"}],"curies":[{"name":"wp","href":"https:\/\/api.w.org\/{rel}","templated":true}]}}