{"id":117187,"date":"2025-10-13T00:00:00","date_gmt":"2025-10-13T05:00:00","guid":{"rendered":"https:\/\/gpl-love.com\/es\/producto\/directory-pro\/"},"modified":"2026-03-09T07:27:14","modified_gmt":"2026-03-09T12:27:14","slug":"directory-pro","status":"publish","type":"product","link":"https:\/\/gpl-love.com\/es\/producto\/directory-pro\/","title":{"rendered":"Directory Pro 2.5.6"},"content":{"rendered":"<h3>Directory Pro Caracteristicas<\/h3>\n<p>Directory Pro es un complemento de WordPress incre\u00edblemente robusto y cargado de caracter\u00edsticas que presenta a los usuarios un sistema de gesti\u00f3n de directorio integral y adaptable. Al utilizar el directorio Pro, las personas pueden generar y personalizar sin esfuerzo cualquier tipo de directorio, desde listados de negocios y anuncios clasificados hasta tableros de trabajo y calendarios de eventos. Este complemento cuenta con una amplia gama de funcionalidades avanzadas, como formularios de env\u00edo de front-end, perfiles de usuario, opciones de inicio de sesi\u00f3n social, integraci\u00f3n perfecta con mapas de Google, capacidades de b\u00fasqueda y filtrado avanzadas, y mucho m\u00e1s. Con su interfaz intuitiva, opciones de personalizaci\u00f3n expansiva y documentaci\u00f3n exhaustiva, Directory Pro surge como la soluci\u00f3n ideal para cualquier persona que busque establecer un sitio web de directorio profesional y extremadamente eficiente. Independientemente de si usted es propietario de negocios, vendedor o desarrollador, tenga la seguridad de que este complemento abordar\u00e1 efectivamente a todos y cada uno de sus requisitos de gesti\u00f3n de directorio.<\/p>\n<ul>\n<li>La soluci\u00f3n perfecta para crear y administrar sitios web de directorio<\/li>\n<li>Le permite agregar, editar y clasificar f\u00e1cilmente los listados<\/li>\n<li>Se integra con m\u00faltiples pasarelas de pago para aceptar pagos por listados<\/li>\n<li>Las opciones de b\u00fasqueda y filtro configurables facilitan a los usuarios encontrar lo que est\u00e1n buscando<\/li>\n<li>Los mapas interactivos con marcadores de ubicaci\u00f3n mejoran la experiencia de navegaci\u00f3n<\/li>\n<li>Las opciones de dise\u00f1o flexibles le permiten personalizar el dise\u00f1o front-end para que coincida con su marca<\/li>\n<li>La configuraci\u00f3n avanzada le permite controlar las caracter\u00edsticas, permisos y roles de usuario del directorio<\/li>\n<li>Toneladas de complementos adicionales disponibles para mejorar la funcionalidad<\/li>\n<li>Compatible con WordPress, lo que hace que sea simple instalar y usar<\/li>\n<li>Atenci\u00f3n al cliente dedicada para ayudarlo a aprovechar al m\u00e1ximo su directorio.<\/li>\n<\/ul>\n","protected":false},"excerpt":{"rendered":"<p>Directory Pro es un complemento integral de WordPress f\u00e1cil de usar que est\u00e1 dise\u00f1ado para manejar todas sus necesidades de directorio. Es una soluci\u00f3n ideal para empresas e individuos que buscan crear un directorio en l\u00ednea profesional y funcional. Con su interfaz intuitiva, Directory Pro le permite crear, administrar y personalizar sin esfuerzo los listados de negocios. Es amigable con SEO, asegurando que su directorio sea f\u00e1cilmente descubierta por los motores de b\u00fasqueda. El complemento tambi\u00e9n admite la integraci\u00f3n de PayPal y Stripe, que ofrece opciones de pago seguras y flexibles. Otra caracter\u00edstica clave es su dise\u00f1o receptivo, que garantiza que su directorio se vea genial en todos los dispositivos. Con Directory Pro, construir un directorio en l\u00ednea es muy f\u00e1cil. No es solo un complemento; Es una herramienta poderosa que le brinda el control para crear un directorio que satisfaga sus necesidades espec\u00edficas.<\/p>\n","protected":false},"featured_media":165776,"comment_status":"open","ping_status":"open","template":"","meta":[],"product_brand":[2339],"product_cat":[1214,1206,1211],"product_tag":[1256],"class_list":{"0":"post-117187","1":"product","2":"type-product","3":"status-publish","4":"has-post-thumbnail","6":"product_brand-codecanyon","7":"product_cat-personalizacion","8":"product_cat-plugins","9":"product_cat-wordpress-plugins","10":"product_tag-codecanyon","11":"member-discount","12":"discount-restricted","14":"first","15":"instock","16":"sale","17":"downloadable","18":"virtual","19":"sold-individually","20":"purchasable","21":"product-type-simple"},"_links":{"self":[{"href":"https:\/\/gpl-love.com\/es\/wp-json\/wp\/v2\/product\/117187","targetHints":{"allow":["GET"]}}],"collection":[{"href":"https:\/\/gpl-love.com\/es\/wp-json\/wp\/v2\/product"}],"about":[{"href":"https:\/\/gpl-love.com\/es\/wp-json\/wp\/v2\/types\/product"}],"replies":[{"embeddable":true,"href":"https:\/\/gpl-love.com\/es\/wp-json\/wp\/v2\/comments?post=117187"}],"wp:featuredmedia":[{"embeddable":true,"href":"https:\/\/gpl-love.com\/es\/wp-json\/wp\/v2\/media\/165776"}],"wp:attachment":[{"href":"https:\/\/gpl-love.com\/es\/wp-json\/wp\/v2\/media?parent=117187"}],"wp:term":[{"taxonomy":"product_brand","embeddable":true,"href":"https:\/\/gpl-love.com\/es\/wp-json\/wp\/v2\/product_brand?post=117187"},{"taxonomy":"product_cat","embeddable":true,"href":"https:\/\/gpl-love.com\/es\/wp-json\/wp\/v2\/product_cat?post=117187"},{"taxonomy":"product_tag","embeddable":true,"href":"https:\/\/gpl-love.com\/es\/wp-json\/wp\/v2\/product_tag?post=117187"}],"curies":[{"name":"wp","href":"https:\/\/api.w.org\/{rel}","templated":true}]}}