{"id":117185,"date":"2026-04-16T00:00:00","date_gmt":"2026-04-16T05:00:00","guid":{"rendered":"https:\/\/gpl-love.com\/es\/producto\/directories-pro\/"},"modified":"2026-04-16T17:15:37","modified_gmt":"2026-04-16T22:15:37","slug":"directories-pro","status":"publish","type":"product","link":"https:\/\/gpl-love.com\/es\/producto\/directories-pro\/","title":{"rendered":"Directories Pro 2.0.6"},"content":{"rendered":"<h3>Directories Pro Caracteristicas<\/h3>\n<p>Directorios Pro es un complemento muy robusto y formidable que permite a los usuarios la capacidad de crear y administrar sitios web de directorio personalizados sin esfuerzo. Ya sea que el objetivo de uno sea construir un directorio que abarque las empresas locales o una base de datos integral de listados de trabajo, los directorios Pro ofrecen una gran cantidad de herramientas incre\u00edblemente flexibles y caracter\u00edsticas avanzadas que conducen al desarrollo perfecto de un sitio web sofisticado y de aspecto profesional. A trav\u00e9s de su provisi\u00f3n de plantillas personalizables, opciones integradas de b\u00fasqueda y filtrado, as\u00ed como soporte inagotable para m\u00faltiples categor\u00edas y perfiles de usuario, los directorios Pro surgen como la soluci\u00f3n definitiva para las personas que buscan construir un sitio de directorio que lo abarque. En consecuencia, si uno est\u00e1 en busca de una herramienta excepcionalmente potente y f\u00e1cil de usar para ayudar en el establecimiento de su propio sitio web de directorio, se recomienda que exploren y consideren a fondo las extensas capacidades de los directorios profesionales.<\/p>\n<ul>\n<li>Sistema integral de gesti\u00f3n de directorio para propietarios de sitios web<\/li>\n<li>Crear y administrar cualquier tipo de directorio en su sitio web<\/li>\n<li>Admite directorios de varios niveles con categor\u00edas y subcategor\u00edas ilimitadas<\/li>\n<li>Incluye plantillas personalizables para listados de directorio, p\u00e1ginas de b\u00fasqueda y m\u00e1s<\/li>\n<li>Admite m\u00faltiples opciones de visualizaci\u00f3n, incluida la vista de lista, la vista de la cuadr\u00edcula y la vista de mapa<\/li>\n<li>El dise\u00f1o totalmente respondido asegura una visualizaci\u00f3n \u00f3ptima en cualquier dispositivo<\/li>\n<li>Las opciones avanzadas de filtrado y clasificaci\u00f3n facilitan a los usuarios encontrar lo que est\u00e1n buscando<\/li>\n<li>Incluye calificaciones incorporadas y un sistema de revisiones para listados de directorio<\/li>\n<li>Se integra con una variedad de pasarelas de pago populares para los pagos de la lista de directores<\/li>\n<li>Proporciona funciones de optimizaci\u00f3n de motores de b\u00fasqueda s\u00f3lidos (SEO) para ayudar a conducir el tr\u00e1fico a su directorio<\/li>\n<li>Ofrece notificaciones e informes en tiempo real para mantenerlo informado sobre la actividad del directorio<\/li>\n<\/ul>\n","protected":false},"excerpt":{"rendered":"<p>Directorios Pro es un complemento din\u00e1mico y rico en caracter\u00edsticas que le permite construir y administrar sus propios directorios comerciales locales, listados de proveedores y m\u00e1s. Con su filtrado de ubicaci\u00f3n avanzada, los directorios Pro permiten a sus usuarios encontrar f\u00e1cilmente los listados que est\u00e1n buscando. Tambi\u00e9n incluye una interfaz eficiente y f\u00e1cil de usar con una funci\u00f3n de b\u00fasqueda robusta, lo que le permite encontrar listados de manera r\u00e1pida y f\u00e1cil. El complemento est\u00e1 equipado con un sistema de calificaci\u00f3n y revisi\u00f3n incorporado que ayuda a sus usuarios a compartir sus experiencias y opiniones, mejorando el compromiso general en su sitio. Directorios Pro admite una variedad de pasarelas de pago, lo que le permite monetizar su directorio con facilidad. Sus potentes caracter\u00edsticas de SEO ayudan a sus listados a clasificarse m\u00e1s alto en los motores de b\u00fasqueda, aumentando as\u00ed su visibilidad en l\u00ednea. Con los directorios Pro, tambi\u00e9n puede personalizar su directorio para que coincida con la est\u00e9tica de su marca con sus opciones de dise\u00f1o flexibles. \u00a1Actualice su experiencia de directorio en l\u00ednea con Directorios Pro!<\/p>\n","protected":false},"featured_media":165775,"comment_status":"open","ping_status":"open","template":"","meta":[],"product_brand":[2339],"product_cat":[1214,1206,1211],"product_tag":[1256],"class_list":{"0":"post-117185","1":"product","2":"type-product","3":"status-publish","4":"has-post-thumbnail","6":"product_brand-codecanyon","7":"product_cat-personalizacion","8":"product_cat-plugins","9":"product_cat-wordpress-plugins","10":"product_tag-codecanyon","11":"member-discount","12":"discount-restricted","14":"first","15":"instock","16":"sale","17":"downloadable","18":"virtual","19":"sold-individually","20":"purchasable","21":"product-type-simple"},"_links":{"self":[{"href":"https:\/\/gpl-love.com\/es\/wp-json\/wp\/v2\/product\/117185","targetHints":{"allow":["GET"]}}],"collection":[{"href":"https:\/\/gpl-love.com\/es\/wp-json\/wp\/v2\/product"}],"about":[{"href":"https:\/\/gpl-love.com\/es\/wp-json\/wp\/v2\/types\/product"}],"replies":[{"embeddable":true,"href":"https:\/\/gpl-love.com\/es\/wp-json\/wp\/v2\/comments?post=117185"}],"wp:featuredmedia":[{"embeddable":true,"href":"https:\/\/gpl-love.com\/es\/wp-json\/wp\/v2\/media\/165775"}],"wp:attachment":[{"href":"https:\/\/gpl-love.com\/es\/wp-json\/wp\/v2\/media?parent=117185"}],"wp:term":[{"taxonomy":"product_brand","embeddable":true,"href":"https:\/\/gpl-love.com\/es\/wp-json\/wp\/v2\/product_brand?post=117185"},{"taxonomy":"product_cat","embeddable":true,"href":"https:\/\/gpl-love.com\/es\/wp-json\/wp\/v2\/product_cat?post=117185"},{"taxonomy":"product_tag","embeddable":true,"href":"https:\/\/gpl-love.com\/es\/wp-json\/wp\/v2\/product_tag?post=117185"}],"curies":[{"name":"wp","href":"https:\/\/api.w.org\/{rel}","templated":true}]}}