{"id":117181,"date":"2026-04-24T00:00:00","date_gmt":"2026-04-24T05:00:00","guid":{"rendered":"https:\/\/gpl-love.com\/es\/producto\/custom-facebook-feed-pro-by-smash-balloon\/"},"modified":"2026-04-23T23:15:27","modified_gmt":"2026-04-24T04:15:27","slug":"custom-facebook-feed-pro-by-smash-balloon","status":"publish","type":"product","link":"https:\/\/gpl-love.com\/es\/producto\/custom-facebook-feed-pro-by-smash-balloon\/","title":{"rendered":"Custom Facebook Feeds Pro 4.7.7"},"content":{"rendered":"<h3>Custom Facebook Feeds Pro Caracteristicas<\/h3>\n<p>El complemento personalizado de Facebook Feed Pro desarrollado por Smash Balloon es una herramienta incre\u00edblemente robusta que permite a los usuarios exhibir un feed de Facebook totalmente personalizable directamente en su sitio web. Al aprovechar este notable complemento, las personas pueden mostrar sin esfuerzo su diverso contenido de Facebook, que comprende publicaciones, fotos, videos y eventos, en cualquier sitio de WordPress. El proceso de instalaci\u00f3n es notablemente f\u00e1cil de usar, y la extensa gama de caracter\u00edsticas proporcionadas permite a los usuarios ejercer un control completo sobre la apariencia visual y el ambiente de su feed. Se puede seleccionar entre una variedad de opciones de dise\u00f1o, esquemas de color y estilos de fuentes, adem\u00e1s de personalizar el tama\u00f1o del alimento en s\u00ed para armonizar sin problemas con el dise\u00f1o existente de su sitio web. Adem\u00e1s, el complemento personalizado de Facebook Feed Pro facilita la inclusi\u00f3n de m\u00faltiples alimentos, lo que es posible exhibir alimentos originados de p\u00e1ginas o grupos de Facebook distintas. En resumen, este complemento se destaca como una elecci\u00f3n excepcional para las personas que aspiran a amalgamar su contenido de Facebook sin problemas en su sitio web, fomentando as\u00ed el compromiso activo con su audiencia en ambas plataformas.<\/p>\n<ul>\n<li>Muestra alimentos para Facebook personalizables directamente en su sitio web<\/li>\n<li>Permite que se muestren m\u00faltiples alimentos en una p\u00e1gina<\/li>\n<li>Admite todos los tipos de publicaciones de Facebook, incluidas fotos, videos y eventos.<\/li>\n<li>Dise\u00f1o totalmente receptivo para una visualizaci\u00f3n \u00f3ptima en cualquier dispositivo<\/li>\n<li>Opciones de dise\u00f1o personalizables para que coincidan con la marca de su sitio web<\/li>\n<li>Capacidad para limitar el n\u00famero de publicaciones que se muestran y establecer una edad m\u00e1xima para publicaciones<\/li>\n<li>C\u00f3digo corto f\u00e1cil de usar para una f\u00e1cil inserci\u00f3n en cualquier p\u00e1gina o publicaci\u00f3n<\/li>\n<li>Opci\u00f3n para incluir botones como Facebook y compartir en cada publicaci\u00f3n<\/li>\n<li>Post de cach\u00e9 personalizado para mejorar los tiempos de carga del sitio web<\/li>\n<li>La versi\u00f3n premium incluye a\u00fan m\u00e1s opciones de personalizaci\u00f3n y soporte prioritario.<\/li>\n<\/ul>\n","protected":false},"excerpt":{"rendered":"<p>Descubra el poder de las redes sociales con Facebook Feeds Pro personalizados. Esta innovadora herramienta le permite integrar perfectamente su contenido de Facebook directamente en su sitio web. Con caracter\u00edsticas como feeds ilimitados, m\u00faltiples opciones de dise\u00f1o y CSS personalizable, puede adaptar sus feeds de Facebook para que coincida perfectamente con la est\u00e9tica de su marca. Haga que su sitio web sea m\u00e1s atractivo e interactivo con nuestras opciones de filtro, permiti\u00e9ndole mostrar publicaciones por tipo o hashtag. Facebook Feeds Pro personalizado tambi\u00e9n admite reacciones de Facebook, lo que le brinda una comprensi\u00f3n m\u00e1s profunda de la respuesta de su audiencia. El complemento responde a dispositivos m\u00f3viles, asegurando que sus feeds de Facebook se vean muy bien en todos los dispositivos. No se pierda los beneficios del aumento de la participaci\u00f3n del usuario y el SEO del sitio web. Tome el control de su presencia en l\u00ednea con Facebook Feeds Pro personalizado.<\/p>\n","protected":false},"featured_media":165739,"comment_status":"open","ping_status":"open","template":"","meta":[],"product_brand":[2404],"product_cat":[1232,1206,1211],"product_tag":[1374],"class_list":{"0":"post-117181","1":"product","2":"type-product","3":"status-publish","4":"has-post-thumbnail","6":"product_brand-smashballoon","7":"product_cat-marketing-wordpress-plugins","8":"product_cat-plugins","9":"product_cat-wordpress-plugins","10":"product_tag-smashballoon","11":"member-discount","12":"discount-restricted","14":"first","15":"instock","16":"sale","17":"downloadable","18":"virtual","19":"sold-individually","20":"purchasable","21":"product-type-simple"},"_links":{"self":[{"href":"https:\/\/gpl-love.com\/es\/wp-json\/wp\/v2\/product\/117181","targetHints":{"allow":["GET"]}}],"collection":[{"href":"https:\/\/gpl-love.com\/es\/wp-json\/wp\/v2\/product"}],"about":[{"href":"https:\/\/gpl-love.com\/es\/wp-json\/wp\/v2\/types\/product"}],"replies":[{"embeddable":true,"href":"https:\/\/gpl-love.com\/es\/wp-json\/wp\/v2\/comments?post=117181"}],"wp:featuredmedia":[{"embeddable":true,"href":"https:\/\/gpl-love.com\/es\/wp-json\/wp\/v2\/media\/165739"}],"wp:attachment":[{"href":"https:\/\/gpl-love.com\/es\/wp-json\/wp\/v2\/media?parent=117181"}],"wp:term":[{"taxonomy":"product_brand","embeddable":true,"href":"https:\/\/gpl-love.com\/es\/wp-json\/wp\/v2\/product_brand?post=117181"},{"taxonomy":"product_cat","embeddable":true,"href":"https:\/\/gpl-love.com\/es\/wp-json\/wp\/v2\/product_cat?post=117181"},{"taxonomy":"product_tag","embeddable":true,"href":"https:\/\/gpl-love.com\/es\/wp-json\/wp\/v2\/product_tag?post=117181"}],"curies":[{"name":"wp","href":"https:\/\/api.w.org\/{rel}","templated":true}]}}