{"id":117179,"date":"2023-01-13T00:00:00","date_gmt":"2023-01-13T05:00:00","guid":{"rendered":"https:\/\/gpl-love.com\/es\/producto\/briefcase-elementor-widgets\/"},"modified":"2026-03-09T07:22:17","modified_gmt":"2026-03-09T12:22:17","slug":"briefcase-elementor-widgets","status":"publish","type":"product","link":"https:\/\/gpl-love.com\/es\/producto\/briefcase-elementor-widgets\/","title":{"rendered":"Briefcase Elementor Widgets 2.1.5"},"content":{"rendered":"<h3>Briefcase Elementor Widgets Caracteristicas<\/h3>\n<p>Widgets de brez -elementor es un complemento incre\u00edblemente vers\u00e1til que ofrece una amplia gama de funcionalidades, lo que le permite mejorar sin esfuerzo su sitio web. Al utilizar este complemento, tiene la capacidad de elaborar widgets visualmente llamativos que sin duda elevar\u00e1n la experiencia del usuario de su sitio web. Las opciones personalizables ofrecidas por este complemento son realmente ilimitadas, ya que puede integrar sin problemas una gran cantidad de widgets, incluidos, entre otros, acordeones, testimonios, tablas de precios e innumerables otros, brind\u00e1ndole la oportunidad de dise\u00f1ar un sitio web que se adapte de manera \u00fanica. a tus preferencias. Sorprendentemente, esta herramienta le permite construir sitios web de grado profesional sin experiencia t\u00e9cnica. Su interfaz f\u00e1cil de usar lo gu\u00eda sin esfuerzo a trav\u00e9s del proceso de creaci\u00f3n de widgets, lo que lo convierte en una brisa absoluta. Adem\u00e1s, los widgets generados son completamente receptivos, lo que garantiza su apariencia \u00f3ptima en una amplia gama de dispositivos. En esencia, el malet\u00edn Elementor Widgets es un activo indispensable para desarrolladores web, dise\u00f1adores y cualquier persona con aspiraciones de dise\u00f1ar un sitio web impresionante.<\/p>\n<ul>\n<li>Un conjunto de widgets dise\u00f1ados espec\u00edficamente para usar con el complemento de constructor de p\u00e1ginas de Elementa<\/li>\n<li>Incluye una gama de widgets para mejorar la funcionalidad de su sitio web, incluidos acordeones, barras de progreso, cajas de flip y m\u00e1s<\/li>\n<li>Los widgets son altamente personalizables, con una variedad de opciones para colores, fuentes, tama\u00f1os y otras caracter\u00edsticas de dise\u00f1o<\/li>\n<li>Dise\u00f1ado para la facilidad de uso, con controles intuitivos y una interfaz f\u00e1cil de usar<\/li>\n<li>Optimizado para el rendimiento, con c\u00f3digo liviano y dise\u00f1o eficiente para p\u00e1ginas de carga r\u00e1pida<\/li>\n<li>Compatible con una amplia gama de temas y estilos del sitio web, asegurando una integraci\u00f3n perfecta con el dise\u00f1o de su sitio web existente<\/li>\n<li>Constantemente actualizado y mejorado, con lanzamientos regulares de nuevos widgets y caracter\u00edsticas para mantenerse al d\u00eda con las tendencias y tecnolog\u00edas de dise\u00f1o web cambiantes<\/li>\n<li>Respaldado por el apoyo y la documentaci\u00f3n de expertos para ayudarlo a aprovechar al m\u00e1ximo su inversi\u00f3n en estas poderosas herramientas de construcci\u00f3n de sitios web.<\/li>\n<\/ul>\n","protected":false},"excerpt":{"rendered":"<p>Presentaci\u00f3n de nuestros widgets de elemento de malet\u00edn: una herramienta poderosa dise\u00f1ada para elevar el proceso de dise\u00f1o de su sitio web. Estos widgets ofrecen una interfaz perfecta con Elementor, uno de los constructores de sitios web m\u00e1s populares a nivel mundial. Nuestros widgets de elemento de malet\u00edn ofrecen una gama de caracter\u00edsticas que le permiten dise\u00f1ar y personalizar su sitio web con facilidad.<\/p>\n<p>Estos widgets est\u00e1n dise\u00f1ados espec\u00edficamente para proporcionarle opciones din\u00e1micas e interactivas para mejorar el contenido de su sitio web. Ya sea que est\u00e9 dise\u00f1ando un blog, una tienda de comercio electr\u00f3nico o una cartera profesional, nuestros widgets pueden ayudarlo a crear un sitio web \u00fanico y personalizado.<\/p>\n<p>Los widgets de elemento de malet\u00edn son f\u00e1ciles de usar, proporcion\u00e1ndole una experiencia f\u00e1cil de usar que hace que el dise\u00f1o del sitio web sea muy f\u00e1cil. Son altamente flexibles y personalizables, lo que le permite ajustar la apariencia de su sitio web para adaptarse a su identidad de marca.<\/p>\n<p>Adem\u00e1s, los widgets de elemento de malet\u00edn son compatibles con todos los navegadores modernos y responden, asegurando que su sitio web se vea genial en todos los dispositivos y tama\u00f1os de pantalla.<\/p>\n<p>Con los widgets de elemento de malet\u00edn<\/p>\n","protected":false},"featured_media":165558,"comment_status":"open","ping_status":"open","template":"","meta":[],"product_brand":[2385],"product_cat":[1207,1248,1206],"product_tag":[1250],"class_list":{"0":"post-117179","1":"product","2":"type-product","3":"status-publish","4":"has-post-thumbnail","6":"product_brand-briefcase","7":"product_cat-comercio-electronico-plugins","8":"product_cat-personalizacion-comercio-electronico-plugins","9":"product_cat-plugins","10":"product_tag-briefcase","11":"member-discount","12":"discount-restricted","14":"first","15":"instock","16":"sale","17":"downloadable","18":"virtual","19":"sold-individually","20":"purchasable","21":"product-type-simple"},"_links":{"self":[{"href":"https:\/\/gpl-love.com\/es\/wp-json\/wp\/v2\/product\/117179","targetHints":{"allow":["GET"]}}],"collection":[{"href":"https:\/\/gpl-love.com\/es\/wp-json\/wp\/v2\/product"}],"about":[{"href":"https:\/\/gpl-love.com\/es\/wp-json\/wp\/v2\/types\/product"}],"replies":[{"embeddable":true,"href":"https:\/\/gpl-love.com\/es\/wp-json\/wp\/v2\/comments?post=117179"}],"wp:featuredmedia":[{"embeddable":true,"href":"https:\/\/gpl-love.com\/es\/wp-json\/wp\/v2\/media\/165558"}],"wp:attachment":[{"href":"https:\/\/gpl-love.com\/es\/wp-json\/wp\/v2\/media?parent=117179"}],"wp:term":[{"taxonomy":"product_brand","embeddable":true,"href":"https:\/\/gpl-love.com\/es\/wp-json\/wp\/v2\/product_brand?post=117179"},{"taxonomy":"product_cat","embeddable":true,"href":"https:\/\/gpl-love.com\/es\/wp-json\/wp\/v2\/product_cat?post=117179"},{"taxonomy":"product_tag","embeddable":true,"href":"https:\/\/gpl-love.com\/es\/wp-json\/wp\/v2\/product_tag?post=117179"}],"curies":[{"name":"wp","href":"https:\/\/api.w.org\/{rel}","templated":true}]}}