{"id":117177,"date":"2026-03-13T00:00:00","date_gmt":"2026-03-13T05:00:00","guid":{"rendered":"https:\/\/gpl-love.com\/es\/producto\/blocksy-companion-pro-wordpress-theme\/"},"modified":"2026-03-28T17:15:16","modified_gmt":"2026-03-28T22:15:16","slug":"blocksy-companion-pro-wordpress-theme","status":"publish","type":"product","link":"https:\/\/gpl-love.com\/es\/producto\/blocksy-companion-pro-wordpress-theme\/","title":{"rendered":"Blocksy Companion Pro Wordpress Theme 2.1.37"},"content":{"rendered":"<h3>Blocksy Companion Pro Wordpress Theme Caracteristicas<\/h3>\n<p>El tema BLOCKSY COMPANION Pro WordPress es una herramienta incre\u00edblemente robusta que ofrece una extensa gama de caracter\u00edsticas y funcionalidades, lo que permite a los usuarios elaborar sitios web que no solo son cautivadores sino tambi\u00e9n interactivos. Por medio de su interfaz altamente intuitiva, los usuarios pueden adaptar sin esfuerzo el dise\u00f1o, el dise\u00f1o y la funcionalidad de su sitio web para manifestar una personalidad en l\u00ednea que es un verdadero reflejo de la identidad de su marca. Este tema excepcional cuenta con una optimizaci\u00f3n \u00f3ptima del dispositivo m\u00f3vil, asegurando que su sitio web mantenga su apariencia y funcionalidad excepcionales en cualquier dispositivo en el que se accede, y cuenta con compatibilidad con un amplio espectro de complementos populares. Adem\u00e1s, este ingenioso tema ofrece una mir\u00edada de bloques y plantillas preestablecidos, facilitando la creaci\u00f3n de dise\u00f1os de grado profesional sin necesitar ninguna experiencia de codificaci\u00f3n. Con las capacidades extraordinarias del incomparable tema de WordPress de WordPress de BLOCKSY COMPANTION, los usuarios tienen la oportunidad incomparable de ascender su sitio web a alturas incomparables y fabricar una presencia en l\u00ednea verdaderamente distintiva que seguramente cautivar\u00e1 al p\u00fablico de todas partes.<\/p>\n<ul>\n<li>Un tema de WordPress altamente personalizable y f\u00e1cil de usar<\/li>\n<li>Dise\u00f1ado para trabajar sin problemas con el tema de WordPress blocksy<\/li>\n<li>Ofrece opciones de dise\u00f1o avanzadas y caracter\u00edsticas para crear impresionantes sitios web<\/li>\n<li>Incluye m\u00faltiples dise\u00f1os de encabezado y pie de p\u00e1gina para elegir<\/li>\n<li>Proporciona acceso a docenas de plantillas y secciones prefabricadas<\/li>\n<li>Permite un control completo sobre la tipograf\u00eda, los colores y el espacio.<\/li>\n<li>Optimizado para tiempos de carga r\u00e1pidos y rendimiento<\/li>\n<li>Interfaz intuitiva y f\u00e1cil de usar para una f\u00e1cil construcci\u00f3n de sitios web<\/li>\n<li>Actualizado regularmente con nuevas funciones y mejoras<\/li>\n<li>Viene con atenci\u00f3n al cliente y documentaci\u00f3n confiable<\/li>\n<\/ul>\n","protected":false},"excerpt":{"rendered":"<p>Desata todo el potencial de su sitio de WordPress con Blocksy Companion Pro. Este tema premium de WordPress est\u00e1 lleno de caracter\u00edsticas de \u00faltima generaci\u00f3n dise\u00f1adas para mejorar la funcionalidad y la est\u00e9tica de su sitio web. Con Blocksy Companion Pro, puede personalizar su sitio al contenido de su coraz\u00f3n, d\u00e1ndole un aspecto \u00fanico que representa perfectamente su marca. Su interfaz f\u00e1cil de usar y su soporte de primer nivel hacen que sea f\u00e1cil de usar, incluso para aquellos con poca o ninguna experiencia en dise\u00f1o web. Agregue sus velocidades de carga r\u00e1pidas, estructura amigable con SEO y dise\u00f1o de respuesta m\u00f3vil, y tendr\u00e1 una soluci\u00f3n ganadora para cualquier tipo de sitio web. Con Blocksy Companion Pro, crear un sitio web profesional e impresionante nunca ha sido m\u00e1s f\u00e1cil.<\/p>\n","protected":false},"featured_media":165489,"comment_status":"open","ping_status":"open","template":"","meta":[],"product_brand":[2377],"product_cat":[1267,1237,1238],"product_tag":[1269],"class_list":{"0":"post-117177","1":"product","2":"type-product","3":"status-publish","4":"has-post-thumbnail","6":"product_brand-creative-themes","7":"product_cat-creativo","8":"product_cat-temas","9":"product_cat-wordpress-temas","10":"product_tag-creative-themes","11":"member-discount","12":"discount-restricted","14":"first","15":"instock","16":"sale","17":"downloadable","18":"virtual","19":"sold-individually","20":"purchasable","21":"product-type-simple"},"_links":{"self":[{"href":"https:\/\/gpl-love.com\/es\/wp-json\/wp\/v2\/product\/117177","targetHints":{"allow":["GET"]}}],"collection":[{"href":"https:\/\/gpl-love.com\/es\/wp-json\/wp\/v2\/product"}],"about":[{"href":"https:\/\/gpl-love.com\/es\/wp-json\/wp\/v2\/types\/product"}],"replies":[{"embeddable":true,"href":"https:\/\/gpl-love.com\/es\/wp-json\/wp\/v2\/comments?post=117177"}],"wp:featuredmedia":[{"embeddable":true,"href":"https:\/\/gpl-love.com\/es\/wp-json\/wp\/v2\/media\/165489"}],"wp:attachment":[{"href":"https:\/\/gpl-love.com\/es\/wp-json\/wp\/v2\/media?parent=117177"}],"wp:term":[{"taxonomy":"product_brand","embeddable":true,"href":"https:\/\/gpl-love.com\/es\/wp-json\/wp\/v2\/product_brand?post=117177"},{"taxonomy":"product_cat","embeddable":true,"href":"https:\/\/gpl-love.com\/es\/wp-json\/wp\/v2\/product_cat?post=117177"},{"taxonomy":"product_tag","embeddable":true,"href":"https:\/\/gpl-love.com\/es\/wp-json\/wp\/v2\/product_tag?post=117177"}],"curies":[{"name":"wp","href":"https:\/\/api.w.org\/{rel}","templated":true}]}}