{"id":117176,"date":"2026-03-02T00:00:00","date_gmt":"2026-03-02T05:00:00","guid":{"rendered":"https:\/\/gpl-love.com\/es\/producto\/analytify-pro\/"},"modified":"2026-03-09T07:17:59","modified_gmt":"2026-03-09T12:17:59","slug":"analytify-pro","status":"publish","type":"product","link":"https:\/\/gpl-love.com\/es\/producto\/analytify-pro\/","title":{"rendered":"Analytify Pro 8.1.1"},"content":{"rendered":"<h3>Analytify Pro Caracteristicas<\/h3>\n<p>Analtify Pro, una herramienta incre\u00edblemente robusta, ofrece a los usuarios la oportunidad de adquirir informaci\u00f3n invaluable en sus datos de Google Analytics. A trav\u00e9s de su interfaz intuitiva, Analytify Pro otorga a los usuarios una perspectiva integral sobre el rendimiento de su sitio web, lo que finalmente les permite tomar decisiones bien informadas relacionadas con su estrategia en l\u00ednea. Esta herramienta excepcional proporciona a los usuarios con informes meticulosamente detallados que abarcan m\u00e9tricas fundamentales, como visitantes del sitio, visiones de p\u00e1gina, tasas de rebote y tasas de conversi\u00f3n. Adem\u00e1s, Analytify Pro va m\u00e1s all\u00e1 al abarcar caracter\u00edsticas avanzadas, como informes personalizados y an\u00e1lisis en tiempo real. Ya sea que sea propietario de una peque\u00f1a empresa o un vendedor digital, est\u00e1 inequ\u00edvocamente claro que Analytify Pro es un instrumento indispensable para lograr un rendimiento \u00f3ptimo del sitio web y alcanzar con \u00e9xito sus objetivos en l\u00ednea.<\/p>\n<ul>\n<li>Analytify Pro es una poderosa herramienta de an\u00e1lisis de datos que ayuda a los propietarios de sitios web a obtener informaci\u00f3n perspicaz sobre su sitio web y sus visitantes.<\/li>\n<li>Esta herramienta proporciona datos en tiempo real sobre el tr\u00e1fico del sitio web, el comportamiento del cliente y la participaci\u00f3n del usuario.<\/li>\n<li>Analtify Pro es f\u00e1cil de instalar e integra perfectamente con plataformas populares como WordPress y WooCommerce.<\/li>\n<li>Con su interfaz intuitiva, los usuarios pueden comprender y analizar f\u00e1cilmente sus datos sin necesidad de experiencia t\u00e9cnica.<\/li>\n<li>El software ofrece informes y paneles personalizables y detallados para ayudar a los usuarios a rastrear el rendimiento de su sitio web y tomar decisiones basadas en datos.<\/li>\n<li>Los usuarios pueden monitorear sus canales de redes sociales, campa\u00f1as de correo electr\u00f3nico y anuncios en l\u00ednea en un lugar utilizando Analtify Pro.<\/li>\n<li>El software ofrece permisos de usuario y control de acceso para proteger la informaci\u00f3n y los datos confidenciales.<\/li>\n<li>Analtify Pro ofrece una excelente atenci\u00f3n al cliente, con un equipo de expertos disponibles durante todo el d\u00eda para ayudar con cualquier consulta o problema.<\/li>\n<li>Con Analytify Pro, los usuarios pueden ahorrar tiempo y recursos valiosos mediante la automatizaci\u00f3n y optimizaci\u00f3n de su proceso de an\u00e1lisis de datos.<\/li>\n<li>La herramienta proporciona una excelente relaci\u00f3n calidad -precio, con planes de precios flexibles para adaptarse a las empresas de todos los tama\u00f1os y presupuestos.<\/li>\n<\/ul>\n","protected":false},"excerpt":{"rendered":"<p>Actualice las capacidades de su sitio web con Analytify Pro. Este software premium proporciona un panel de control de Google Analytics en profundidad en su WordPress, ahorr\u00e1ndole tiempo y esfuerzo. Simplifica los an\u00e1lisis de su sitio web, lo que hace que sea f\u00e1cil comprender el rendimiento de su sitio. Con Analytify Pro, puede rastrear conversiones de comercio electr\u00f3nico, estad\u00edsticas de campa\u00f1a, estad\u00edsticas en tiempo real y mucho m\u00e1s de una ubicaci\u00f3n conveniente. Esta herramienta f\u00e1cilmente personalizable es perfecta para las empresas que buscan obtener informaci\u00f3n valiosa sobre el tr\u00e1fico y el comportamiento de su sitio web. \u00a1Obtenga Analtify Pro y empodere su proceso de toma de decisiones con los datos!<\/p>\n","protected":false},"featured_media":165368,"comment_status":"open","ping_status":"open","template":"","meta":[],"product_brand":[2361],"product_cat":[1232,1206,1211],"product_tag":[1234],"class_list":{"0":"post-117176","1":"product","2":"type-product","3":"status-publish","4":"has-post-thumbnail","6":"product_brand-analytify","7":"product_cat-marketing-wordpress-plugins","8":"product_cat-plugins","9":"product_cat-wordpress-plugins","10":"product_tag-analytify","11":"member-discount","12":"discount-restricted","14":"first","15":"instock","16":"sale","17":"downloadable","18":"virtual","19":"sold-individually","20":"purchasable","21":"product-type-simple"},"_links":{"self":[{"href":"https:\/\/gpl-love.com\/es\/wp-json\/wp\/v2\/product\/117176","targetHints":{"allow":["GET"]}}],"collection":[{"href":"https:\/\/gpl-love.com\/es\/wp-json\/wp\/v2\/product"}],"about":[{"href":"https:\/\/gpl-love.com\/es\/wp-json\/wp\/v2\/types\/product"}],"replies":[{"embeddable":true,"href":"https:\/\/gpl-love.com\/es\/wp-json\/wp\/v2\/comments?post=117176"}],"wp:featuredmedia":[{"embeddable":true,"href":"https:\/\/gpl-love.com\/es\/wp-json\/wp\/v2\/media\/165368"}],"wp:attachment":[{"href":"https:\/\/gpl-love.com\/es\/wp-json\/wp\/v2\/media?parent=117176"}],"wp:term":[{"taxonomy":"product_brand","embeddable":true,"href":"https:\/\/gpl-love.com\/es\/wp-json\/wp\/v2\/product_brand?post=117176"},{"taxonomy":"product_cat","embeddable":true,"href":"https:\/\/gpl-love.com\/es\/wp-json\/wp\/v2\/product_cat?post=117176"},{"taxonomy":"product_tag","embeddable":true,"href":"https:\/\/gpl-love.com\/es\/wp-json\/wp\/v2\/product_tag?post=117176"}],"curies":[{"name":"wp","href":"https:\/\/api.w.org\/{rel}","templated":true}]}}