{"id":117175,"date":"2023-07-05T00:00:00","date_gmt":"2023-07-05T05:00:00","guid":{"rendered":"https:\/\/gpl-love.com\/es\/producto\/amp-woocommerce-pro\/"},"modified":"2026-03-09T07:17:55","modified_gmt":"2026-03-09T12:17:55","slug":"amp-woocommerce-pro","status":"publish","type":"product","link":"https:\/\/gpl-love.com\/es\/producto\/amp-woocommerce-pro\/","title":{"rendered":"AMP WooCommerce Pro 3.4"},"content":{"rendered":"<h3>AMP WooCommerce Pro Caracteristicas<\/h3>\n<p>AMP WooCommerce Pro, un poderoso complemento dise\u00f1ado para optimizar su sitio web de WooCommerce, ya est\u00e1 disponible. Su objetivo es mejorar los tiempos de carga de su sitio en dispositivos m\u00f3viles, asegurando el rendimiento del rayo. Este impresionante complemento aprovecha el poder de la tecnolog\u00eda de p\u00e1ginas m\u00f3viles aceleradas (AMP), que garantiza un sitio web altamente receptivo que ofrece una experiencia de usuario excepcional. Al incorporar AMP WooCommerce Pro en su sitio, puede esperar una mejora significativa en el rendimiento, lo que lleva a un aumento de las ventas y conversiones. Este complemento no solo ofrece beneficios de rendimiento incre\u00edbles, sino que tambi\u00e9n proporciona una amplia gama de opciones de personalizaci\u00f3n. Esto le permite adaptar el dise\u00f1o de su sitio web para alinearse perfectamente con el estilo \u00fanico de su marca. La interfaz f\u00e1cil de usar y las caracter\u00edsticas robustas de AMP WooCommerce Pro lo convierten en la soluci\u00f3n perfecta para cualquier sitio de WooCommerce que busque mejorar la experiencia del usuario m\u00f3vil e impulsar el crecimiento general de las ventas.<\/p>\n<ul>\n<li>Un complemento potente y rico en funciones dise\u00f1ado para mejorar la funcionalidad de su tienda WooCommerce<\/li>\n<li>Permite la integraci\u00f3n de AMP (p\u00e1ginas m\u00f3viles aceleradas) para mejorar los tiempos de carga de su p\u00e1gina m\u00f3vil<\/li>\n<li>Mejora el SEO de su tienda (optimizaci\u00f3n de motores de b\u00fasqueda) creando versiones de AMP de sus p\u00e1ginas de productos<\/li>\n<li>Proporciona un dise\u00f1o de AMP personalizable para mejorar la experiencia del usuario para los compradores m\u00f3viles<\/li>\n<li>Incluye an\u00e1lisis incorporado para rastrear el rendimiento y el uso de la p\u00e1gina del amplificador<\/li>\n<li>Compatible con una variedad de temas y extensiones de WooCommerce<\/li>\n<li>Actualizaciones y soporte regulares del equipo de desarrollo de AMP WooCommerce Pro<\/li>\n<li>Aumenta las tasas de conversi\u00f3n de su tienda proporcionando una experiencia de compra m\u00f3vil m\u00e1s r\u00e1pida y f\u00e1cil de usar<\/li>\n<\/ul>\n","protected":false},"excerpt":{"rendered":"<p>AMP WooCommerce Pro es el mejor complemento para su sitio de comercio electr\u00f3nico. Esta poderosa herramienta est\u00e1 dise\u00f1ada para optimizar sus procesos comerciales en l\u00ednea, optimizar su sitio para dispositivos m\u00f3viles y aumentar sus ventas. Cuenta con una interfaz intuitiva para una f\u00e1cil navegaci\u00f3n, tiempos de carga r\u00e1pida para una experiencia de usuario mejorada e integraci\u00f3n perfecta con varias pasarelas de pago para transacciones seguras. Con AMP WooCommerce Pro, puede administrar f\u00e1cilmente su inventario de productos, personalizar el dise\u00f1o de su tienda y rastrear su rendimiento de ventas. Adem\u00e1s, viene con herramientas de SEO avanzadas para mejorar la visibilidad de su sitio en los motores de b\u00fasqueda. Disfrute de los beneficios del aumento de la retenci\u00f3n de clientes y las mayores tasas de conversi\u00f3n con AMP WooCommerce Pro. Es la soluci\u00f3n perfecta para empresarios en l\u00ednea que buscan elevar su negocio de comercio electr\u00f3nico a nuevas alturas.<\/p>\n","protected":false},"featured_media":165365,"comment_status":"open","ping_status":"open","template":"","meta":[],"product_brand":[2351],"product_cat":[1206,1579,1211],"product_tag":[2229],"class_list":{"0":"post-117175","1":"product","2":"type-product","3":"status-publish","4":"has-post-thumbnail","6":"product_brand-amp-wp","7":"product_cat-plugins","8":"product_cat-rendimiento","9":"product_cat-wordpress-plugins","10":"product_tag-amp-wp","11":"member-discount","12":"discount-restricted","14":"first","15":"instock","16":"sale","17":"downloadable","18":"virtual","19":"sold-individually","20":"purchasable","21":"product-type-simple"},"_links":{"self":[{"href":"https:\/\/gpl-love.com\/es\/wp-json\/wp\/v2\/product\/117175","targetHints":{"allow":["GET"]}}],"collection":[{"href":"https:\/\/gpl-love.com\/es\/wp-json\/wp\/v2\/product"}],"about":[{"href":"https:\/\/gpl-love.com\/es\/wp-json\/wp\/v2\/types\/product"}],"replies":[{"embeddable":true,"href":"https:\/\/gpl-love.com\/es\/wp-json\/wp\/v2\/comments?post=117175"}],"wp:featuredmedia":[{"embeddable":true,"href":"https:\/\/gpl-love.com\/es\/wp-json\/wp\/v2\/media\/165365"}],"wp:attachment":[{"href":"https:\/\/gpl-love.com\/es\/wp-json\/wp\/v2\/media?parent=117175"}],"wp:term":[{"taxonomy":"product_brand","embeddable":true,"href":"https:\/\/gpl-love.com\/es\/wp-json\/wp\/v2\/product_brand?post=117175"},{"taxonomy":"product_cat","embeddable":true,"href":"https:\/\/gpl-love.com\/es\/wp-json\/wp\/v2\/product_cat?post=117175"},{"taxonomy":"product_tag","embeddable":true,"href":"https:\/\/gpl-love.com\/es\/wp-json\/wp\/v2\/product_tag?post=117175"}],"curies":[{"name":"wp","href":"https:\/\/api.w.org\/{rel}","templated":true}]}}