{"id":117174,"date":"2023-09-25T00:00:00","date_gmt":"2023-09-25T05:00:00","guid":{"rendered":"https:\/\/gpl-love.com\/es\/producto\/amp-pagebuilder-compatibility\/"},"modified":"2026-03-09T07:17:53","modified_gmt":"2026-03-09T12:17:53","slug":"amp-pagebuilder-compatibility","status":"publish","type":"product","link":"https:\/\/gpl-love.com\/es\/producto\/amp-pagebuilder-compatibility\/","title":{"rendered":"AMP Pagebuilder Compatibility 1.9.86"},"content":{"rendered":"<h3>AMP Pagebuilder Compatibility Caracteristicas<\/h3>\n<p>La funci\u00f3n de compatibilidad de PageBuilder de AMP, que es una herramienta esencial para empresas e individuos que buscan mejorar su presencia en l\u00ednea y atraer un aumento en el tr\u00e1fico del sitio web, permite a los usuarios dise\u00f1ar y modificar sin esfuerzo p\u00e1ginas web utilizando una amplia gama de herramientas y plantillas de arrastrar y soltar espec\u00edficamente. atendi\u00f3 al marco de p\u00e1ginas m\u00f3viles aceleradas (AMP) de Google. Al aprovechar esta funci\u00f3n, los propietarios de sitios web y los creadores de contenido pueden asegurarse de que sus p\u00e1ginas web no solo est\u00e9n optimizadas para dispositivos m\u00f3viles, sino que tambi\u00e9n exhiben una velocidad de carga excepcional y un rendimiento sin problemas.<\/p>\n<ul>\n<li>Habilita la creaci\u00f3n de p\u00e1ginas de amplificador impresionantes y ultra r\u00e1pidas compatibles con AMP PageBuilder<\/li>\n<li>Ofrece una interfaz intuitiva y f\u00e1cil de usar de arrastre para la construcci\u00f3n de p\u00e1ginas sin esfuerzo<\/li>\n<li>Viene con plantillas de AMP predise\u00f1adas para opciones de estructura de p\u00e1gina vers\u00e1tiles<\/li>\n<li>Admite la integraci\u00f3n con complementos populares de WordPress para una funcionalidad y personalizaci\u00f3n adicionales<\/li>\n<li>Optimiza la velocidad y el rendimiento de la carga de la p\u00e1gina para una mejor experiencia del usuario y clasificaciones de motores de b\u00fasqueda<\/li>\n<li>Proporciona amplias opciones de personalizaci\u00f3n para la consistencia de marca y dise\u00f1o en todo el sitio web<\/li>\n<li>Ofrece pr\u00e1cticas de codificaci\u00f3n eficientes y seguras para una construcci\u00f3n de p\u00e1ginas confiable y escalable<\/li>\n<li>Agiliza el proceso de desarrollo para la gesti\u00f3n de sitios web eficiente y rentable<\/li>\n<li>Proporciona atenci\u00f3n al cliente y recursos excepcionales para la implementaci\u00f3n y mantenimiento sin problemas.<\/li>\n<\/ul>\n","protected":false},"excerpt":{"rendered":"<p>Este producto es compatible con el AMP PageBuilder, ofreciendo a los usuarios una experiencia perfecta en el desarrollo y la administraci\u00f3n de sus p\u00e1ginas web. \u00a1El valor! La funci\u00f3n es un atributo destacado, que mejora la funcionalidad y la eficiencia de su proceso de dise\u00f1o web. Con esta compatibilidad, los usuarios pueden disfrutar de un enfoque simplificado para la creaci\u00f3n de la p\u00e1gina web, optimizando su trabajo para una perspectiva m\u00f3vil primero. Est\u00e1 dise\u00f1ado para ayudar a los usuarios a aprovechar el poder de la tecnolog\u00eda AMP, creando p\u00e1ginas web que se cargan r\u00e1pidamente y funcionan perfectamente en diferentes plataformas. Experimente los beneficios de la compatibilidad de AMP PageBuilder y elevar su proceso de desarrollo web.<\/p>\n","protected":false},"featured_media":165363,"comment_status":"open","ping_status":"open","template":"","meta":[],"product_brand":[2351],"product_cat":[1206,1579,1211],"product_tag":[2229],"class_list":{"0":"post-117174","1":"product","2":"type-product","3":"status-publish","4":"has-post-thumbnail","6":"product_brand-amp-wp","7":"product_cat-plugins","8":"product_cat-rendimiento","9":"product_cat-wordpress-plugins","10":"product_tag-amp-wp","11":"member-discount","12":"discount-restricted","14":"first","15":"instock","16":"sale","17":"downloadable","18":"virtual","19":"sold-individually","20":"purchasable","21":"product-type-simple"},"_links":{"self":[{"href":"https:\/\/gpl-love.com\/es\/wp-json\/wp\/v2\/product\/117174","targetHints":{"allow":["GET"]}}],"collection":[{"href":"https:\/\/gpl-love.com\/es\/wp-json\/wp\/v2\/product"}],"about":[{"href":"https:\/\/gpl-love.com\/es\/wp-json\/wp\/v2\/types\/product"}],"replies":[{"embeddable":true,"href":"https:\/\/gpl-love.com\/es\/wp-json\/wp\/v2\/comments?post=117174"}],"wp:featuredmedia":[{"embeddable":true,"href":"https:\/\/gpl-love.com\/es\/wp-json\/wp\/v2\/media\/165363"}],"wp:attachment":[{"href":"https:\/\/gpl-love.com\/es\/wp-json\/wp\/v2\/media?parent=117174"}],"wp:term":[{"taxonomy":"product_brand","embeddable":true,"href":"https:\/\/gpl-love.com\/es\/wp-json\/wp\/v2\/product_brand?post=117174"},{"taxonomy":"product_cat","embeddable":true,"href":"https:\/\/gpl-love.com\/es\/wp-json\/wp\/v2\/product_cat?post=117174"},{"taxonomy":"product_tag","embeddable":true,"href":"https:\/\/gpl-love.com\/es\/wp-json\/wp\/v2\/product_tag?post=117174"}],"curies":[{"name":"wp","href":"https:\/\/api.w.org\/{rel}","templated":true}]}}