{"id":117171,"date":"2021-02-09T00:00:00","date_gmt":"2021-02-09T05:00:00","guid":{"rendered":"https:\/\/gpl-love.com\/es\/producto\/agentpress-pro-genesis-wordpress-theme\/"},"modified":"2026-03-13T17:15:28","modified_gmt":"2026-03-13T22:15:28","slug":"agentpress-pro-genesis-wordpress-theme","status":"publish","type":"product","link":"https:\/\/gpl-love.com\/es\/producto\/agentpress-pro-genesis-wordpress-theme\/","title":{"rendered":"AgentPress Pro Genesis WordPress Theme 3.1.3"},"content":{"rendered":"<h3>AgentPress Pro Genesis WordPress Theme Caracteristicas<\/h3>\n<p>El tema AgentPress Pro Genesis WordPress sirve como un conjunto de herramientas incre\u00edblemente robusto espec\u00edficamente adaptado para agentes inmobiliarios y corredores de bolsa, que ofrece una multitud de caracter\u00edsticas potentes. Al emplear su dise\u00f1o elegante y moderno, este tema facilita la creaci\u00f3n de un sitio web altamente profesional que resalta efectivamente sus propiedades y servicios. Adem\u00e1s, su dise\u00f1o totalmente receptivo garantiza que su sitio web mantendr\u00e1 su apariencia excepcional en todos los dispositivos, desde computadoras de escritorio tradicionales hasta tel\u00e9fonos inteligentes de vanguardia. Adem\u00e1s, el tema de AgentPress Pro cuenta con una extensa gama de widgets personalizables y opciones de p\u00e1gina de inicio, lo que le brinda un control integral sobre la est\u00e9tica y la funcionalidad de su sitio. Ya sea que su objetivo sea cultivar clientes potenciales, exhibir sus listados o fomentar el crecimiento de su marca, el tema AgentPress Pro Genesis WordPress representa la soluci\u00f3n ideal para cualquier profesional inmobiliario que busque lograr la excelencia.<\/p>\n<ul>\n<li>Dise\u00f1o moderno y profesional perfecto para agentes y corredores inmobiliarios<\/li>\n<li>Construido en el poderoso marco de Genesis para un rendimiento mejorado y la optimizaci\u00f3n de SEO<\/li>\n<li>El dise\u00f1o de respuesta m\u00f3vil asegura que su sitio se vea muy bien en cualquier dispositivo<\/li>\n<li>P\u00e1gina de inicio personalizable y \u00e1reas de widgets para mostrar sus propiedades destacadas, testimonios y m\u00e1s<\/li>\n<li>La funcionalidad de b\u00fasqueda IDX integrada permite a los visitantes buscar en sus listados de MLS desde su sitio<\/li>\n<li>M\u00faltiples esquemas de color y opciones de tipograf\u00eda disponibles para que coincidan con su marca<\/li>\n<li>Opciones de tema extensas y opciones de dise\u00f1o flexibles para una apariencia verdaderamente personalizada<\/li>\n<li>Incluye el complemento extendido Genesis Enews para una f\u00e1cil integraci\u00f3n del bolet\u00edn de correo electr\u00f3nico<\/li>\n<li>Acceso a recursos de soporte \u00fatiles a trav\u00e9s del foro y tutoriales de StudioPress Community.<\/li>\n<\/ul>\n","protected":false},"excerpt":{"rendered":"<p>Experimente el dise\u00f1o din\u00e1mico y profesional del tema de WordPress de WordPress de G\u00e9nesis de AgentPress para WordPress. Este tema es perfecto para agentes inmobiliarios, corredores y agencias que buscan mostrar sus propiedades y servicios de manera elegante y moderna. Con su dise\u00f1o receptivo, su sitio web se mostrar\u00e1 maravillosamente en todos los dispositivos, proporcionando una experiencia de navegaci\u00f3n perfecta para sus visitantes. El tema AgentPress Pro se basa en el robusto marco de Genesis, asegurando un sitio seguro y amigable con SEO que ocupa un lugar destacado en los motores de b\u00fasqueda. Ofrece opciones de dise\u00f1o de encabezado personalizable y dise\u00f1o completo, lo que le brinda la flexibilidad de crear un sitio web \u00fanico y personalizado. Su funci\u00f3n de listado de propiedades le permite administrar y mostrar f\u00e1cilmente listados de propiedades con im\u00e1genes, descripciones y detalles de propiedades. El tema tambi\u00e9n se integra con los servicios IDX, lo que permite a sus clientes buscar propiedades directamente desde su sitio. Con el tema de AgentPress Pro Genesis WordPress, obtienes un sitio web profesional de primer nivel que te ayuda a destacar en el mercado inmobiliario competitivo.<\/p>\n","protected":false},"featured_media":165334,"comment_status":"open","ping_status":"open","template":"","meta":[],"product_brand":[2358],"product_cat":[1381,1237,1238],"product_tag":[1383],"class_list":{"0":"post-117171","1":"product","2":"type-product","3":"status-publish","4":"has-post-thumbnail","6":"product_brand-studiopress","7":"product_cat-bienes-raices","8":"product_cat-temas","9":"product_cat-wordpress-temas","10":"product_tag-studiopress","11":"member-discount","12":"discount-restricted","14":"first","15":"instock","16":"sale","17":"downloadable","18":"virtual","19":"sold-individually","20":"purchasable","21":"product-type-simple"},"_links":{"self":[{"href":"https:\/\/gpl-love.com\/es\/wp-json\/wp\/v2\/product\/117171","targetHints":{"allow":["GET"]}}],"collection":[{"href":"https:\/\/gpl-love.com\/es\/wp-json\/wp\/v2\/product"}],"about":[{"href":"https:\/\/gpl-love.com\/es\/wp-json\/wp\/v2\/types\/product"}],"replies":[{"embeddable":true,"href":"https:\/\/gpl-love.com\/es\/wp-json\/wp\/v2\/comments?post=117171"}],"wp:featuredmedia":[{"embeddable":true,"href":"https:\/\/gpl-love.com\/es\/wp-json\/wp\/v2\/media\/165334"}],"wp:attachment":[{"href":"https:\/\/gpl-love.com\/es\/wp-json\/wp\/v2\/media?parent=117171"}],"wp:term":[{"taxonomy":"product_brand","embeddable":true,"href":"https:\/\/gpl-love.com\/es\/wp-json\/wp\/v2\/product_brand?post=117171"},{"taxonomy":"product_cat","embeddable":true,"href":"https:\/\/gpl-love.com\/es\/wp-json\/wp\/v2\/product_cat?post=117171"},{"taxonomy":"product_tag","embeddable":true,"href":"https:\/\/gpl-love.com\/es\/wp-json\/wp\/v2\/product_tag?post=117171"}],"curies":[{"name":"wp","href":"https:\/\/api.w.org\/{rel}","templated":true}]}}