{"id":117145,"date":"2025-12-04T00:00:00","date_gmt":"2025-12-04T05:00:00","guid":{"rendered":"https:\/\/gpl-love.com\/es\/?post_type=product&#038;p=117145"},"modified":"2026-03-09T07:35:42","modified_gmt":"2026-03-09T12:35:42","slug":"fooevents-custom-attendee-fields","status":"publish","type":"product","link":"https:\/\/gpl-love.com\/es\/producto\/fooevents-custom-attendee-fields\/","title":{"rendered":"FooEvents Custom Attendee Fields 1.8.4"},"content":{"rendered":"<h3>FooEvents Custom Attendee Fields Caracteristicas<\/h3>\n<p>Fields de asistentes personalizados de Fooevents es una herramienta incre\u00edblemente robusta y potente que ha sido dise\u00f1ada espec\u00edficamente para ayudar a los gerentes de eventos en la creaci\u00f3n de campos personalizados y personalizados para sus asistentes. Este notable software sin esfuerzo faculta a los planificadores de eventos para recopilar informaci\u00f3n espec\u00edfica y particularizada de sus asistentes al permitirles la capacidad de elaborar campos a medida que puedan incorporarse sin problemas en sus formas de registro. Estos campos poseen la capacidad de capturar efectivamente una amplia gama de detalles pertinentes que son completamente exclusivos de cada evento individual, incluidas, entre otros, las preferencias diet\u00e9ticas, los tama\u00f1os de camisetas y una multitud de otra informaci\u00f3n crucial. Con las notables capacidades de los campos de asistentes personalizados de Fooevents a su disposici\u00f3n, los planificadores de eventos pueden generar y mantener sin esfuerzo sus propios campos personalizados, simplificando as\u00ed el proceso de recopilaci\u00f3n y organizaci\u00f3n de la informaci\u00f3n esencial que es fundamental para garantizar el \u00e9xito resonante de sus respectivos eventos. . Adem\u00e1s, este extraordinario software es reconocido por su interfaz f\u00e1cil de usar y su eficiencia incomparable, lo que permite a los planificadores de eventos navegar y utilizar sus caracter\u00edsticas con la m\u00e1xima facilidad. Adem\u00e1s, este software tambi\u00e9n es altamente personalizable, lo que permite a los planificadores de eventos personalizar y adaptar sus funciones y caracter\u00edsticas para satisfacer sus necesidades y especificaciones \u00fanicas. Como tal, Fooevents Custom Assitiee Fields es realmente una soluci\u00f3n ejemplar para los planificadores de eventos que est\u00e1n ansiosos por racionalizar sus procesos de registro y proporcionar a sus asistentes una experiencia altamente individualizada y personalizada que no tiene paralelo en su nivel de calidad y atenci\u00f3n al detalle.<\/p>\n<ul>\n<li>Capacidad para agregar campos personalizados a las p\u00e1ginas de registro de los asistentes<\/li>\n<li>Soporte para varios tipos de campo, como texto, casillas de verificaci\u00f3n, botones de radio y m\u00e1s<\/li>\n<li>Interfaz intuitiva de arrastrar y soltar para una f\u00e1cil colocaci\u00f3n y personalizaci\u00f3n de campo<\/li>\n<li>Opci\u00f3n de hacer ciertos campos necesarios para que los asistentes completen el registro<\/li>\n<li>Integraci\u00f3n con pasarelas de pago populares para una recaudaci\u00f3n de pagos f\u00e1ciles junto con los campos de registro<\/li>\n<li>Sincronizaci\u00f3n perfecta de los datos de los asistentes con plataformas de marketing por correo electr\u00f3nico para mensajes y personalizaci\u00f3n espec\u00edficos<\/li>\n<li>Informes y seguimiento de asistentes mejorados para los organizadores de eventos<\/li>\n<li>Compatibilidad completa con la plataforma Fooevents para una soluci\u00f3n integral de gesti\u00f3n de eventos<\/li>\n<\/ul>\n","protected":false},"excerpt":{"rendered":"<p>Al utilizar los campos de asistentes personalizados de Fooevents, los organizadores de eventos tienen la capacidad de recopilar datos complementarios de sus asistentes que se extienden m\u00e1s all\u00e1 de los campos convencionales proporcionados. Esta caracter\u00edstica altamente adaptable permite la creaci\u00f3n de campos de registro distintos adaptados a las especificaciones de cada evento individual, proporcionando as\u00ed una valiosa informaci\u00f3n sobre las preferencias y caracter\u00edsticas de los asistentes. La notable integraci\u00f3n de esta herramienta robusta dentro de la plataforma Fooevents equipa a los organizadores con los medios para ofrecer una experiencia excepcionalmente personalizada y personalizada a los asistentes a sus eventos.<\/p>\n","protected":false},"featured_media":166135,"comment_status":"open","ping_status":"open","template":"","meta":[],"product_brand":[2458],"product_cat":[1214,1206,1211],"product_tag":[2203],"class_list":{"0":"post-117145","1":"product","2":"type-product","3":"status-publish","4":"has-post-thumbnail","6":"product_brand-fooevents","7":"product_cat-personalizacion","8":"product_cat-plugins","9":"product_cat-wordpress-plugins","10":"product_tag-fooevents","11":"member-discount","12":"discount-restricted","14":"first","15":"instock","16":"sale","17":"downloadable","18":"virtual","19":"sold-individually","20":"purchasable","21":"product-type-simple"},"_links":{"self":[{"href":"https:\/\/gpl-love.com\/es\/wp-json\/wp\/v2\/product\/117145","targetHints":{"allow":["GET"]}}],"collection":[{"href":"https:\/\/gpl-love.com\/es\/wp-json\/wp\/v2\/product"}],"about":[{"href":"https:\/\/gpl-love.com\/es\/wp-json\/wp\/v2\/types\/product"}],"replies":[{"embeddable":true,"href":"https:\/\/gpl-love.com\/es\/wp-json\/wp\/v2\/comments?post=117145"}],"wp:featuredmedia":[{"embeddable":true,"href":"https:\/\/gpl-love.com\/es\/wp-json\/wp\/v2\/media\/166135"}],"wp:attachment":[{"href":"https:\/\/gpl-love.com\/es\/wp-json\/wp\/v2\/media?parent=117145"}],"wp:term":[{"taxonomy":"product_brand","embeddable":true,"href":"https:\/\/gpl-love.com\/es\/wp-json\/wp\/v2\/product_brand?post=117145"},{"taxonomy":"product_cat","embeddable":true,"href":"https:\/\/gpl-love.com\/es\/wp-json\/wp\/v2\/product_cat?post=117145"},{"taxonomy":"product_tag","embeddable":true,"href":"https:\/\/gpl-love.com\/es\/wp-json\/wp\/v2\/product_tag?post=117145"}],"curies":[{"name":"wp","href":"https:\/\/api.w.org\/{rel}","templated":true}]}}