{"id":117143,"date":"2025-01-22T00:00:00","date_gmt":"2025-01-22T05:00:00","guid":{"rendered":"https:\/\/gpl-love.com\/es\/?post_type=product&#038;p=117143"},"modified":"2026-03-09T07:35:44","modified_gmt":"2026-03-09T12:35:44","slug":"fooevents-express-check-in","status":"publish","type":"product","link":"https:\/\/gpl-love.com\/es\/producto\/fooevents-express-check-in\/","title":{"rendered":"FooEvents Express Check in 1.8.10"},"content":{"rendered":"<h3>FooEvents Express Check in Caracteristicas<\/h3>\n<p>Fooevents Express Check in es un software de gesti\u00f3n de eventos de vanguardia que optimiza y optimiza de manera efectiva el proceso de check-in para los asistentes al evento. Esta herramienta sofisticada y robusta empodera a los organizadores del evento al simplificar y acelerar las tareas de check-in, como el escaneo de boletos y el registro de invitados de manera conveniente y eficiente. Al aprovechar las actualizaciones de datos en tiempo real e implementar flujos de trabajo automatizados, los organizadores de eventos pueden ahorrar sin esfuerzo un tiempo valioso y mitigar significativamente los riesgos potenciales asociados con los errores humanos. Adem\u00e1s, este software excepcional proporciona a los asistentes una experiencia de registro verdaderamente excepcional, facilitando su acceso sin esfuerzo al evento y permiti\u00e9ndoles disfrutar y apreciar completamente todas las ofertas notables que abarca. A trav\u00e9s de la utilizaci\u00f3n de Fooevents Express, los organizadores de eventos pueden dedicar de todo coraz\u00f3n su atenci\u00f3n y recursos a elaborar una experiencia extraordinaria e inolvidable para sus estimados asistentes, mientras que el software administra sin esfuerzo y meticulosamente todos los intrincados detalles del registro.<\/p>\n<ul>\n<li>Proceso de registro de eventos optimizado<\/li>\n<li>Manejo eficiente de grandes multitudes<\/li>\n<li>Sincroniza instant\u00e1neamente los datos con el software de gesti\u00f3n de eventos<\/li>\n<li>Reduce la necesidad de firmantes de papel<\/li>\n<li>Opciones de registro personalizables (c\u00f3digos QR, ingresos manualmente, etc.)<\/li>\n<li>Seguimiento en tiempo real de asistencia y capacidad<\/li>\n<li>Proporciona una imagen profesional y pulida para eventos<\/li>\n<li>Interfaz f\u00e1cil de usar para f\u00e1cil uso del personal y los voluntarios<\/li>\n<li>Mejora la experiencia general de eventos para los asistentes<\/li>\n<li>Compatible con varios dispositivos, incluidos tel\u00e9fonos inteligentes y tabletas<\/li>\n<\/ul>\n","protected":false},"excerpt":{"rendered":"<p>El check-in de Fooevents Express es una soluci\u00f3n de gesti\u00f3n de eventos excepcionalmente eficiente que le otorga la capacidad de registrar sin esfuerzo a sus invitados simplemente golpeando su dispositivo m\u00f3vil. Tiene la capacidad perfecta de manejar los registros de eventos, la venta de entradas y los registros de eventos en tiempo real, sin encontrar ninguna dificultad. Este software garantiza el almacenamiento seguro de todos los datos y le proporciona an\u00e1lisis de eventos integrales, lo que le permite obtener una comprensi\u00f3n profunda del triunfo de su evento. Esta soluci\u00f3n es particularmente ventajosa para los organizadores de eventos que aspiran a optimizar su proceso de gesti\u00f3n de eventos y mejorar la experiencia de check-in para sus estimados invitados.<\/p>\n","protected":false},"featured_media":166136,"comment_status":"open","ping_status":"open","template":"","meta":[],"product_brand":[2458],"product_cat":[1214,1206,1211],"product_tag":[2203],"class_list":{"0":"post-117143","1":"product","2":"type-product","3":"status-publish","4":"has-post-thumbnail","6":"product_brand-fooevents","7":"product_cat-personalizacion","8":"product_cat-plugins","9":"product_cat-wordpress-plugins","10":"product_tag-fooevents","11":"member-discount","12":"discount-restricted","14":"first","15":"instock","16":"sale","17":"downloadable","18":"virtual","19":"sold-individually","20":"purchasable","21":"product-type-simple"},"_links":{"self":[{"href":"https:\/\/gpl-love.com\/es\/wp-json\/wp\/v2\/product\/117143","targetHints":{"allow":["GET"]}}],"collection":[{"href":"https:\/\/gpl-love.com\/es\/wp-json\/wp\/v2\/product"}],"about":[{"href":"https:\/\/gpl-love.com\/es\/wp-json\/wp\/v2\/types\/product"}],"replies":[{"embeddable":true,"href":"https:\/\/gpl-love.com\/es\/wp-json\/wp\/v2\/comments?post=117143"}],"wp:featuredmedia":[{"embeddable":true,"href":"https:\/\/gpl-love.com\/es\/wp-json\/wp\/v2\/media\/166136"}],"wp:attachment":[{"href":"https:\/\/gpl-love.com\/es\/wp-json\/wp\/v2\/media?parent=117143"}],"wp:term":[{"taxonomy":"product_brand","embeddable":true,"href":"https:\/\/gpl-love.com\/es\/wp-json\/wp\/v2\/product_brand?post=117143"},{"taxonomy":"product_cat","embeddable":true,"href":"https:\/\/gpl-love.com\/es\/wp-json\/wp\/v2\/product_cat?post=117143"},{"taxonomy":"product_tag","embeddable":true,"href":"https:\/\/gpl-love.com\/es\/wp-json\/wp\/v2\/product_tag?post=117143"}],"curies":[{"name":"wp","href":"https:\/\/api.w.org\/{rel}","templated":true}]}}