{"id":117141,"date":"2025-08-31T00:00:00","date_gmt":"2025-08-31T05:00:00","guid":{"rendered":"https:\/\/gpl-love.com\/es\/?post_type=product&#038;p=117141"},"modified":"2026-03-09T07:35:47","modified_gmt":"2026-03-09T12:35:47","slug":"fooevents-multi-day","status":"publish","type":"product","link":"https:\/\/gpl-love.com\/es\/producto\/fooevents-multi-day\/","title":{"rendered":"FooEvents Multi Day 1.7.9"},"content":{"rendered":"<h3>FooEvents Multi Day Caracteristicas<\/h3>\n<p>Fooevents Multi Day es una soluci\u00f3n integral de gesti\u00f3n de eventos, dise\u00f1ada para proporcionar a los organizadores la capacidad de administrar y promover eventos de varios d\u00edas sin esfuerzo. Esta poderosa plataforma cuenta con una amplia gama de caracter\u00edsticas, que abarca boletos, registro, programaci\u00f3n y herramientas de marketing, todas destinadas a garantizar la ejecuci\u00f3n suave y exitosa de cualquier evento. Con su interfaz f\u00e1cil e intuitiva, Fooevents Multy Day simplifica el proceso de administrar a los asistentes, facilitando el seguimiento de los pagos y generando informes detallados e esclarecedores. Adem\u00e1s, esta plataforma excepcional ofrece a los organizadores una gran cantidad de opciones personalizables, lo que les permite adaptar su evento para cumplir con precisi\u00f3n sus requisitos \u00fanicos y espec\u00edficos. Ya sea que se encuentre organizando una estimada conferencia, un festival atractivo o un retiro sereno, tenga la seguridad de que Fooevents Multi Day es la soluci\u00f3n definitiva, simplificando sin esfuerzo su proceso de gesti\u00f3n de eventos.<\/p>\n<ul>\n<li>Soluci\u00f3n integral de gesti\u00f3n de eventos de varios d\u00edas<\/li>\n<li>Interfaz f\u00e1cil de usar para planificaci\u00f3n de eventos eficientes<\/li>\n<li>Formularios de registro personalizables para los asistentes<\/li>\n<li>Notificaciones de correo electr\u00f3nico automatizadas para mantener informados a los asistentes<\/li>\n<li>Procesamiento de pago seguro para transacciones sin problemas<\/li>\n<li>An\u00e1lisis en tiempo real e informes para el monitoreo de eventos<\/li>\n<li>Integraci\u00f3n de las redes sociales para una mayor exposici\u00f3n a eventos<\/li>\n<li>Dise\u00f1o amigable para dispositivos m\u00f3viles para facilitar el acceso a la informaci\u00f3n del evento<\/li>\n<li>Opci\u00f3n para integrarse con varias plataformas de venta de entradas<\/li>\n<li>Atenci\u00f3n al cliente premium para todas las consultas y problemas<\/li>\n<\/ul>\n","protected":false},"excerpt":{"rendered":"<p>La plataforma Fooevents Multi Day es una soluci\u00f3n de gesti\u00f3n de eventos inmensamente robusta dise\u00f1ada para facilitar la creaci\u00f3n y administraci\u00f3n sin esfuerzo de eventos que abarcan varios d\u00edas. Independientemente de la naturaleza de su evento, ya sea una conferencia, festival o cualquier otra ocasi\u00f3n que requiera un horario de programaci\u00f3n que abarque varios d\u00edas, Fooevents Multi Day lo equipa con un conjunto integral de herramientas que racionalizan los procesos de planificaci\u00f3n y ejecuci\u00f3n. A trav\u00e9s de sus caracter\u00edsticas integrales que abarcan boletos y registros, la gesti\u00f3n de los asistentes y la programaci\u00f3n, Fooevents Multi Day le permite canalizar su enfoque para ofrecer una experiencia de evento extraordinaria para sus asistentes, con la seguridad de que la plataforma manejan h\u00e1bilmente todos los aspectos log\u00edsticos.<\/p>\n","protected":false},"featured_media":166138,"comment_status":"open","ping_status":"open","template":"","meta":[],"product_brand":[2458],"product_cat":[1214,1206,1211],"product_tag":[2203],"class_list":{"0":"post-117141","1":"product","2":"type-product","3":"status-publish","4":"has-post-thumbnail","6":"product_brand-fooevents","7":"product_cat-personalizacion","8":"product_cat-plugins","9":"product_cat-wordpress-plugins","10":"product_tag-fooevents","11":"member-discount","12":"discount-restricted","14":"first","15":"instock","16":"sale","17":"downloadable","18":"virtual","19":"sold-individually","20":"purchasable","21":"product-type-simple"},"_links":{"self":[{"href":"https:\/\/gpl-love.com\/es\/wp-json\/wp\/v2\/product\/117141","targetHints":{"allow":["GET"]}}],"collection":[{"href":"https:\/\/gpl-love.com\/es\/wp-json\/wp\/v2\/product"}],"about":[{"href":"https:\/\/gpl-love.com\/es\/wp-json\/wp\/v2\/types\/product"}],"replies":[{"embeddable":true,"href":"https:\/\/gpl-love.com\/es\/wp-json\/wp\/v2\/comments?post=117141"}],"wp:featuredmedia":[{"embeddable":true,"href":"https:\/\/gpl-love.com\/es\/wp-json\/wp\/v2\/media\/166138"}],"wp:attachment":[{"href":"https:\/\/gpl-love.com\/es\/wp-json\/wp\/v2\/media?parent=117141"}],"wp:term":[{"taxonomy":"product_brand","embeddable":true,"href":"https:\/\/gpl-love.com\/es\/wp-json\/wp\/v2\/product_brand?post=117141"},{"taxonomy":"product_cat","embeddable":true,"href":"https:\/\/gpl-love.com\/es\/wp-json\/wp\/v2\/product_cat?post=117141"},{"taxonomy":"product_tag","embeddable":true,"href":"https:\/\/gpl-love.com\/es\/wp-json\/wp\/v2\/product_tag?post=117141"}],"curies":[{"name":"wp","href":"https:\/\/api.w.org\/{rel}","templated":true}]}}