{"id":117138,"date":"2026-02-18T00:00:00","date_gmt":"2026-02-18T05:00:00","guid":{"rendered":"https:\/\/gpl-love.com\/es\/?post_type=product&#038;p=117138"},"modified":"2026-03-09T07:35:48","modified_gmt":"2026-03-09T12:35:48","slug":"fooevents-pdf-tickets","status":"publish","type":"product","link":"https:\/\/gpl-love.com\/es\/producto\/fooevents-pdf-tickets\/","title":{"rendered":"FooEvents PDF Tickets 1.10.17"},"content":{"rendered":"<h3>FooEvents PDF Tickets Caracteristicas<\/h3>\n<p>Los boletos PDF de Fooevents son una soluci\u00f3n excepcionalmente robusta y eficiente que satisface las necesidades de los organizadores del evento y los compradores de boletos. Este software formidable proporciona a los organizadores el poder de crear y personalizar completamente completamente los boletos de eventos en el formato PDF ampliamente aceptado, lo que posteriormente permite el correo electr\u00f3nico conveniente de estos boletos a compradores de boletos ansiosos. La gama integral de caracter\u00edsticas ofrecidas por este software es realmente impresionante, que abarca funcionalidades vitales, como la asignaci\u00f3n de asientos, la generaci\u00f3n de c\u00f3digos de barras e integraci\u00f3n perfecta con las principales pasarelas de pago. En t\u00e9rminos de compradores de boletos, los boletos PDF de Fooevents realmente sobresalen al ofrecer una experiencia de compra perfecta y sin problemas. Este software incomparable permite a los compradores de boletos reservar f\u00e1cilmente y pagar r\u00e1pidamente por sus boletos deseados a trav\u00e9s de la comodidad de las plataformas en l\u00ednea, al tiempo que recibe sus boletos instant\u00e1neamente por correo electr\u00f3nico. Independientemente de la magnitud del evento que se est\u00e1 organizando, ya sea una conferencia modesta o un concierto grandioso, los boletos PDF de Fooevents son una soluci\u00f3n de evento inquebrantablemente confiable y notablemente f\u00e1cil de usar que optimiza sistem\u00e1ticamente todo el proceso de venta de entradas, lo que garantiza una experiencia de evento inequ\u00edvocamente flawless para todas las partes involucradas.<\/p>\n<ul>\n<li>Boletos PDF para eventos<\/li>\n<li>Dise\u00f1os y dise\u00f1os personalizables<\/li>\n<li>Integraci\u00f3n de c\u00f3digo de c\u00f3digo de barras y QR<\/li>\n<li>Compatible con las principales plataformas de boletos<\/li>\n<li>Entrega instant\u00e1nea a los clientes por correo electr\u00f3nico<\/li>\n<li>Opci\u00f3n para imprimir o presentar un boleto digital en el evento<\/li>\n<li>Seguro y a prueba de manipulaciones<\/li>\n<li>Sincronizaci\u00f3n autom\u00e1tica con datos de eventos<\/li>\n<li>F\u00e1cil de usar y f\u00e1cil de usar.<\/li>\n<\/ul>\n","protected":false},"excerpt":{"rendered":"<p>Al aprovechar las capacidades de los boletos PDF de Fooevents, los organizadores de eventos est\u00e1n facultados para generar y difundir boletos digitales sin esfuerzo que atienden a sus eventos espec\u00edficos. Estos boletos tienen la ventaja adicional de ser totalmente personalizables, lo que permite la incorporaci\u00f3n de elementos de marca distintivos e informaci\u00f3n pertinente. Adem\u00e1s, pueden ser escaneados sin problemas para la admisi\u00f3n r\u00e1pida, eliminando la necesidad de impresi\u00f3n laboriosa y env\u00edo de boletos f\u00edsicos. En consecuencia, el empleo de boletos PDF de Fooevents no solo agiliza el proceso general de gesti\u00f3n de eventos, sino que tambi\u00e9n promueve la sostenibilidad ambiental al minimizar los desechos en papel.<\/p>\n","protected":false},"featured_media":166139,"comment_status":"open","ping_status":"open","template":"","meta":[],"product_brand":[2458],"product_cat":[1214,1206,1211],"product_tag":[2203],"class_list":{"0":"post-117138","1":"product","2":"type-product","3":"status-publish","4":"has-post-thumbnail","6":"product_brand-fooevents","7":"product_cat-personalizacion","8":"product_cat-plugins","9":"product_cat-wordpress-plugins","10":"product_tag-fooevents","11":"member-discount","12":"discount-restricted","14":"first","15":"instock","16":"sale","17":"downloadable","18":"virtual","19":"sold-individually","20":"purchasable","21":"product-type-simple"},"_links":{"self":[{"href":"https:\/\/gpl-love.com\/es\/wp-json\/wp\/v2\/product\/117138","targetHints":{"allow":["GET"]}}],"collection":[{"href":"https:\/\/gpl-love.com\/es\/wp-json\/wp\/v2\/product"}],"about":[{"href":"https:\/\/gpl-love.com\/es\/wp-json\/wp\/v2\/types\/product"}],"replies":[{"embeddable":true,"href":"https:\/\/gpl-love.com\/es\/wp-json\/wp\/v2\/comments?post=117138"}],"wp:featuredmedia":[{"embeddable":true,"href":"https:\/\/gpl-love.com\/es\/wp-json\/wp\/v2\/media\/166139"}],"wp:attachment":[{"href":"https:\/\/gpl-love.com\/es\/wp-json\/wp\/v2\/media?parent=117138"}],"wp:term":[{"taxonomy":"product_brand","embeddable":true,"href":"https:\/\/gpl-love.com\/es\/wp-json\/wp\/v2\/product_brand?post=117138"},{"taxonomy":"product_cat","embeddable":true,"href":"https:\/\/gpl-love.com\/es\/wp-json\/wp\/v2\/product_cat?post=117138"},{"taxonomy":"product_tag","embeddable":true,"href":"https:\/\/gpl-love.com\/es\/wp-json\/wp\/v2\/product_tag?post=117138"}],"curies":[{"name":"wp","href":"https:\/\/api.w.org\/{rel}","templated":true}]}}