{"id":116958,"date":"2024-02-27T00:00:00","date_gmt":"2024-02-27T05:00:00","guid":{"rendered":"http:\/\/gpl-love.com\/es\/?post_type=product&#038;p=116958"},"modified":"2026-03-13T17:34:50","modified_gmt":"2026-03-13T22:34:50","slug":"yith-product-shipping-para-woocommerce-premium","status":"publish","type":"product","link":"https:\/\/gpl-love.com\/es\/producto\/yith-product-shipping-para-woocommerce-premium\/","title":{"rendered":"YITH Product Shipping para WooCommerce Premium 1.21.0"},"content":{"rendered":"<h3>YITH Product Shipping para WooCommerce Premium Caracteristicas<\/h3>\n<p>El env\u00edo de productos para WooCommerce Premium cuenta con una impresionante variedad de caracter\u00edsticas que sirven para optimizar el intrincado proceso de manejo de tarifas y m\u00e9todos de env\u00edo para su estimada tienda en l\u00ednea. Este notable complemento le otorga la capacidad sin esfuerzo para establecer las tasas de env\u00edo que dependen del peso, la cantidad, el destino y una variedad de otras variables. Adem\u00e1s, le permite delinear m\u00e9todos de env\u00edo distintos adaptados a productos y categor\u00edas espec\u00edficos, al tiempo que le brinda la incre\u00edble oportunidad de otorgar a sus valiosos clientes el regalo de env\u00edo complementario, todo mientras mantiene ciertas regulaciones y condiciones predeterminadas. Integr\u00e1ndose sin problemas con WooCommerce, este complemento le proporciona la invaluable capacidad para supervisar las opciones de env\u00edo directamente desde el backend de su empresa virtual, al tiempo que presenta estas opciones a su clientela exigente en el frontend. En conclusi\u00f3n, su env\u00edo de productos para WooCommerce Premium representa una soluci\u00f3n que lo abarca todo que le permite un nivel incomparable de autoridad y adaptabilidad sobre el \u00e1mbito del env\u00edo dentro de su establecimiento en l\u00ednea, asegurando que est\u00e9 impecablemente equipado para satisfacer las diversas necesidades y deseos de sus apreciados clientes.<\/p>\n<ul>\n<li>Agiliza su proceso de env\u00edo para su tienda WooCommerce<\/li>\n<li>Ofrece tarifas de env\u00edo personalizadas basadas en una variedad de criterios<\/li>\n<li>Incluye soporte para m\u00faltiples transportistas de env\u00edo y tarifas de env\u00edo en tiempo real<\/li>\n<li>Le permite configurar reglas de env\u00edo basadas en productos espec\u00edficos o categor\u00edas de productos<\/li>\n<li>Ofrece una variedad de m\u00e9todos de env\u00edo como env\u00edo gratuito, tarifa plana y recolecci\u00f3n local<\/li>\n<li>F\u00e1cilmente personalizable para satisfacer sus necesidades comerciales \u00fanicas<\/li>\n<li>Ofrece una interfaz f\u00e1cil de usar para una f\u00e1cil configuraci\u00f3n y administraci\u00f3n<\/li>\n<li>Se integra a la perfecci\u00f3n con otros complementos de WooCommerce para una funcionalidad adicional<\/li>\n<li>Calcula autom\u00e1ticamente los costos de env\u00edo y los muestra a los clientes durante el pago<\/li>\n<li>Proporciona informes detallados sobre los datos de env\u00edo para fines de an\u00e1lisis y optimizaci\u00f3n.<\/li>\n<\/ul>\n","protected":false},"excerpt":{"rendered":"<p>El env\u00edo de productos para WooCommerce Premium Plugin es una herramienta altamente indispensable para empresarios de comercio electr\u00f3nico que est\u00e1n interesados \u200b\u200ben proporcionar a sus clientes opciones de env\u00edo flexibles. Esta herramienta robusta y avanzada le permite establecer tarifas de env\u00edo personalizadas para productos o grupos de productos individuales, aprovechando una amplia gama de criterios como peso, dimensiones, destino y m\u00e1s. Al brindarle la oportunidad de generar un n\u00famero ilimitado de reglas de env\u00edo, puede adaptar sin esfuerzo sus opciones de env\u00edo para alinearse con los requisitos espec\u00edficos de su negocio y base de clientes. Adem\u00e1s, la interfaz sin problemas y la configuraci\u00f3n ajustable sin esfuerzo facilitan un proceso de configuraci\u00f3n r\u00e1pido y conveniente, lo que le permite comenzar de inmediato entregar experiencias de env\u00edo ejemplares a sus compradores valiosos.<\/p>\n","protected":false},"featured_media":168654,"comment_status":"open","ping_status":"open","template":"","meta":[],"product_brand":[2391],"product_cat":[1208,1207,1206],"product_tag":[1462],"class_list":{"0":"post-116958","1":"product","2":"type-product","3":"status-publish","4":"has-post-thumbnail","6":"product_brand-yith","7":"product_cat-administracion","8":"product_cat-comercio-electronico-plugins","9":"product_cat-plugins","10":"product_tag-yith","11":"member-discount","12":"discount-restricted","14":"first","15":"instock","16":"sale","17":"downloadable","18":"virtual","19":"sold-individually","20":"purchasable","21":"product-type-simple"},"_links":{"self":[{"href":"https:\/\/gpl-love.com\/es\/wp-json\/wp\/v2\/product\/116958","targetHints":{"allow":["GET"]}}],"collection":[{"href":"https:\/\/gpl-love.com\/es\/wp-json\/wp\/v2\/product"}],"about":[{"href":"https:\/\/gpl-love.com\/es\/wp-json\/wp\/v2\/types\/product"}],"replies":[{"embeddable":true,"href":"https:\/\/gpl-love.com\/es\/wp-json\/wp\/v2\/comments?post=116958"}],"wp:featuredmedia":[{"embeddable":true,"href":"https:\/\/gpl-love.com\/es\/wp-json\/wp\/v2\/media\/168654"}],"wp:attachment":[{"href":"https:\/\/gpl-love.com\/es\/wp-json\/wp\/v2\/media?parent=116958"}],"wp:term":[{"taxonomy":"product_brand","embeddable":true,"href":"https:\/\/gpl-love.com\/es\/wp-json\/wp\/v2\/product_brand?post=116958"},{"taxonomy":"product_cat","embeddable":true,"href":"https:\/\/gpl-love.com\/es\/wp-json\/wp\/v2\/product_cat?post=116958"},{"taxonomy":"product_tag","embeddable":true,"href":"https:\/\/gpl-love.com\/es\/wp-json\/wp\/v2\/product_tag?post=116958"}],"curies":[{"name":"wp","href":"https:\/\/api.w.org\/{rel}","templated":true}]}}