{"id":116956,"date":"2024-03-11T00:00:00","date_gmt":"2024-03-11T05:00:00","guid":{"rendered":"http:\/\/gpl-love.com\/es\/?post_type=product&#038;p=116956"},"modified":"2026-03-13T17:34:46","modified_gmt":"2026-03-13T22:34:46","slug":"yith-preorder-para-woocommerce-premium","status":"publish","type":"product","link":"https:\/\/gpl-love.com\/es\/producto\/yith-preorder-para-woocommerce-premium\/","title":{"rendered":"YITH PreOrder para WooCommerce Premium 2.23.2"},"content":{"rendered":"<h3>YITH PreOrder para WooCommerce Premium Caracteristicas<\/h3>\n<p>Su pedido para WooCommerce Premium, una herramienta muy robusta, empodera a los propietarios de tiendas con la capacidad de presentar opciones de pedido anticipado a sus estimados clientes. Al utilizar este complemento, los usuarios pueden hacer pedidos convenientemente para art\u00edculos que est\u00e9n agotados o que a\u00fan no se liberan, asegurando as\u00ed su entrega una vez que est\u00e9n disponibles. Adem\u00e1s, el complemento extiende su funcionalidad al permitir a los propietarios de tiendas establecer un temporizador de cuenta regresiva espec\u00edficamente para productos de pedido anticipado, que posteriormente informa a los clientes cu\u00e1ndo se puede adquirir el art\u00edculo deseado. Adem\u00e1s, se enorgullece de preordenar a WooCommerce Premium en su proceso de instalaci\u00f3n sin esfuerzo y su amplia gama de opciones de personalizaci\u00f3n, lo que permite a los propietarios de tiendas adaptar sin esfuerzo el procedimiento de pedido anticipado para alinearse sin problemas con sus requisitos espec\u00edficos de la tienda. Al aprovechar este notable complemento, los propietarios de tiendas pueden aumentar efectivamente sus cifras de ventas, minimizar simult\u00e1neamente los costos de inventario y, en \u00faltima instancia, elevar los niveles de satisfacci\u00f3n del cliente al facilitar sin esfuerzo una experiencia de pedido sin problemas.<\/p>\n<ul>\n<li>Permite a los clientes pre-ordenar productos que a\u00fan no est\u00e1n disponibles para la compra.<\/li>\n<li>Aumenta la satisfacci\u00f3n del cliente d\u00e1ndoles la opci\u00f3n de asegurar un producto antes de que se publique<\/li>\n<li>Ayuda a los comerciantes a evaluar la demanda de los pr\u00f3ximos productos y a ajustar el inventario en consecuencia<\/li>\n<li>Permite a los comerciantes establecer mensajes y fechas de pedido anticipado personalizables<\/li>\n<li>Proporciona una interfaz f\u00e1cil de usar para administrar productos y pedidos de pedido anticipado<\/li>\n<li>Se integra a la perfecci\u00f3n con WooCommerce, la plataforma de comercio electr\u00f3nico l\u00edder<\/li>\n<li>Ofrece notificaciones de correo electr\u00f3nico de administraci\u00f3n y usuario para mantener a todos informados durante todo el proceso de pedido anticipado<\/li>\n<li>Admite m\u00faltiples idiomas, incluidos ingl\u00e9s, franc\u00e9s, italiano y espa\u00f1ol<\/li>\n<li>Incluye documentaci\u00f3n detallada y soporte dedicado para ayudar a los comerciantes a configurar y usar el complemento de manera efectiva.<\/li>\n<\/ul>\n","protected":false},"excerpt":{"rendered":"<p>Su pedido por preorden para WooCommerce Premium es un complemento incre\u00edblemente sofisticado que ofrece la notable capacidad de permitir que sus clientes estimados coloquen pedidos anticipados para productos incluso antes de su fecha de lanzamiento oficial. La gran versatilidad de este complemento es realmente impresionante, ya que puede supervisar y administrar los pedidos anticipados, al tiempo que entrega simult\u00e1neamente mensajes a medida para informar a sus valiosos clientes con respecto a la disponibilidad del producto deseado. Adem\u00e1s, este complemento excepcional le permite establecer diversas alternativas de pedido anticipado, abarcar los pagos de dep\u00f3sitos, los horarios de entrega y una variedad de otras caracter\u00edsticas indispensables. En esencia, preorden a WooCommerce Premium personifica un activo indispensable que tiene el potencial de elevar sus cifras de ventas sustancialmente al tiempo que mejora simult\u00e1neamente la satisfacci\u00f3n del cliente a alturas sin precedentes.<\/p>\n","protected":false},"featured_media":168649,"comment_status":"open","ping_status":"open","template":"","meta":[],"product_brand":[2391],"product_cat":[1207,1248,1206],"product_tag":[1462],"class_list":{"0":"post-116956","1":"product","2":"type-product","3":"status-publish","4":"has-post-thumbnail","6":"product_brand-yith","7":"product_cat-comercio-electronico-plugins","8":"product_cat-personalizacion-comercio-electronico-plugins","9":"product_cat-plugins","10":"product_tag-yith","11":"member-discount","12":"discount-restricted","14":"first","15":"instock","16":"sale","17":"downloadable","18":"virtual","19":"sold-individually","20":"purchasable","21":"product-type-simple"},"_links":{"self":[{"href":"https:\/\/gpl-love.com\/es\/wp-json\/wp\/v2\/product\/116956","targetHints":{"allow":["GET"]}}],"collection":[{"href":"https:\/\/gpl-love.com\/es\/wp-json\/wp\/v2\/product"}],"about":[{"href":"https:\/\/gpl-love.com\/es\/wp-json\/wp\/v2\/types\/product"}],"replies":[{"embeddable":true,"href":"https:\/\/gpl-love.com\/es\/wp-json\/wp\/v2\/comments?post=116956"}],"wp:featuredmedia":[{"embeddable":true,"href":"https:\/\/gpl-love.com\/es\/wp-json\/wp\/v2\/media\/168649"}],"wp:attachment":[{"href":"https:\/\/gpl-love.com\/es\/wp-json\/wp\/v2\/media?parent=116956"}],"wp:term":[{"taxonomy":"product_brand","embeddable":true,"href":"https:\/\/gpl-love.com\/es\/wp-json\/wp\/v2\/product_brand?post=116956"},{"taxonomy":"product_cat","embeddable":true,"href":"https:\/\/gpl-love.com\/es\/wp-json\/wp\/v2\/product_cat?post=116956"},{"taxonomy":"product_tag","embeddable":true,"href":"https:\/\/gpl-love.com\/es\/wp-json\/wp\/v2\/product_tag?post=116956"}],"curies":[{"name":"wp","href":"https:\/\/api.w.org\/{rel}","templated":true}]}}