{"id":116923,"date":"2021-09-12T00:00:00","date_gmt":"2021-09-12T05:00:00","guid":{"rendered":"http:\/\/gpl-love.com\/es\/?post_type=product&#038;p=116923"},"modified":"2026-03-09T07:33:45","modified_gmt":"2026-03-09T12:33:45","slug":"everest-google-places-reviews","status":"publish","type":"product","link":"https:\/\/gpl-love.com\/es\/producto\/everest-google-places-reviews\/","title":{"rendered":"Everest Google Places Reviews 2.1.1"},"content":{"rendered":"<h3>Everest Google Places Reviews Caracteristicas<\/h3>\n<p>Everest Google Places Reviews es un producto innovador y sofisticado que ofrece a las empresas la oportunidad de reunir y evaluar las revisiones de los usuarios de la plataforma altamente influyente de Google Places. Con esta invaluable herramienta, las empresas est\u00e1n facultadas para obtener una comprensi\u00f3n integral y que lo abarca de los comentarios que reciben de su estimada clientela en Google, lo que les permite realizar mejoras necesarias a sus productos, servicios y la experiencia general del cliente que brindan.<\/p>\n<p>Una de las caracter\u00edsticas notables de Everest Google Places Reviews es su capacidad para permitir que las empresas monitoreen activamente su reputaci\u00f3n en l\u00ednea, asegurando que sigan con conocimiento de cualquier elogio o cr\u00edtica que reciban de los clientes. Esta caracter\u00edstica invaluable ayuda a las empresas para responder r\u00e1pidamente a las revisiones, lo que demuestra su compromiso con un servicio al cliente excepcional y su disposici\u00f3n a abordar cualquier inquietud o problema que pueda surgir.<\/p>\n<p>Adem\u00e1s, este extraordinario producto cuenta con capacidades avanzadas de filtrado e informes, que sirven como una herramienta crucial para las empresas para identificar las tendencias emergentes, extraer informaci\u00f3n valiosa y identificar \u00e1reas que requieren mejoras. Armadas con esta gran cantidad de informaci\u00f3n, las empresas pueden tomar decisiones informadas e implementar estrategias para optimizar su presencia en l\u00ednea, garantizar la satisfacci\u00f3n del cliente y, en \u00faltima instancia, ofrecer experiencias de clientes incomparables.<\/p>\n<p>En conclusi\u00f3n, Everest Google Place Reviews se encuentra como un instrumento indispensable y potente para las empresas que buscan administrar efectivamente su presencia en l\u00ednea y cultivar la lealtad duradera del cliente. Al aprovechar el poder de este producto de vanguardia, las empresas est\u00e1n equipadas con las herramientas e ideas necesarias para mejorar continuamente sus ofertas y superar las expectativas de los clientes, posicion\u00e1ndose as\u00ed como l\u00edderes de la industria en el panorama digital.<\/p>\n<ul>\n<li>Proporcionar revisiones precisas y confiables para cualquier ubicaci\u00f3n buscada en Google Places<\/li>\n<li>Mostrar retroalimentaci\u00f3n positiva y negativa para dar una impresi\u00f3n completa del negocio<\/li>\n<li>Permitir a los usuarios filtrar las revisiones por fecha, calificaci\u00f3n y palabra clave para un an\u00e1lisis f\u00e1cil<\/li>\n<li>Actualizar autom\u00e1ticamente con nuevas rese\u00f1as a medida que se publican en Google Places<\/li>\n<li>Integre a la perfecci\u00f3n con las p\u00e1ginas de Google Maps and Place existentes para una experiencia optimizada<\/li>\n<li>Proporcionar informaci\u00f3n procesable para que los propietarios de negocios mejoren su reputaci\u00f3n en l\u00ednea y experiencia del cliente<\/li>\n<li>Ofrecer precios competitivos y planes de suscripci\u00f3n flexibles para satisfacer las necesidades de las empresas de todos los tama\u00f1os<\/li>\n<li>Accesible a trav\u00e9s de una interfaz web f\u00e1cil de usar con un proceso de inicio de sesi\u00f3n simple<\/li>\n<li>Proporcione atenci\u00f3n al cliente de primer nivel para garantizar que los usuarios aprovechen al m\u00e1ximo su suscripci\u00f3n<\/li>\n<li>Compatible con una variedad de dispositivos, incluidas computadoras de escritorio, tabletas y tel\u00e9fonos inteligentes.<\/li>\n<\/ul>\n","protected":false},"excerpt":{"rendered":"<p>Al utilizar las revisiones del Everest Google Places, se le otorgar\u00e1 la oportunidad de obtener evaluaciones genuinas y actuales para su negocio. Tome la iniciativa de ingresar detalles pertinentes de su negocio y, a cambio, recibir\u00e1 un informe integral que comprende las revisiones de los clientes derivadas de Google. Evaluar sin esfuerzo y vigilar los comentarios de los clientes para mejorar la posici\u00f3n de su negocio y atraer a un mayor n\u00famero de clientes. Con la ayuda de las revisiones del Everest Google Places, puede mantener sin esfuerzo una ventaja competitiva y garantizar la satisfacci\u00f3n de sus clientes.<\/p>\n","protected":false},"featured_media":166060,"comment_status":"open","ping_status":"open","template":"","meta":[],"product_brand":[2339],"product_cat":[1232,1206,1211],"product_tag":[1256],"class_list":{"0":"post-116923","1":"product","2":"type-product","3":"status-publish","4":"has-post-thumbnail","6":"product_brand-codecanyon","7":"product_cat-marketing-wordpress-plugins","8":"product_cat-plugins","9":"product_cat-wordpress-plugins","10":"product_tag-codecanyon","11":"member-discount","12":"discount-restricted","14":"first","15":"instock","16":"sale","17":"downloadable","18":"virtual","19":"sold-individually","20":"purchasable","21":"product-type-simple"},"_links":{"self":[{"href":"https:\/\/gpl-love.com\/es\/wp-json\/wp\/v2\/product\/116923","targetHints":{"allow":["GET"]}}],"collection":[{"href":"https:\/\/gpl-love.com\/es\/wp-json\/wp\/v2\/product"}],"about":[{"href":"https:\/\/gpl-love.com\/es\/wp-json\/wp\/v2\/types\/product"}],"replies":[{"embeddable":true,"href":"https:\/\/gpl-love.com\/es\/wp-json\/wp\/v2\/comments?post=116923"}],"wp:featuredmedia":[{"embeddable":true,"href":"https:\/\/gpl-love.com\/es\/wp-json\/wp\/v2\/media\/166060"}],"wp:attachment":[{"href":"https:\/\/gpl-love.com\/es\/wp-json\/wp\/v2\/media?parent=116923"}],"wp:term":[{"taxonomy":"product_brand","embeddable":true,"href":"https:\/\/gpl-love.com\/es\/wp-json\/wp\/v2\/product_brand?post=116923"},{"taxonomy":"product_cat","embeddable":true,"href":"https:\/\/gpl-love.com\/es\/wp-json\/wp\/v2\/product_cat?post=116923"},{"taxonomy":"product_tag","embeddable":true,"href":"https:\/\/gpl-love.com\/es\/wp-json\/wp\/v2\/product_tag?post=116923"}],"curies":[{"name":"wp","href":"https:\/\/api.w.org\/{rel}","templated":true}]}}