{"id":116921,"date":"2025-02-05T00:00:00","date_gmt":"2025-02-05T05:00:00","guid":{"rendered":"http:\/\/gpl-love.com\/es\/?post_type=product&#038;p=116921"},"modified":"2026-03-09T08:28:08","modified_gmt":"2026-03-09T13:28:08","slug":"wp-dark-mode-ultimate","status":"publish","type":"product","link":"https:\/\/gpl-love.com\/es\/producto\/wp-dark-mode-ultimate\/","title":{"rendered":"WP Dark Mode Ultimate 4.0.8"},"content":{"rendered":"<h3>WP Dark Mode Ultimate Caracteristicas<\/h3>\n<p>WP Dark Mode Ultimate es un complemento altamente innovador que ha sido meticulosamente dise\u00f1ado para ofrecer una experiencia de modo oscuro incomparable para su sitio web de WordPress. Esta herramienta extraordinaria presenta una gran cantidad de opciones de personalizaci\u00f3n que le permiten adaptar completamente la est\u00e9tica visual y el ambiente de su sitio web. Con la implementaci\u00f3n de WP Dark Mode Ultimate, posee la capacidad de alternar sin esfuerzo entre el modo de luz iluminante y el modo oscuro cautivador con solo hacer clic de un bot\u00f3n. Adem\u00e1s, este notable complemento le otorga la libertad de establecer horarios personalizados e incluso permite un ajuste autom\u00e1tico basado en las preferencias del sistema del usuario final. Integr\u00e1ndose sin problemas con su sitio web, WP Dark Mode Ultimate es una soluci\u00f3n excepcionalmente f\u00e1cil de usar que es adecuada para personas de diversos or\u00edgenes profesionales, como fot\u00f3grafos, dise\u00f1adores, blogueros o aquellos que simplemente buscan infundir un aire de sofisticaci\u00f3n y refinamiento en su plataforma en l\u00ednea. . No pierda el tiempo y adquiera WP Dark Mode Ultimate hoy para adoptar un nivel de experiencia del usuario completamente novedoso y mejorado en su estimado sitio web.<\/p>\n<ul>\n<li>Compatible con WordPress -0 o superior<\/li>\n<li>Un complemento de modo oscuro personalizable y f\u00e1cil de usar<\/li>\n<li>Ahorra energ\u00eda y reduce la fatiga visual para los usuarios<\/li>\n<li>Mejora la legibilidad en entornos con poca luz<\/li>\n<li>Ofrece m\u00faltiples opciones de dise\u00f1o de modo oscuro para experiencias de usuario vibrantes y modernas<\/li>\n<li>Proporciona un bot\u00f3n de palanca para que los usuarios cambien f\u00e1cilmente entre modos oscuro y ligero<\/li>\n<li>Incluye configuraciones para ajustar los colores de texto, fondo y enlace<\/li>\n<li>No se requiere codificaci\u00f3n para la instalaci\u00f3n y configuraci\u00f3n<\/li>\n<li>Totalmente receptivo y optimizado para todos los tama\u00f1os de pantalla<\/li>\n<li>Actualizaciones regulares de complementos y atenci\u00f3n al cliente proporcionadas<\/li>\n<\/ul>\n","protected":false},"excerpt":{"rendered":"<p>WP Dark Mode Ultimate es un complemento de WordPress incre\u00edblemente f\u00e1cil de usar que incorpora sin esfuerzo una funcionalidad de modo oscuro en la interfaz de su sitio web, aumentando en gran medida su atractivo visual. Al ofrecer un proceso de instalaci\u00f3n simple y sencillo junto con una mir\u00edada de opciones de personalizaci\u00f3n, este notable complemento altera efectivamente el esquema de color de su sitio, lo que lo convierten bajo condiciones de iluminaci\u00f3n tenue. Adem\u00e1s, WP Dark Mode Ultimate presenta una opci\u00f3n de interruptor de palanca, que ofrece a los usuarios la conveniencia de la transici\u00f3n sin esfuerzo entre los modos de luz y oscuridad a su ocio. Al adquirir WP Dark Mode Ultimate hoy, sin duda elevar\u00e1 la experiencia general del usuario en su sitio web y sorprender\u00e1 a sus visitantes con su atractivo visualmente llamativo.<\/p>\n","protected":false},"featured_media":168382,"comment_status":"open","ping_status":"open","template":"","meta":[],"product_brand":[2619],"product_cat":[1214,1206,1211],"product_tag":[2202],"class_list":{"0":"post-116921","1":"product","2":"type-product","3":"status-publish","4":"has-post-thumbnail","6":"product_brand-wppool","7":"product_cat-personalizacion","8":"product_cat-plugins","9":"product_cat-wordpress-plugins","10":"product_tag-wppool","11":"member-discount","12":"discount-restricted","14":"first","15":"instock","16":"sale","17":"downloadable","18":"virtual","19":"sold-individually","20":"purchasable","21":"product-type-simple"},"_links":{"self":[{"href":"https:\/\/gpl-love.com\/es\/wp-json\/wp\/v2\/product\/116921","targetHints":{"allow":["GET"]}}],"collection":[{"href":"https:\/\/gpl-love.com\/es\/wp-json\/wp\/v2\/product"}],"about":[{"href":"https:\/\/gpl-love.com\/es\/wp-json\/wp\/v2\/types\/product"}],"replies":[{"embeddable":true,"href":"https:\/\/gpl-love.com\/es\/wp-json\/wp\/v2\/comments?post=116921"}],"wp:featuredmedia":[{"embeddable":true,"href":"https:\/\/gpl-love.com\/es\/wp-json\/wp\/v2\/media\/168382"}],"wp:attachment":[{"href":"https:\/\/gpl-love.com\/es\/wp-json\/wp\/v2\/media?parent=116921"}],"wp:term":[{"taxonomy":"product_brand","embeddable":true,"href":"https:\/\/gpl-love.com\/es\/wp-json\/wp\/v2\/product_brand?post=116921"},{"taxonomy":"product_cat","embeddable":true,"href":"https:\/\/gpl-love.com\/es\/wp-json\/wp\/v2\/product_cat?post=116921"},{"taxonomy":"product_tag","embeddable":true,"href":"https:\/\/gpl-love.com\/es\/wp-json\/wp\/v2\/product_tag?post=116921"}],"curies":[{"name":"wp","href":"https:\/\/api.w.org\/{rel}","templated":true}]}}