{"id":116919,"date":"2022-02-20T00:00:00","date_gmt":"2022-02-20T05:00:00","guid":{"rendered":"http:\/\/gpl-love.com\/es\/?post_type=product&#038;p=116919"},"modified":"2026-03-09T07:43:18","modified_gmt":"2026-03-09T12:43:18","slug":"improved-sale-badges-para-woocommerce","status":"publish","type":"product","link":"https:\/\/gpl-love.com\/es\/producto\/improved-sale-badges-para-woocommerce\/","title":{"rendered":"Improved Sale Badges para WooCommerce 4.4.2"},"content":{"rendered":"<h3>Improved Sale Badges para WooCommerce Caracteristicas<\/h3>\n<p>Las insignias de venta mejoradas para WooCommerce es una soluci\u00f3n excepcional que atiende a las tiendas en l\u00ednea que buscan aumentar las ventas y mejorar la participaci\u00f3n del cliente. Este complemento pionero le permite generar insignias de venta cautivadores que est\u00e1n garantizadas para cautivar el inter\u00e9s de sus clientes, lo que los obliga a completar una compra. Con una amplia gama de opciones personalizables a su disposici\u00f3n, puede fabricar insignias sin esfuerzo que se alineen con su marca e integrarse sin problemas con el dise\u00f1o general de su tienda. Adem\u00e1s, estas insignias son totalmente receptivas, asegurando que su atractivo visual siga siendo consistente en todos los dispositivos. Ya sea que est\u00e9 ejecutando una venta flash limitada en el tiempo, extender descuentos a productos espec\u00edficos o simplemente esforzarse por llamar la atenci\u00f3n sobre sus ofertas m\u00e1s lucrativas, las insignias de venta mejoradas para WooCommerce se destacan como la herramienta definitiva para facilitar el logro de sus objetivos.<\/p>\n<ul>\n<li>Insignias de venta llamativas que llaman la atenci\u00f3n de su cliente<\/li>\n<li>Dise\u00f1o mejorado que parece m\u00e1s profesional y moderno<\/li>\n<li>F\u00e1cil de instalar y configurar en su tienda WooCommerce<\/li>\n<li>Capacidad para personalizar los colores y el texto de la insignia<\/li>\n<li>Compatible con todos los temas de WooCommerce y se puede usar en m\u00faltiples productos<\/li>\n<li>Aumentar las ventas promocionando descuentos y ofertas especiales de manera m\u00e1s efectiva<\/li>\n<li>Aumenta la participaci\u00f3n del cliente y ayuda a generar confianza en su marca<\/li>\n<li>Perfecto para tiendas en l\u00ednea que frecuentemente ejecutan ventas y promociones<\/li>\n<li>Ayuda a los clientes a identificar f\u00e1cilmente los productos a la venta y los alienta a realizar una compra.<\/li>\n<\/ul>\n","protected":false},"excerpt":{"rendered":"<p>Mejore el encanto visual de su tienda WooCommerce y aumente sus ventas sin esfuerzo incorporando nuestro complemento de insignias de venta mejorado altamente efectivo. Esta notable herramienta le permite crear insignias cautivadoras sin esfuerzo que muestran efectivamente sus productos con descuento, capturando as\u00ed la atenci\u00f3n de los clientes potenciales. Adem\u00e1s, tiene la flexibilidad de adaptar estas insignias para alinearse perfectamente con la marca \u00fanica de su tienda personalizando su tama\u00f1o, color y fuente. Al mejorar la visibilidad y garantizar la m\u00e1xima claridad, tenga la seguridad de que sus valiosos clientes no pasar\u00e1n por alto ninguna de sus atractivas ofertas especiales. Le imploramos que conf\u00ede en este complemento f\u00e1cil de usar, ya que, sin duda, es una adici\u00f3n que cambia el juego que garantiza un \u00e9xito sin precedentes para su estimada empresa de comercio electr\u00f3nico.<\/p>\n","protected":false},"featured_media":166462,"comment_status":"open","ping_status":"open","template":"","meta":[],"product_brand":[2339],"product_cat":[1207,1248,1206],"product_tag":[1256],"class_list":{"0":"post-116919","1":"product","2":"type-product","3":"status-publish","4":"has-post-thumbnail","6":"product_brand-codecanyon","7":"product_cat-comercio-electronico-plugins","8":"product_cat-personalizacion-comercio-electronico-plugins","9":"product_cat-plugins","10":"product_tag-codecanyon","11":"member-discount","12":"discount-restricted","14":"first","15":"instock","16":"sale","17":"downloadable","18":"virtual","19":"sold-individually","20":"purchasable","21":"product-type-simple"},"_links":{"self":[{"href":"https:\/\/gpl-love.com\/es\/wp-json\/wp\/v2\/product\/116919","targetHints":{"allow":["GET"]}}],"collection":[{"href":"https:\/\/gpl-love.com\/es\/wp-json\/wp\/v2\/product"}],"about":[{"href":"https:\/\/gpl-love.com\/es\/wp-json\/wp\/v2\/types\/product"}],"replies":[{"embeddable":true,"href":"https:\/\/gpl-love.com\/es\/wp-json\/wp\/v2\/comments?post=116919"}],"wp:featuredmedia":[{"embeddable":true,"href":"https:\/\/gpl-love.com\/es\/wp-json\/wp\/v2\/media\/166462"}],"wp:attachment":[{"href":"https:\/\/gpl-love.com\/es\/wp-json\/wp\/v2\/media?parent=116919"}],"wp:term":[{"taxonomy":"product_brand","embeddable":true,"href":"https:\/\/gpl-love.com\/es\/wp-json\/wp\/v2\/product_brand?post=116919"},{"taxonomy":"product_cat","embeddable":true,"href":"https:\/\/gpl-love.com\/es\/wp-json\/wp\/v2\/product_cat?post=116919"},{"taxonomy":"product_tag","embeddable":true,"href":"https:\/\/gpl-love.com\/es\/wp-json\/wp\/v2\/product_tag?post=116919"}],"curies":[{"name":"wp","href":"https:\/\/api.w.org\/{rel}","templated":true}]}}