{"id":116899,"date":"2025-01-22T00:00:00","date_gmt":"2025-01-22T05:00:00","guid":{"rendered":"http:\/\/gpl-love.com\/es\/?post_type=product&#038;p=116899"},"modified":"2026-04-10T11:27:49","modified_gmt":"2026-04-10T16:27:49","slug":"themify-builder-image-pro","status":"publish","type":"product","link":"https:\/\/gpl-love.com\/es\/producto\/themify-builder-image-pro\/","title":{"rendered":"Themify Builder Image Pro 3.5.6"},"content":{"rendered":"<h3>Themify Builder Image Pro Caracteristicas<\/h3>\n<p>Themify Builder Image Pro es una herramienta de edici\u00f3n de im\u00e1genes muy robusta y avanzada que permite a los usuarios la capacidad de generar sin esfuerzo im\u00e1genes para sus sitios web. Con una interfaz f\u00e1cil de usar, este software excepcional ofrece una amplia gama de caracter\u00edsticas sofisticadas que abarcan el ajuste del color, el recorte, el cambio de tama\u00f1o y los filtros de im\u00e1genes, facilitando as\u00ed a los usuarios para elaborar im\u00e1genes que se alinean perfectamente con sus requisitos \u00fanicos. Adem\u00e1s, esta herramienta revolucionaria incorpora una variedad de plantillas meticulosamente elaboradas y una biblioteca expansiva que comprende m\u00e1s de 600 iconos y gr\u00e1ficos, lo que permite a los usuarios moda r\u00e1pidamente cautivando visualmente los dise\u00f1os con la mayor facilidad. Con su funcionalidad y versatilidad incomparables, Themify Builder Image Pro surge como la soluci\u00f3n definitiva para dise\u00f1adores web, blogueros y creadores de contenido que anhelan trascender las limitaciones de sus im\u00e1genes y garantizar su notable prominencia en sus respectivos sitios web. Abrazar Themify Builder Image Pro permite a los usuarios modificar im\u00e1genes de primer nivel y pulidos profesionalmente que aprovechan la atenci\u00f3n de su audiencia y aumentan en gran medida el atractivo visual de sus sitios web.<\/p>\n<ul>\n<li>Interfaz f\u00e1cil de arrastrar y soltar para crear hermosas galer\u00edas de im\u00e1genes<\/li>\n<li>Elija entre 25+ dise\u00f1os \u00fanicos de la galer\u00eda<\/li>\n<li>Personalice las galer\u00edas con efectos de desplazamiento y cajas de luz<\/li>\n<li>Agregar t\u00edtulos, descripciones y enlaces a im\u00e1genes<\/li>\n<li>Dise\u00f1o receptivo para usuarios m\u00f3viles y de tabletas<\/li>\n<li>Opciones de color ilimitadas para fondos y botones de galer\u00eda<\/li>\n<li>URL de imagen y etiquetas alternativas de SEO<\/li>\n<li>Integraci\u00f3n con la biblioteca de medios y fuentes de imagen de terceros<\/li>\n<li>Compatibilidad con todos los temas de Themify y plataformas de WordPress<\/li>\n<li>Soporte y actualizaciones gratuitas con la compra.<\/li>\n<\/ul>\n","protected":false},"excerpt":{"rendered":"<p>Presentamos el notable y altamente avanzado Themify Builder Image Pro, una soluci\u00f3n innovadora dise\u00f1ada espec\u00edficamente para capacitar a los usuarios en la creaci\u00f3n de sitios web visualmente llamativos que exudan un atractivo din\u00e1mico y cautivador. Con la inclusi\u00f3n de esta herramienta inmensamente poderosa dentro de su arsenal digital, incorpora sin esfuerzo im\u00e1genes impresionantes en sus p\u00e1ginas web, enriquecidas con una variedad de animaciones preinstaladas, efectos de desplazamiento y una abundancia de caracter\u00edsticas adicionales para explorar. Independientemente de si usted es un dise\u00f1ador profesional experimentado o un entusiasta y ambicioso constructor de sitios web de bricolaje, Themify Builder Image Pro facilita sin problemas la creaci\u00f3n de im\u00e1genes visualmente que est\u00e1n destinadas a dejar una marca innovadora en sus estimados visitantes. \u00bfPor qu\u00e9 retrasar m\u00e1s? Inicie su viaje hoy y impulse su sitio web a alturas de excelencia incomparables adoptando las capacidades extraordinarias otorgadas por Themify Builder Image Pro.<\/p>\n","protected":false},"featured_media":167743,"comment_status":"open","ping_status":"open","template":"","meta":[],"product_brand":[2578],"product_cat":[1214,1206,1211],"product_tag":[1400],"class_list":{"0":"post-116899","1":"product","2":"type-product","3":"status-publish","4":"has-post-thumbnail","6":"product_brand-themify","7":"product_cat-personalizacion","8":"product_cat-plugins","9":"product_cat-wordpress-plugins","10":"product_tag-themify","11":"member-discount","12":"discount-restricted","14":"first","15":"instock","16":"sale","17":"downloadable","18":"virtual","19":"sold-individually","20":"purchasable","21":"product-type-simple"},"_links":{"self":[{"href":"https:\/\/gpl-love.com\/es\/wp-json\/wp\/v2\/product\/116899","targetHints":{"allow":["GET"]}}],"collection":[{"href":"https:\/\/gpl-love.com\/es\/wp-json\/wp\/v2\/product"}],"about":[{"href":"https:\/\/gpl-love.com\/es\/wp-json\/wp\/v2\/types\/product"}],"replies":[{"embeddable":true,"href":"https:\/\/gpl-love.com\/es\/wp-json\/wp\/v2\/comments?post=116899"}],"wp:featuredmedia":[{"embeddable":true,"href":"https:\/\/gpl-love.com\/es\/wp-json\/wp\/v2\/media\/167743"}],"wp:attachment":[{"href":"https:\/\/gpl-love.com\/es\/wp-json\/wp\/v2\/media?parent=116899"}],"wp:term":[{"taxonomy":"product_brand","embeddable":true,"href":"https:\/\/gpl-love.com\/es\/wp-json\/wp\/v2\/product_brand?post=116899"},{"taxonomy":"product_cat","embeddable":true,"href":"https:\/\/gpl-love.com\/es\/wp-json\/wp\/v2\/product_cat?post=116899"},{"taxonomy":"product_tag","embeddable":true,"href":"https:\/\/gpl-love.com\/es\/wp-json\/wp\/v2\/product_tag?post=116899"}],"curies":[{"name":"wp","href":"https:\/\/api.w.org\/{rel}","templated":true}]}}