{"id":116841,"date":"2025-07-09T00:00:00","date_gmt":"2025-07-09T05:00:00","guid":{"rendered":"http:\/\/gpl-love.com\/es\/?post_type=product&#038;p=116841"},"modified":"2026-03-09T08:31:07","modified_gmt":"2026-03-09T13:31:07","slug":"wpforms-mailchimp","status":"publish","type":"product","link":"https:\/\/gpl-love.com\/es\/producto\/wpforms-mailchimp\/","title":{"rendered":"WPForms Mailchimp 2.5.1"},"content":{"rendered":"<h3>WPForms Mailchimp Caracteristicas<\/h3>\n<p>WPForms MailChimp es una soluci\u00f3n de software extremadamente robusta e influyente que le ofrece la capacidad perfecta de integrar sin esfuerzo WPFORMS, un complemento de formulario de formulario de arrastre y f\u00e1cil de usar altamente intuitivo y f\u00e1cil de usar que le brinda la oportunidad de generar una variedad de formas diversas como Formularios de contacto, formularios de pago, formularios de registro y muchos otros, con MailChimp, una plataforma de marketing de correo electr\u00f3nico incre\u00edblemente vers\u00e1til y integral que le permite enviar boletines de manera efectiva y eficiente, correos electr\u00f3nicos automatizados y campa\u00f1as con precisi\u00f3n a sus suscriptores valorados. Al utilizar las notables capacidades de WPForms MailChimp, puede establecer convenientemente una conexi\u00f3n directa entre sus formularios WPFORMS y su cuenta de MailChimp, lo que le permite agregar sin esfuerzo sus estimados suscriptores a su extensa lista de correo electr\u00f3nico. Adem\u00e1s, tambi\u00e9n puede configurar y organizar expertos flujos de trabajo de automatizaci\u00f3n diversos, segmentar ingeniosamente sus estimados suscriptores de manera estrat\u00e9gica y sistem\u00e1tica, y monitorear y evaluar diligentemente el rendimiento y la eficacia de sus campa\u00f1as multifac\u00e9ticas. Con su interfaz extremadamente f\u00e1cil de usar, WPForms MailChimp es, sin duda, una herramienta vital e indispensable para cualquier persona que busque fervientemente expandirse y mejorar activamente el tama\u00f1o y la calidad de su lista de correo electr\u00f3nico indispensable, al tiempo que eleva y aumenta la efectividad general y el impacto de su cr\u00edtica cr\u00edtica. Iniciativas importantes de marketing por correo electr\u00f3nico a un nivel completamente nuevo y sin precedentes de competencia y \u00e9xito.<\/p>\n<ul>\n<li>Integre WPFORMS con MailChimp para administrar sin problemas su lista de marketing por correo electr\u00f3nico.<\/li>\n<li>Aseg\u00farese de que los datos de sus usuarios se transfieran de manera segura de WPForms a MailChimp.<\/li>\n<li>Automatice sus campa\u00f1as de correo electr\u00f3nico configurando flujos de trabajo basados \u200b\u200ben actividades utilizando la integraci\u00f3n de WPForms MailChimp.<\/li>\n<li>Use la integraci\u00f3n para crear listas de correo electr\u00f3nico espec\u00edficas basadas en los formularios que los usuarios completan en su sitio.<\/li>\n<li>Administre sus suscriptores de MailChimp directamente desde el tablero WPFORMS.<\/li>\n<li>Disfrute de los beneficios de las opciones avanzadas de segmentaci\u00f3n y personalizaci\u00f3n para aumentar el compromiso y las conversiones.<\/li>\n<li>Use la integraci\u00f3n WPForms MailChimp para crear plantillas de correo electr\u00f3nico personalizadas y optimizadas que seguramente captar\u00e1n la atenci\u00f3n de su audiencia.<\/li>\n<li>Rastree y analice f\u00e1cilmente el rendimiento de su campa\u00f1a de correo electr\u00f3nico utilizando las herramientas de an\u00e1lisis incorporadas de MailChimp.<\/li>\n<\/ul>\n","protected":false},"excerpt":{"rendered":"<p>WPForms MailChimp es un complemento incre\u00edblemente robusto que tiene la capacidad de establecer sin esfuerzo una conexi\u00f3n entre WPForms y MailChimp con solo unos pocos clics simples. Esta herramienta notable optimiza y simplifica todo el proceso de creaci\u00f3n de formularios y la recopilaci\u00f3n de informaci\u00f3n esencial de suscriptor, lo que hace que los esfuerzos de marketing por correo electr\u00f3nico sean pr\u00e1cticamente sin esfuerzo. Con las capacidades excepcionales de WPForms MailChimp, tiene la capacidad de sincronizar sin problemas sus formularios meticulosamente elaborados directamente con su cuenta de MailChimp, brind\u00e1ndole la oportunidad de administrar eficientemente a sus suscriptores preciados. Adem\u00e1s, este complemento notable tambi\u00e9n le permite automatizar a la perfecci\u00f3n sus campa\u00f1as de correo electr\u00f3nico, al tiempo que le proporciona la capacidad invaluable para rastrear y analizar meticulosamente el impacto y la eficacia de dichas campa\u00f1as. Independientemente de si es un vendedor experimentado y experimentado o un aspirante a propietario de una peque\u00f1a empresa, WPForms MailChimp emerge indudablemente como la herramienta definitiva e indispensable que indudablemente impulsar\u00e1 sus esfuerzos de marketing por correo electr\u00f3nico a horizontes sin precedentes.<\/p>\n","protected":false},"featured_media":168503,"comment_status":"open","ping_status":"open","template":"","meta":[],"product_brand":[2628],"product_cat":[1232,1206,1211],"product_tag":[1440],"class_list":{"0":"post-116841","1":"product","2":"type-product","3":"status-publish","4":"has-post-thumbnail","6":"product_brand-wp-forms","7":"product_cat-marketing-wordpress-plugins","8":"product_cat-plugins","9":"product_cat-wordpress-plugins","10":"product_tag-wp-forms","11":"member-discount","12":"discount-restricted","14":"first","15":"instock","16":"sale","17":"downloadable","18":"virtual","19":"sold-individually","20":"purchasable","21":"product-type-simple"},"_links":{"self":[{"href":"https:\/\/gpl-love.com\/es\/wp-json\/wp\/v2\/product\/116841","targetHints":{"allow":["GET"]}}],"collection":[{"href":"https:\/\/gpl-love.com\/es\/wp-json\/wp\/v2\/product"}],"about":[{"href":"https:\/\/gpl-love.com\/es\/wp-json\/wp\/v2\/types\/product"}],"replies":[{"embeddable":true,"href":"https:\/\/gpl-love.com\/es\/wp-json\/wp\/v2\/comments?post=116841"}],"wp:featuredmedia":[{"embeddable":true,"href":"https:\/\/gpl-love.com\/es\/wp-json\/wp\/v2\/media\/168503"}],"wp:attachment":[{"href":"https:\/\/gpl-love.com\/es\/wp-json\/wp\/v2\/media?parent=116841"}],"wp:term":[{"taxonomy":"product_brand","embeddable":true,"href":"https:\/\/gpl-love.com\/es\/wp-json\/wp\/v2\/product_brand?post=116841"},{"taxonomy":"product_cat","embeddable":true,"href":"https:\/\/gpl-love.com\/es\/wp-json\/wp\/v2\/product_cat?post=116841"},{"taxonomy":"product_tag","embeddable":true,"href":"https:\/\/gpl-love.com\/es\/wp-json\/wp\/v2\/product_tag?post=116841"}],"curies":[{"name":"wp","href":"https:\/\/api.w.org\/{rel}","templated":true}]}}