{"id":116839,"date":"2023-08-18T00:00:00","date_gmt":"2023-08-18T05:00:00","guid":{"rendered":"http:\/\/gpl-love.com\/es\/?post_type=product&#038;p=116839"},"modified":"2026-03-09T08:30:55","modified_gmt":"2026-03-09T13:30:55","slug":"wpforms-custom-captcha","status":"publish","type":"product","link":"https:\/\/gpl-love.com\/es\/producto\/wpforms-custom-captcha\/","title":{"rendered":"WPForms Custom Captcha 1.8.0"},"content":{"rendered":"<h3>WPForms Custom Captcha Caracteristicas<\/h3>\n<p>WPFORMS Custom Captcha se presenta como un recurso altamente efectivo para las personas que administran sitios web que poseen el deseo de salvaguardar sus formas en l\u00ednea contra la invasi\u00f3n de SPAM y actos de sabotaje cometidos por bots. Este complemento f\u00e1cil de usar otorga a sus usuarios la capacidad de generar formularios CAPTCHA personalizados que se adaptan espec\u00edficamente para cumplir con sus requisitos \u00fanicos, lo que les permite disuadir la presentaci\u00f3n de contenido indeseable y garantizar la protecci\u00f3n de datos confidenciales. WPFORMS Custom Captcha proporciona a los propietarios de sitios web una amplia gama de opciones de Captcha para seleccionar, incluidos, entre otros, problemas de matem\u00e1ticas, desaf\u00edos de reconocimiento de im\u00e1genes y Captchas de audio. Adem\u00e1s, este complemento se integra sin problemas con todas las principales plataformas web y puede incorporarse sin esfuerzo a cualquier forma preexistente. Para resumir sucintamente, se puede afirmar con confianza que WPFORMS Custom Captcha se erige como una herramienta indispensable que debe ser adoptada f\u00e1cilmente por cada propietario del sitio web que anhele mantener la seguridad y la integridad de sus formularios en l\u00ednea al mismo tiempo que se defiende simult\u00e1neamente las persistentes atletistas de Spammers y Bots.<\/p>\n<ul>\n<li>CaptCha personalizado f\u00e1cil de usar para WPForms<\/li>\n<li>Ofrece una amplia gama de opciones de personalizaci\u00f3n<\/li>\n<li>Se puede integrar f\u00e1cilmente en sus formularios de contacto WPForms<\/li>\n<li>Mejora la seguridad de sus formularios de contacto y evita que los env\u00edos de spam<\/li>\n<li>No requiere ninguna habilidad de codificaci\u00f3n para instalar y usar<\/li>\n<li>Funciona sin problemas con WPForms, asegurando una experiencia de usuario fluida para sus visitantes<\/li>\n<li>Ofrece varios tipos de captchas, que incluyen im\u00e1genes, ecuaci\u00f3n matem\u00e1tica y captchas de rompecabezas<\/li>\n<li>Proporciona protecci\u00f3n confiable contra bots y intentos de env\u00edo automatizados<\/li>\n<li>Ayuda a asegurarse de que solo reciba env\u00edos genuinos de formularios y consultas de los clientes.<\/li>\n<\/ul>\n","protected":false},"excerpt":{"rendered":"<p>WPFORMS Custom Captcha, una herramienta incre\u00edblemente robusta, tiene el prop\u00f3sito vital de salvaguardar los formularios en su sitio web al verificar efectivamente la presencia de una entidad humana con el objetivo de completarlos. Al otorgarle la notable capacidad de adaptar a Captcha de acuerdo con sus preferencias espec\u00edficas, puede establecer una capa de salvaguardia adicional que se adapte singularmente a las necesidades de su sitio web. Adem\u00e1s, el proceso de configurar WPFORMS Custom Captcha es r\u00e1pido y lo hace sin esfuerzo, fusionando sin esfuerzo con sus formularios actuales. Despedirse de la incesante molestia de las presentaciones de spam y dar la bienvenida a la tranquilidad mental que acompa\u00f1a a la implementaci\u00f3n de WPForms Custom Captcha.<\/p>\n","protected":false},"featured_media":168494,"comment_status":"open","ping_status":"open","template":"","meta":[],"product_brand":[2628],"product_cat":[1214,1206,1211],"product_tag":[1440],"class_list":{"0":"post-116839","1":"product","2":"type-product","3":"status-publish","4":"has-post-thumbnail","6":"product_brand-wp-forms","7":"product_cat-personalizacion","8":"product_cat-plugins","9":"product_cat-wordpress-plugins","10":"product_tag-wp-forms","11":"member-discount","12":"discount-restricted","14":"first","15":"instock","16":"sale","17":"downloadable","18":"virtual","19":"sold-individually","20":"purchasable","21":"product-type-simple"},"_links":{"self":[{"href":"https:\/\/gpl-love.com\/es\/wp-json\/wp\/v2\/product\/116839","targetHints":{"allow":["GET"]}}],"collection":[{"href":"https:\/\/gpl-love.com\/es\/wp-json\/wp\/v2\/product"}],"about":[{"href":"https:\/\/gpl-love.com\/es\/wp-json\/wp\/v2\/types\/product"}],"replies":[{"embeddable":true,"href":"https:\/\/gpl-love.com\/es\/wp-json\/wp\/v2\/comments?post=116839"}],"wp:featuredmedia":[{"embeddable":true,"href":"https:\/\/gpl-love.com\/es\/wp-json\/wp\/v2\/media\/168494"}],"wp:attachment":[{"href":"https:\/\/gpl-love.com\/es\/wp-json\/wp\/v2\/media?parent=116839"}],"wp:term":[{"taxonomy":"product_brand","embeddable":true,"href":"https:\/\/gpl-love.com\/es\/wp-json\/wp\/v2\/product_brand?post=116839"},{"taxonomy":"product_cat","embeddable":true,"href":"https:\/\/gpl-love.com\/es\/wp-json\/wp\/v2\/product_cat?post=116839"},{"taxonomy":"product_tag","embeddable":true,"href":"https:\/\/gpl-love.com\/es\/wp-json\/wp\/v2\/product_tag?post=116839"}],"curies":[{"name":"wp","href":"https:\/\/api.w.org\/{rel}","templated":true}]}}