{"id":116814,"date":"2025-10-28T00:00:00","date_gmt":"2025-10-28T05:00:00","guid":{"rendered":"http:\/\/gpl-love.com\/es\/?post_type=product&#038;p=116814"},"modified":"2026-03-09T07:41:28","modified_gmt":"2026-03-09T12:41:28","slug":"gravityview-ratings-y-reviews","status":"publish","type":"product","link":"https:\/\/gpl-love.com\/es\/producto\/gravityview-ratings-y-reviews\/","title":{"rendered":"Gravity View Ratings y Reviews 2.5.3"},"content":{"rendered":"<h3>Gravity View Ratings y Reviews Caracteristicas<\/h3>\n<p>La herramienta Gravity View Ratings and Reviews es un activo incre\u00edblemente robusto e influyente que faculta a las empresas para exhibir efectivamente sus comentarios de sus clientes, complementado con calificaciones STAR, en su sitio web. Al utilizar esta herramienta excepcional, las empresas pueden reunir sin esfuerzo y mostrar las revisiones y calificaciones de los clientes de una manera est\u00e9ticamente agradable y totalmente personalizable. En particular, la herramienta de calificaciones y revisiones de gravedad cuenta con una interfaz f\u00e1cil de usar y abarca una gran cantidad de caracter\u00edsticas avanzadas, que incluyen moderaci\u00f3n, filtrado y campos personalizados. Estos atributos excepcionales permiten a las empresas administrar eficientemente sus revisiones y garantizar que solo la retroalimentaci\u00f3n aut\u00e9ntica se muestre de manera prominente en su sitio web. Al aprovechar el poder de las calificaciones y las revisiones de la visi\u00f3n de gravedad, las empresas pueden cultivar confianza y credibilidad con sus valiosos clientes, fortalecer su reputaci\u00f3n en l\u00ednea y, posteriormente, presenciar un impulso sustancial en sus cifras de ventas.<\/p>\n<ul>\n<li>Muestre las calificaciones y las revisiones de los usuarios en su sitio web utilizando datos de formularios de gravedad.<\/li>\n<li>Personalice el dise\u00f1o y el estilo de sus calificaciones y revisiones para que coincidan con el dise\u00f1o de su sitio web.<\/li>\n<li>Filtrar y clasificar las revisiones por fecha, calificaci\u00f3n y otros criterios para resaltar los comentarios m\u00e1s relevantes.<\/li>\n<li>Permita que los usuarios env\u00eden revisiones directamente en su sitio web utilizando un formulario f\u00e1cil de usar.<\/li>\n<li>Muestre calificaciones y revisiones agregadas para m\u00faltiples productos o servicios en una sola p\u00e1gina.<\/li>\n<li>Realice la participaci\u00f3n del usuario con sus calificaciones y revisiones utilizando an\u00e1lisis incorporados y herramientas de informes.<\/li>\n<li>Mejore la optimizaci\u00f3n de su motor de b\u00fasqueda incluyendo contenido generado por el usuario en su sitio web.<\/li>\n<li>Mejore la confianza del usuario y la credibilidad mostrando comentarios aut\u00e9nticos de clientes reales.<\/li>\n<li>Satisfacer las expectativas de los usuarios de transparencia y apertura al proporcionar una plataforma para comentarios y discusi\u00f3n.<\/li>\n<\/ul>\n","protected":false},"excerpt":{"rendered":"<p>Gravity View Ratings and Reviews es un complemento altamente eficiente y conveniente que le ofrece la capacidad perfecta para exhibir las revisiones y calificaciones de los clientes en su sitio web. Al utilizar este complemento de vanguardia, est\u00e1 facultado para mostrar revisiones y calificaciones de una amplia gama de fuentes, incluidas las revisiones de Google, Trustpilot y Yelp, todo en una ubicaci\u00f3n centralizada. En particular, este complemento cuenta con su notable facilidad de uso junto con una gran cantidad de caracter\u00edsticas personalizables que indudablemente elevar\u00e1 el atractivo visual de su secci\u00f3n de revisiones. Sorprendentemente, tiene la oportunidad de mostrar revisiones en m\u00faltiples p\u00e1ginas web dentro de su sitio web, al tiempo que otorga a sus usuarios la conveniencia de emplear filtros para buscar sin esfuerzo revisiones relacionadas con productos espec\u00edficos. Adem\u00e1s, puede hacer alarde de sus revisiones m\u00e1s excepcionales a trav\u00e9s de la integraci\u00f3n de un widget cautivador. Tenga la seguridad de que la implementaci\u00f3n de las calificaciones y las revisiones de View Gravity aumentar\u00e1 significativamente la autenticidad de su sitio web y se alejar\u00e1 en un mayor volumen de clientes potenciales.<\/p>\n","protected":false},"featured_media":166382,"comment_status":"open","ping_status":"open","template":"","meta":[],"product_brand":[2472],"product_cat":[1214,1206,1211],"product_tag":[1304],"class_list":{"0":"post-116814","1":"product","2":"type-product","3":"status-publish","4":"has-post-thumbnail","6":"product_brand-gravityview","7":"product_cat-personalizacion","8":"product_cat-plugins","9":"product_cat-wordpress-plugins","10":"product_tag-gravityview","11":"member-discount","12":"discount-restricted","14":"first","15":"instock","16":"sale","17":"downloadable","18":"virtual","19":"sold-individually","20":"purchasable","21":"product-type-simple"},"_links":{"self":[{"href":"https:\/\/gpl-love.com\/es\/wp-json\/wp\/v2\/product\/116814","targetHints":{"allow":["GET"]}}],"collection":[{"href":"https:\/\/gpl-love.com\/es\/wp-json\/wp\/v2\/product"}],"about":[{"href":"https:\/\/gpl-love.com\/es\/wp-json\/wp\/v2\/types\/product"}],"replies":[{"embeddable":true,"href":"https:\/\/gpl-love.com\/es\/wp-json\/wp\/v2\/comments?post=116814"}],"wp:featuredmedia":[{"embeddable":true,"href":"https:\/\/gpl-love.com\/es\/wp-json\/wp\/v2\/media\/166382"}],"wp:attachment":[{"href":"https:\/\/gpl-love.com\/es\/wp-json\/wp\/v2\/media?parent=116814"}],"wp:term":[{"taxonomy":"product_brand","embeddable":true,"href":"https:\/\/gpl-love.com\/es\/wp-json\/wp\/v2\/product_brand?post=116814"},{"taxonomy":"product_cat","embeddable":true,"href":"https:\/\/gpl-love.com\/es\/wp-json\/wp\/v2\/product_cat?post=116814"},{"taxonomy":"product_tag","embeddable":true,"href":"https:\/\/gpl-love.com\/es\/wp-json\/wp\/v2\/product_tag?post=116814"}],"curies":[{"name":"wp","href":"https:\/\/api.w.org\/{rel}","templated":true}]}}