{"id":116812,"date":"2026-03-20T00:00:00","date_gmt":"2026-03-20T05:00:00","guid":{"rendered":"http:\/\/gpl-love.com\/es\/?post_type=product&#038;p=116812"},"modified":"2026-03-20T17:15:38","modified_gmt":"2026-03-20T22:15:38","slug":"gravityview-maps","status":"publish","type":"product","link":"https:\/\/gpl-love.com\/es\/producto\/gravityview-maps\/","title":{"rendered":"Gravity View Maps 3.6.4"},"content":{"rendered":"<h3>Gravity View Maps Caracteristicas<\/h3>\n<p>Gravity View Maps es una herramienta excepcionalmente robusta y potente que posee la capacidad de transformar h\u00e1bilmente los datos en mapas visualmente cautivadores y f\u00e1ciles de usar. Este software excepcionalmente avanzado ha sido intrincadamente dise\u00f1ado para acumular efectivamente los datos de una variedad de fuentes diversas y exhibirlo sin esfuerzo en un mapa de una manera que sea excepcionalmente comprensible y f\u00e1cilmente digerible. Al aprovechar el poder de los mapas de vista por gravedad, los usuarios tienen la capacidad \u00fanica e incomparable para personalizar y adaptar sus mapas para incorporar una mir\u00edada de conjuntos de datos diversos y extensos. Estos conjuntos de datos pueden abarcar una variedad de informaci\u00f3n crucial, como ubicaciones precisas, ideas demogr\u00e1ficas intrincadas y una variedad de otros datos pertinentes e invaluables. En consecuencia, esta herramienta de vanguardia faculta a los usuarios para percibir sus datos a trav\u00e9s de una lente completamente fresca y novedosa, facilitando as\u00ed la identificaci\u00f3n acelerada de las tendencias y patrones predominantes que de otro modo podr\u00edan haber seguido siendo dif\u00edcil de alcanzar. Independientemente de si est\u00e1 analizando fervientemente los datos de ventas, analizando y examinando meticulosamente a trav\u00e9s de intrincados datos demogr\u00e1ficos de los clientes, o incluso evaluando y analizando meticulosamente cualquier otra variante de datos, est\u00e1 abundantemente claro que los mapas de vista de gravedad emergen sin innegramente como una herramienta indispensable e invaluable que se eleva eficazmente a los aumentos efectivos. Usted anula y extraer informaci\u00f3n invaluable de sus dep\u00f3sitos de datos, lo que le permite tomar decisiones mejor informadas con una facilidad y precisi\u00f3n incomparables.<\/p>\n<ul>\n<li>Muestra mapas interactivos en su sitio web de WordPress, utilizando datos de formularios de gravedad<\/li>\n<li>Admite m\u00faltiples tipos de mapas, incluidos Google Maps y OpenStreetMap<\/li>\n<li>Permite agregar marcadores personalizados a mapas, incluidas las im\u00e1genes cargadas<\/li>\n<li>Ofrece la capacidad de agrupar marcadores, mejorando el rendimiento del mapa con grandes conjuntos de datos<\/li>\n<li>Incluye opciones de filtrado para mostrar marcadores relevantes basados \u200b\u200ben datos de campo de formulario<\/li>\n<li>Admite m\u00faltiples vistas de mapas, como sat\u00e9lite y terreno<\/li>\n<li>Funcionalidad de b\u00fasqueda incorporada para encontrar r\u00e1pidamente marcadores en el mapa<\/li>\n<li>Estilos de mapa f\u00e1ciles de personalizar para que coincidan con el dise\u00f1o de su sitio web<\/li>\n<li>Responsable m\u00f3vil, asegurando las pantallas correctamente en todos los tama\u00f1os de dispositivo<\/li>\n<li>Integraci\u00f3n perfecta con formularios de gravedad, lo que permite una f\u00e1cil asignaci\u00f3n de datos y personalizaci\u00f3n.<\/li>\n<\/ul>\n","protected":false},"excerpt":{"rendered":"<p>Gravity View Maps es un complemento inmensamente robusto, repleto de una variedad de funcionalidades, lo que le permite exhibir sin esfuerzo sus entradas de formularios de gravedad en un mapa. Independientemente de si est\u00e1 acumulando datos relacionados con las ubicaciones de los clientes, las predilecciones de los usuarios o cualquier otra forma de informaci\u00f3n que pueda ser geocodificada, esta herramienta indispensable garantiza una visualizaci\u00f3n y comprensi\u00f3n perfecta de las ideas invaluables que ha obtenido minuciosamente. Al ofrecer una variedad de marcadores personalizables, capacidades de agrupaci\u00f3n y funcionalidades de b\u00fasqueda, este complemento es una necesidad absoluta para cualquier sitio web que dependa en gran medida de los formularios de gravedad para recopilar datos.<\/p>\n","protected":false},"featured_media":166379,"comment_status":"open","ping_status":"open","template":"","meta":[],"product_brand":[2472],"product_cat":[1214,1206,1211],"product_tag":[1304],"class_list":{"0":"post-116812","1":"product","2":"type-product","3":"status-publish","4":"has-post-thumbnail","6":"product_brand-gravityview","7":"product_cat-personalizacion","8":"product_cat-plugins","9":"product_cat-wordpress-plugins","10":"product_tag-gravityview","11":"member-discount","12":"discount-restricted","14":"first","15":"instock","16":"sale","17":"downloadable","18":"virtual","19":"sold-individually","20":"purchasable","21":"product-type-simple"},"_links":{"self":[{"href":"https:\/\/gpl-love.com\/es\/wp-json\/wp\/v2\/product\/116812","targetHints":{"allow":["GET"]}}],"collection":[{"href":"https:\/\/gpl-love.com\/es\/wp-json\/wp\/v2\/product"}],"about":[{"href":"https:\/\/gpl-love.com\/es\/wp-json\/wp\/v2\/types\/product"}],"replies":[{"embeddable":true,"href":"https:\/\/gpl-love.com\/es\/wp-json\/wp\/v2\/comments?post=116812"}],"wp:featuredmedia":[{"embeddable":true,"href":"https:\/\/gpl-love.com\/es\/wp-json\/wp\/v2\/media\/166379"}],"wp:attachment":[{"href":"https:\/\/gpl-love.com\/es\/wp-json\/wp\/v2\/media?parent=116812"}],"wp:term":[{"taxonomy":"product_brand","embeddable":true,"href":"https:\/\/gpl-love.com\/es\/wp-json\/wp\/v2\/product_brand?post=116812"},{"taxonomy":"product_cat","embeddable":true,"href":"https:\/\/gpl-love.com\/es\/wp-json\/wp\/v2\/product_cat?post=116812"},{"taxonomy":"product_tag","embeddable":true,"href":"https:\/\/gpl-love.com\/es\/wp-json\/wp\/v2\/product_tag?post=116812"}],"curies":[{"name":"wp","href":"https:\/\/api.w.org\/{rel}","templated":true}]}}