{"id":116541,"date":"2025-09-11T00:00:00","date_gmt":"2025-09-11T05:00:00","guid":{"rendered":"http:\/\/gpl-love.com\/es\/?post_type=product&#038;p=116541"},"modified":"2026-04-10T11:19:14","modified_gmt":"2026-04-10T16:19:14","slug":"ninja-forms-convertkit","status":"publish","type":"product","link":"https:\/\/gpl-love.com\/es\/producto\/ninja-forms-convertkit\/","title":{"rendered":"Ninja Forms ConvertKit 3.1.3"},"content":{"rendered":"<h3>Ninja Forms ConvertKit Caracteristicas<\/h3>\n<p>Ninja Forms Convertkit cuenta con una impresionante variedad de caracter\u00edsticas dise\u00f1adas para integrar a la perfecci\u00f3n sus formularios de env\u00edo Ninja Forms con su cuenta Convertkit, proporcionando una experiencia perfecta y eficiente. Al aprovechar el poder de esta integraci\u00f3n, puede reunir sin esfuerzo los valiosos clientes potenciales de los visitantes de su sitio web e incorporarlos sin esfuerzo en su lista de correo electr\u00f3nico Convertkit. Esto no solo le ahorra un tiempo y esfuerzo preciosos, sino que tambi\u00e9n garantiza que su lista de correo electr\u00f3nico permanezca perpetuamente actualizada y relevante. Adem\u00e1s, la simplicidad y la versatilidad del proceso de integraci\u00f3n potenciar incluso a los due\u00f1os de negocios m\u00e1s novatos para configurar y personalizar su configuraci\u00f3n sin esfuerzo, lo que lo convierte en una elecci\u00f3n extremadamente f\u00e1cil de usar. En esencia, Ninja Forms Convertkit es un activo indispensable para cualquier individuo con el objetivo de optimizar sus esfuerzos de marketing por correo electr\u00f3nico y cultivar un crecimiento sustancial en su lista de correo electr\u00f3nico.<\/p>\n<ul>\n<li>Una poderosa herramienta de integraci\u00f3n para convertir los formularios de Ninja en los suscriptores de Convertkit.<\/li>\n<li>Proceso de configuraci\u00f3n extremadamente f\u00e1cil de usar y f\u00e1cil, incluso para usuarios no t\u00e9cnicos.<\/li>\n<li>Cree formularios personalizados para su sitio web y env\u00ede autom\u00e1ticamente datos a Convertkit.<\/li>\n<li>Configure autom\u00e1ticamente etiquetas, segmentos y formularios dentro de Convertkit en funci\u00f3n de los env\u00edos de formulario.<\/li>\n<li>Impulse la generaci\u00f3n de leads de su sitio web con campa\u00f1as de marketing por correo electr\u00f3nico altamente dirigidas y personalizadas a trav\u00e9s de Convertkit.<\/li>\n<li>Agilice sus esfuerzos de marketing consolidando su construcci\u00f3n de formularios y herramientas de marketing por correo electr\u00f3nico.<\/li>\n<li>Extienda la funcionalidad del complemento Ninja Forms, para mejorar a\u00fan m\u00e1s la eficiencia y la productividad de su negocio.<\/li>\n<li>Asegura que toda su entrada de datos sea precisa, y nunca vuelve a perder clientes potenciales a trav\u00e9s del error humano.<\/li>\n<li>Le permite conectarse con su base de consumidores de una manera altamente personalizada, en cualquier herramienta que probablemente est\u00e9n leyendo mensajes.<\/li>\n<li>Aumenta las tasas de conversi\u00f3n de plomo, mientras que a\u00fan no son lo m\u00e1s intrusivos posible.<\/li>\n<\/ul>\n","protected":false},"excerpt":{"rendered":"<p>Ninja Forms Convertkit, una herramienta de integraci\u00f3n altamente efectiva, ofrece la conexi\u00f3n perfecta de los env\u00edos del formulario de contacto a la notable plataforma de marketing de correo electr\u00f3nico Convertkit. A trav\u00e9s de esta integraci\u00f3n, la expansi\u00f3n de su lista de correo electr\u00f3nico se puede lograr sin esfuerzo, mientras que la automatizaci\u00f3n de campa\u00f1as espec\u00edficas se vuelve muy f\u00e1cil. Al utilizar los formularios Ninja Convertkit, se erradica la ardua tarea de la entrada de datos manuales, otorg\u00e1ndole la oportunidad de dedicar sus esfuerzos para nutrir a su audiencia y aumentar sus conversiones. Este producto excepcional resulta particularmente ventajoso para los due\u00f1os de negocios, vendedores y bloggers que buscan optimizar sus esfuerzos de marketing por correo electr\u00f3nico y optimizar la gesti\u00f3n del tiempo.<\/p>\n","protected":false},"featured_media":167004,"comment_status":"open","ping_status":"open","template":"","meta":[],"product_brand":[2509],"product_cat":[1232,1206,1211],"product_tag":[1338],"class_list":{"0":"post-116541","1":"product","2":"type-product","3":"status-publish","4":"has-post-thumbnail","6":"product_brand-ninja-forms","7":"product_cat-marketing-wordpress-plugins","8":"product_cat-plugins","9":"product_cat-wordpress-plugins","10":"product_tag-ninja-forms","11":"member-discount","12":"discount-restricted","14":"first","15":"instock","16":"sale","17":"downloadable","18":"virtual","19":"sold-individually","20":"purchasable","21":"product-type-simple"},"_links":{"self":[{"href":"https:\/\/gpl-love.com\/es\/wp-json\/wp\/v2\/product\/116541","targetHints":{"allow":["GET"]}}],"collection":[{"href":"https:\/\/gpl-love.com\/es\/wp-json\/wp\/v2\/product"}],"about":[{"href":"https:\/\/gpl-love.com\/es\/wp-json\/wp\/v2\/types\/product"}],"replies":[{"embeddable":true,"href":"https:\/\/gpl-love.com\/es\/wp-json\/wp\/v2\/comments?post=116541"}],"wp:featuredmedia":[{"embeddable":true,"href":"https:\/\/gpl-love.com\/es\/wp-json\/wp\/v2\/media\/167004"}],"wp:attachment":[{"href":"https:\/\/gpl-love.com\/es\/wp-json\/wp\/v2\/media?parent=116541"}],"wp:term":[{"taxonomy":"product_brand","embeddable":true,"href":"https:\/\/gpl-love.com\/es\/wp-json\/wp\/v2\/product_brand?post=116541"},{"taxonomy":"product_cat","embeddable":true,"href":"https:\/\/gpl-love.com\/es\/wp-json\/wp\/v2\/product_cat?post=116541"},{"taxonomy":"product_tag","embeddable":true,"href":"https:\/\/gpl-love.com\/es\/wp-json\/wp\/v2\/product_tag?post=116541"}],"curies":[{"name":"wp","href":"https:\/\/api.w.org\/{rel}","templated":true}]}}