{"id":116539,"date":"2023-04-01T00:00:00","date_gmt":"2023-04-01T05:00:00","guid":{"rendered":"http:\/\/gpl-love.com\/es\/?post_type=product&#038;p=116539"},"modified":"2026-04-10T11:19:13","modified_gmt":"2026-04-10T16:19:13","slug":"ninja-forms-constant-contact","status":"publish","type":"product","link":"https:\/\/gpl-love.com\/es\/producto\/ninja-forms-constant-contact\/","title":{"rendered":"Ninja Forms Constant Contact 3.1.1"},"content":{"rendered":"<h3>Ninja Forms Constant Contact Caracteristicas<\/h3>\n<p>Ninja Forms Constant Contact es un complemento excepcionalmente robusto que combina sin problemas dos de las herramientas m\u00e1s ampliamente utilizadas en el mercado actual. A trav\u00e9s de la utilizaci\u00f3n de este complemento, se le otorga la capacidad de integrar sin esfuerzo sus formularios ninja con contacto constante, que se reconoce universalmente como una plataforma de marketing por correo electr\u00f3nico preeminente. La integraci\u00f3n en s\u00ed facilita la adquisici\u00f3n sin esfuerzo de los datos del cliente de su sitio web mediante formularios ninja, lo que posteriormente permite la adici\u00f3n autom\u00e1tica de dichos datos a sus constantes listas de correo electr\u00f3nico de contacto, lo que permite futuras campa\u00f1as de marketing. Adem\u00e1s, este complemento cuenta con la funcionalidad para personalizar y adaptar sus boletines de correo electr\u00f3nico, monitorear y evaluar meticulosamente el rendimiento de sus campa\u00f1as de correo electr\u00f3nico, as\u00ed como segmentar su base de clientes con el prop\u00f3sito de esfuerzos de marketing con mayor precisi\u00f3n. En \u00faltima instancia, esta integraci\u00f3n perfecta sirve para mejorar la eficiencia de sus estrategias de marketing y optimizar su capacidad de interactuar con su base de clientes en una escala m\u00e1s amplia.<\/p>\n<ul>\n<li>Integra formularios ninja con contacto constante<\/li>\n<li>Permite a los usuarios sincronizar f\u00e1cilmente sus env\u00edos de formularios con listas de contactos de contacto constantes<\/li>\n<li>Agiliza el proceso de recopilaci\u00f3n y organizaci\u00f3n de la informaci\u00f3n del usuario<\/li>\n<li>Automatizar el proceso de enviar correos electr\u00f3nicos y boletines de seguimiento a usuarios suscritos<\/li>\n<li>Proporciona informes detallados y an\u00e1lisis sobre env\u00edos de formularios y campa\u00f1as de correo electr\u00f3nico<\/li>\n<li>La interfaz f\u00e1cil de usar facilita la configuraci\u00f3n y la administraci\u00f3n de la integraci\u00f3n<\/li>\n<li>Ahorra tiempo y mejora la eficiencia para empresas y organizaciones que dependen tanto de los formularios ninja como en el contacto constante.<\/li>\n<\/ul>\n","protected":false},"excerpt":{"rendered":"<p>La integraci\u00f3n de los formularios ninja y el contacto constante es una soluci\u00f3n de software innovadora que tiene como objetivo optimizar y optimizar la ardua tarea de capturar los datos del usuario integr\u00e1ndolo sin problemas con su cuenta de contacto constante existente. Esta integraci\u00f3n altamente eficiente no solo facilita la generaci\u00f3n de leads mejorada, sino que tambi\u00e9n le permite embarcarse en campa\u00f1as de marketing por correo electr\u00f3nico espec\u00edficas con la m\u00e1xima facilidad. Adem\u00e1s, establece una conexi\u00f3n suave y sin esfuerzo entre las presentaciones recibidas a trav\u00e9s de sus formularios en l\u00ednea y sus listas de contactos, asegurando que ninguna informaci\u00f3n valiosa se deslice a trav\u00e9s de las grietas. Con su interfaz f\u00e1cil de usar y su amplia gama de opciones de personalizaci\u00f3n s\u00f3lidas, esta integraci\u00f3n faculta a su negocio para recopilar, organizar y analizar meticulosamente los datos significativos de los clientes, revolucionando as\u00ed sus estrategias de marketing por correo electr\u00f3nico. Al implementar los formularios Ninja, la integraci\u00f3n de contacto constante, puede ahorrar tiempo y esfuerzo significativos al tiempo que simplifica y optimiza y optimiza sus esfuerzos de marketing por correo electr\u00f3nico.<\/p>\n","protected":false},"featured_media":167003,"comment_status":"open","ping_status":"open","template":"","meta":[],"product_brand":[2509],"product_cat":[1232,1206,1211],"product_tag":[1338],"class_list":{"0":"post-116539","1":"product","2":"type-product","3":"status-publish","4":"has-post-thumbnail","6":"product_brand-ninja-forms","7":"product_cat-marketing-wordpress-plugins","8":"product_cat-plugins","9":"product_cat-wordpress-plugins","10":"product_tag-ninja-forms","11":"member-discount","12":"discount-restricted","14":"first","15":"instock","16":"sale","17":"downloadable","18":"virtual","19":"sold-individually","20":"purchasable","21":"product-type-simple"},"_links":{"self":[{"href":"https:\/\/gpl-love.com\/es\/wp-json\/wp\/v2\/product\/116539","targetHints":{"allow":["GET"]}}],"collection":[{"href":"https:\/\/gpl-love.com\/es\/wp-json\/wp\/v2\/product"}],"about":[{"href":"https:\/\/gpl-love.com\/es\/wp-json\/wp\/v2\/types\/product"}],"replies":[{"embeddable":true,"href":"https:\/\/gpl-love.com\/es\/wp-json\/wp\/v2\/comments?post=116539"}],"wp:featuredmedia":[{"embeddable":true,"href":"https:\/\/gpl-love.com\/es\/wp-json\/wp\/v2\/media\/167003"}],"wp:attachment":[{"href":"https:\/\/gpl-love.com\/es\/wp-json\/wp\/v2\/media?parent=116539"}],"wp:term":[{"taxonomy":"product_brand","embeddable":true,"href":"https:\/\/gpl-love.com\/es\/wp-json\/wp\/v2\/product_brand?post=116539"},{"taxonomy":"product_cat","embeddable":true,"href":"https:\/\/gpl-love.com\/es\/wp-json\/wp\/v2\/product_cat?post=116539"},{"taxonomy":"product_tag","embeddable":true,"href":"https:\/\/gpl-love.com\/es\/wp-json\/wp\/v2\/product_tag?post=116539"}],"curies":[{"name":"wp","href":"https:\/\/api.w.org\/{rel}","templated":true}]}}