{"id":116517,"date":"2025-12-25T00:00:00","date_gmt":"2025-12-25T05:00:00","guid":{"rendered":"http:\/\/gpl-love.com\/es\/?post_type=product&#038;p=116517"},"modified":"2026-03-09T08:25:27","modified_gmt":"2026-03-09T13:25:27","slug":"woocommerce-single-product-page-builder","status":"publish","type":"product","link":"https:\/\/gpl-love.com\/es\/producto\/woocommerce-single-product-page-builder\/","title":{"rendered":"WooCommerce Single Product Page Builder 5.3.7"},"content":{"rendered":"<h3>WooCommerce Single Product Page Builder Caracteristicas<\/h3>\n<p>El WooCommerce Unife Product PageLer Builder, una herramienta excepcionalmente vers\u00e1til, le otorga la capacidad de dise\u00f1ar p\u00e1ginas de productos individuales personalizados para su Emporium de comercio electr\u00f3nico. Esta ingeniosa herramienta le permite manipular y posicionar sin esfuerzo una variedad de componentes, incluidas descripciones de productos, im\u00e1genes, precios y m\u00e1s, facilitando as\u00ed la creaci\u00f3n de una p\u00e1gina visualmente cautivadora que exhibe de manera \u00f3ptima su mercanc\u00eda. Adem\u00e1s, le otorga la capacidad de ejercer un dominio completo sobre el dise\u00f1o y la est\u00e9tica de sus p\u00e1ginas, asegurando as\u00ed una apariencia uniforme y decididamente sofisticada en toda su tienda virtual. Al emplear al constructor de p\u00e1ginas de productos \u00fanicos de WooCommerce, puede elevar la experiencia de compra para su estimada clientela, aumentar las conversiones y, en \u00faltima instancia, cultivar un crecimiento sustancial para su empresa en l\u00ednea.<\/p>\n<ul>\n<li>Interfaz de arrastrar y soltar f\u00e1cil de usar<\/li>\n<li>Dise\u00f1os de productos personalizables<\/li>\n<li>Capacidad para agregar campos personalizados y pesta\u00f1as de productos<\/li>\n<li>Opciones de dise\u00f1o m\u00faltiples que incluyen pesta\u00f1as verticales y horizontales<\/li>\n<li>C\u00f3digos cortos incorporados para precios, agregar al bot\u00f3n de carrito y una galer\u00eda de im\u00e1genes de productos<\/li>\n<li>\u00c1rea de descripci\u00f3n de producto personalizable<\/li>\n<li>Capacidad para agregar HTML y CSS personalizado<\/li>\n<li>Dise\u00f1o de respuesta m\u00f3vil<\/li>\n<li>Compatible con pr\u00e1cticamente cualquier tema de WooCommerce<\/li>\n<li>Actualizaciones y soporte regulares del desarrollador.<\/li>\n<\/ul>\n","protected":false},"excerpt":{"rendered":"<p>El WooCommerce Unife Product Page Builder es una herramienta incre\u00edblemente robusta y rica en caracter\u00edsticas que le otorga la capacidad incomparable para adaptar y modificar sin esfuerzo sus p\u00e1ginas de productos dentro de su plataforma de comercio electr\u00f3nico de WooCommerce. Al aprovechar el poder de su funcionalidad de arrastrar y soltar y una extensa variedad de plantillas personalizables, puede dise\u00f1ar p\u00e1ginas de productos exquisitamente distintivas y est\u00e9ticamente agradables que indudablemente lo distinguir\u00e1n de sus competidores. Adem\u00e1s, esta herramienta notable cuenta con una interfaz f\u00e1cil de usar, asegurando que incluso las personas sin experiencia en codificaci\u00f3n puedan navegar y optimizar sin problemas sus p\u00e1ginas de productos. Con el constructor de p\u00e1ginas de productos \u00fanicos de WooCommerce a su disposici\u00f3n, puede aprovechar efectivamente las riendas y crear una experiencia de compra incomparable que dejar\u00e1 una impresi\u00f3n indeleble en su estimada clientela.<\/p>\n","protected":false},"featured_media":168265,"comment_status":"open","ping_status":"open","template":"","meta":[],"product_brand":[2339],"product_cat":[1207,1248,1206],"product_tag":[1256],"class_list":{"0":"post-116517","1":"product","2":"type-product","3":"status-publish","4":"has-post-thumbnail","6":"product_brand-codecanyon","7":"product_cat-comercio-electronico-plugins","8":"product_cat-personalizacion-comercio-electronico-plugins","9":"product_cat-plugins","10":"product_tag-codecanyon","11":"member-discount","12":"discount-restricted","14":"first","15":"instock","16":"sale","17":"downloadable","18":"virtual","19":"sold-individually","20":"purchasable","21":"product-type-simple"},"_links":{"self":[{"href":"https:\/\/gpl-love.com\/es\/wp-json\/wp\/v2\/product\/116517","targetHints":{"allow":["GET"]}}],"collection":[{"href":"https:\/\/gpl-love.com\/es\/wp-json\/wp\/v2\/product"}],"about":[{"href":"https:\/\/gpl-love.com\/es\/wp-json\/wp\/v2\/types\/product"}],"replies":[{"embeddable":true,"href":"https:\/\/gpl-love.com\/es\/wp-json\/wp\/v2\/comments?post=116517"}],"wp:featuredmedia":[{"embeddable":true,"href":"https:\/\/gpl-love.com\/es\/wp-json\/wp\/v2\/media\/168265"}],"wp:attachment":[{"href":"https:\/\/gpl-love.com\/es\/wp-json\/wp\/v2\/media?parent=116517"}],"wp:term":[{"taxonomy":"product_brand","embeddable":true,"href":"https:\/\/gpl-love.com\/es\/wp-json\/wp\/v2\/product_brand?post=116517"},{"taxonomy":"product_cat","embeddable":true,"href":"https:\/\/gpl-love.com\/es\/wp-json\/wp\/v2\/product_cat?post=116517"},{"taxonomy":"product_tag","embeddable":true,"href":"https:\/\/gpl-love.com\/es\/wp-json\/wp\/v2\/product_tag?post=116517"}],"curies":[{"name":"wp","href":"https:\/\/api.w.org\/{rel}","templated":true}]}}