{"id":116515,"date":"2025-12-28T00:00:00","date_gmt":"2025-12-28T05:00:00","guid":{"rendered":"http:\/\/gpl-love.com\/es\/?post_type=product&#038;p=116515"},"modified":"2026-03-09T07:29:42","modified_gmt":"2026-03-09T12:29:42","slug":"easy-digital-downloads-software-licensing","status":"publish","type":"product","link":"https:\/\/gpl-love.com\/es\/producto\/easy-digital-downloads-software-licensing\/","title":{"rendered":"Easy Digital Downloads Software Licensing 3.9.3"},"content":{"rendered":"<h3>Easy Digital Downloads Software Licensing Caracteristicas<\/h3>\n<p>La soluci\u00f3n de licencia de software f\u00e1cil de descargas digitales es una opci\u00f3n ideal para aquellas personas que participan en la creaci\u00f3n de productos digitales que buscan una metodolog\u00eda directa y eficiente para administrar efectivamente sus licencias de software. Al emplear este software, se puede establecer y supervisar sin esfuerzo las licencias para sus productos digitales, salvaguardando as\u00ed su propiedad intelectual y regulando el acceso a dichos productos. Esta soluci\u00f3n de software cuenta con una interfaz instintiva e instintiva f\u00e1cil de usar, lo que representa la creaci\u00f3n, la administraci\u00f3n y el monitoreo de licencias de un esfuerzo sin problemas, todo mientras se integran sin problemas con la tienda de descargas digitales f\u00e1ciles preexistentes. Adem\u00e1s, ofrece la flexibilidad para adaptar el proceso de licencia para cumplir con los requisitos espec\u00edficos de uno, complementado por capacidades integrales de informes y an\u00e1lisis que facilitan una comprensi\u00f3n integral de la utilizaci\u00f3n de la licencia. Al adoptar la soluci\u00f3n de licencia de software f\u00e1cil de descargas digitales, uno puede optimizar sus procedimientos de licencia, lo que les permite dedicar m\u00e1s atenci\u00f3n a la expansi\u00f3n y el avance de sus esfuerzos comerciales.<\/p>\n<ul>\n<li>Agregue sin esfuerzo la licencia de software a su tienda f\u00e1cil de descargas digitales<\/li>\n<li>Dar a los clientes la capacidad de activar y desactivar sus licencias con facilidad<\/li>\n<li>Env\u00ede autom\u00e1ticamente las claves de licencia a los clientes despu\u00e9s de la compra<\/li>\n<li>Proteja su software de la pirater\u00eda y el uso no autorizado<\/li>\n<li>Administrar y rastrear f\u00e1cilmente las activaciones y desactivaciones de software<\/li>\n<li>Opciones de licencia personalizables para satisfacer sus necesidades de productos y negocios<\/li>\n<li>Se integra sin problemas con descargas digitales f\u00e1ciles y otros complementos relacionados<\/li>\n<li>Proporciona informes y an\u00e1lisis detallados sobre el uso y las ventas de la licencia<\/li>\n<li>Fant\u00e1stico soporte al cliente del equipo de descargas digitales f\u00e1ciles.<\/li>\n<\/ul>\n","protected":false},"excerpt":{"rendered":"<p>La soluci\u00f3n de licencia de software desarrollada por Easy Digital Downloads es una herramienta excepcionalmente potente que ha sido meticulosamente elaborada para ayudar a las empresas a administrar efectivamente sus licencias de software. Equipado con una interfaz navegable sin esfuerzo y una amplia gama de opciones de configuraci\u00f3n altamente adaptables, este innovador software faculta a las empresas a ejercer un nivel de comando elevado sobre su procedimiento de licencia. Al racionalizar sin problemas la totalidad del proceso de entrega de software, esta notable soluci\u00f3n permite a las empresas proporcionar a sus valiosos clientes una experiencia de usuario mejorada de calidad incomparable. La soluci\u00f3n de licencia de software no solo produce un aumento palpable en la productividad empresarial, sino que tambi\u00e9n sirve como catalizador para la generaci\u00f3n de ingresos aumentados a trav\u00e9s de la automatizaci\u00f3n de varios procesos integrales. Adem\u00e1s, esta soluci\u00f3n integral cuenta con una impresionante variedad de caracter\u00edsticas indispensables que est\u00e1n espec\u00edficamente dise\u00f1adas para proteger los canales de distribuci\u00f3n de software de las posibles amenazas. En esencia, la soluci\u00f3n de licencia de software de descargas digitales f\u00e1ciles es un activo indispensable para cualquier negocio en busca de una soluci\u00f3n de gesti\u00f3n de licencias de software resistente y abarcadora.<\/p>\n","protected":false},"featured_media":165888,"comment_status":"open","ping_status":"open","template":"","meta":[],"product_brand":[2427],"product_cat":[1208,1207,1206],"product_tag":[1280],"class_list":{"0":"post-116515","1":"product","2":"type-product","3":"status-publish","4":"has-post-thumbnail","6":"product_brand-easy-digital-downloads","7":"product_cat-administracion","8":"product_cat-comercio-electronico-plugins","9":"product_cat-plugins","10":"product_tag-easy-digital-downloads","11":"member-discount","12":"discount-restricted","14":"first","15":"instock","16":"sale","17":"downloadable","18":"virtual","19":"sold-individually","20":"purchasable","21":"product-type-simple"},"_links":{"self":[{"href":"https:\/\/gpl-love.com\/es\/wp-json\/wp\/v2\/product\/116515","targetHints":{"allow":["GET"]}}],"collection":[{"href":"https:\/\/gpl-love.com\/es\/wp-json\/wp\/v2\/product"}],"about":[{"href":"https:\/\/gpl-love.com\/es\/wp-json\/wp\/v2\/types\/product"}],"replies":[{"embeddable":true,"href":"https:\/\/gpl-love.com\/es\/wp-json\/wp\/v2\/comments?post=116515"}],"wp:featuredmedia":[{"embeddable":true,"href":"https:\/\/gpl-love.com\/es\/wp-json\/wp\/v2\/media\/165888"}],"wp:attachment":[{"href":"https:\/\/gpl-love.com\/es\/wp-json\/wp\/v2\/media?parent=116515"}],"wp:term":[{"taxonomy":"product_brand","embeddable":true,"href":"https:\/\/gpl-love.com\/es\/wp-json\/wp\/v2\/product_brand?post=116515"},{"taxonomy":"product_cat","embeddable":true,"href":"https:\/\/gpl-love.com\/es\/wp-json\/wp\/v2\/product_cat?post=116515"},{"taxonomy":"product_tag","embeddable":true,"href":"https:\/\/gpl-love.com\/es\/wp-json\/wp\/v2\/product_tag?post=116515"}],"curies":[{"name":"wp","href":"https:\/\/api.w.org\/{rel}","templated":true}]}}