{"id":116514,"date":"2025-09-24T00:00:00","date_gmt":"2025-09-24T05:00:00","guid":{"rendered":"http:\/\/gpl-love.com\/es\/?post_type=product&#038;p=116514"},"modified":"2026-03-13T17:18:55","modified_gmt":"2026-03-13T22:18:55","slug":"css-igniter-vigour-wordpress-theme","status":"publish","type":"product","link":"https:\/\/gpl-love.com\/es\/producto\/css-igniter-vigour-wordpress-theme\/","title":{"rendered":"CSS Igniter Vigour WordPress Theme 1.1.2"},"content":{"rendered":"<h3>CSS Igniter Vigour WordPress Theme Caracteristicas<\/h3>\n<p>El tema de WordPress de CSS Igniter Vigor, que es un tema de alta calidad dise\u00f1ado para sitios web de WordPress, cuenta con un dise\u00f1o sofisticado y contempor\u00e1neo que pone un gran \u00e9nfasis tanto en el rendimiento como en el uso de usuarios. Este tema en particular es particularmente adecuado para las empresas y las personas que buscan establecer una presencia en l\u00ednea profesional y refinada que cautiva y convierta a sus visitantes. Las caracter\u00edsticas notables del tema Vigor abarcan un dise\u00f1o receptivo, una p\u00e1gina de inicio personalizable, la opci\u00f3n de elegir entre un dise\u00f1o de ancho completo o en caja, una integraci\u00f3n sin esfuerzo con complementos populares y mucho m\u00e1s. Gracias a sus opciones de personalizaci\u00f3n f\u00e1cil de usar y su funcionalidad robusta, el tema de WordPress de Vigor CSS Igniter es una soluci\u00f3n excepcional para cualquier persona en busca de construir un sitio web visualmente impresionante y de alto rendimiento.<\/p>\n<ul>\n<li>Dise\u00f1o moderno y elegante, perfecto para un sitio web profesional<\/li>\n<li>F\u00e1cil de personalizar con varias opciones incorporadas y c\u00f3digos cortos<\/li>\n<li>Totalmente receptivo, asegurando que su sitio web se vea muy bien en todos los dispositivos<\/li>\n<li>Incluye una variedad de plantillas de p\u00e1gina, incluidas p\u00e1ginas predise\u00f1adas para aproximadamente, servicios y equipo<\/li>\n<li>SEO-Friendly, optimizando la visibilidad de su sitio web en los motores de b\u00fasqueda<\/li>\n<li>Listo para la traducci\u00f3n, lo que le permite traducir f\u00e1cilmente su sitio web a diferentes idiomas<\/li>\n<li>Integrados con complementos populares, como las formas de WooCommerce y Gravity, para el comercio electr\u00f3nico sin interrupciones y la integraci\u00f3n de la forma<\/li>\n<li>Excelente servicio al cliente y documentaci\u00f3n para ayudar con cualquier problema o pregunta.<\/li>\n<\/ul>\n","protected":false},"excerpt":{"rendered":"<p>Presentaci\u00f3n del tema CSS Igniter Vigor WordPress, un producto revolucionario dise\u00f1ado para satisfacer las necesidades de su sitio web. Este tema es perfecto para gimnasios, entrenadores personales, entusiastas del fitness y clubes de salud, que ofrece una plataforma robusta para crear una presencia en l\u00ednea profesional y atractiva.<\/p>\n<p>Nuestro tema de Vigor WordPress est\u00e1 basado en el marco CSS Igniter, conocido por su excelente rendimiento, flexibilidad y facilidad de personalizaci\u00f3n. Est\u00e1 dise\u00f1ado para hacer que su sitio web responda, asegurando que se vea fant\u00e1stico en cualquier dispositivo.<\/p>\n<p>Una de las caracter\u00edsticas clave del tema Vigor es su dise\u00f1o \u00fanico. Cuenta con un dise\u00f1o elegante, limpio y moderno que puede captar instant\u00e1neamente la atenci\u00f3n de su audiencia. Tambi\u00e9n est\u00e1 optimizado por SEO, lo que significa que est\u00e1 dise\u00f1ado para clasificarse bien en los resultados de los motores de b\u00fasqueda, aumentar su visibilidad y conducir m\u00e1s tr\u00e1fico a su sitio.<\/p>\n<p>Para que su sitio web sea realmente suyo, el tema Vigor ofrece amplias opciones de personalizaci\u00f3n. Puede ajustar f\u00e1cilmente el esquema de color, las fuentes y el dise\u00f1o para que coincida con la est\u00e9tica de su marca. M\u00e1s,<\/p>\n","protected":false},"featured_media":165735,"comment_status":"open","ping_status":"open","template":"","meta":[],"product_brand":[2403],"product_cat":[1267,1237,1238],"product_tag":[2134],"class_list":{"0":"post-116514","1":"product","2":"type-product","3":"status-publish","4":"has-post-thumbnail","6":"product_brand-css-igniter","7":"product_cat-creativo","8":"product_cat-temas","9":"product_cat-wordpress-temas","10":"product_tag-css-igniter","11":"member-discount","12":"discount-restricted","14":"first","15":"instock","16":"sale","17":"downloadable","18":"virtual","19":"sold-individually","20":"purchasable","21":"product-type-simple"},"_links":{"self":[{"href":"https:\/\/gpl-love.com\/es\/wp-json\/wp\/v2\/product\/116514","targetHints":{"allow":["GET"]}}],"collection":[{"href":"https:\/\/gpl-love.com\/es\/wp-json\/wp\/v2\/product"}],"about":[{"href":"https:\/\/gpl-love.com\/es\/wp-json\/wp\/v2\/types\/product"}],"replies":[{"embeddable":true,"href":"https:\/\/gpl-love.com\/es\/wp-json\/wp\/v2\/comments?post=116514"}],"wp:featuredmedia":[{"embeddable":true,"href":"https:\/\/gpl-love.com\/es\/wp-json\/wp\/v2\/media\/165735"}],"wp:attachment":[{"href":"https:\/\/gpl-love.com\/es\/wp-json\/wp\/v2\/media?parent=116514"}],"wp:term":[{"taxonomy":"product_brand","embeddable":true,"href":"https:\/\/gpl-love.com\/es\/wp-json\/wp\/v2\/product_brand?post=116514"},{"taxonomy":"product_cat","embeddable":true,"href":"https:\/\/gpl-love.com\/es\/wp-json\/wp\/v2\/product_cat?post=116514"},{"taxonomy":"product_tag","embeddable":true,"href":"https:\/\/gpl-love.com\/es\/wp-json\/wp\/v2\/product_tag?post=116514"}],"curies":[{"name":"wp","href":"https:\/\/api.w.org\/{rel}","templated":true}]}}