{"id":116478,"date":"2025-12-23T00:00:00","date_gmt":"2025-12-23T05:00:00","guid":{"rendered":"http:\/\/gpl-love.com\/es\/?post_type=product&#038;p=116478"},"modified":"2026-03-09T08:06:19","modified_gmt":"2026-03-09T13:06:19","slug":"sensei-certificates","status":"publish","type":"product","link":"https:\/\/gpl-love.com\/es\/producto\/sensei-certificates\/","title":{"rendered":"Sensei Certificates 2.5.4"},"content":{"rendered":"<h3>Sensei Certificates Caracteristicas<\/h3>\n<p>Los certificados Sensei, reconocidos por su capacidad para reconocer y validar el amplio conocimiento de las personas y el dominio avanzado en diversos dominios, sirven como una manifestaci\u00f3n tangible de su compromiso inquebrantable y su implacable diligencia. Ya sea que la experiencia se encuentre en el \u00e1mbito de las artes marciales o en cualquier otra \u00e1rea especializada, la posesi\u00f3n de un certificado Sensei confiere una ventaja invaluable, posicionando a las personas como vanguardias dentro de sus respectivos campos. Con un extenso repertorio de certificados para elegir, las personas pueden seleccionar meticulosamente el que se alinea impecablemente con su \u00e1rea de dominio \u00fanica, garantizando as\u00ed que su notable aptitud y contribuciones invaluables son reconocidas y veneradas inequ\u00edvocamente por sus contrapartes profesionales.<\/p>\n<ul>\n<li>Certificados profesionales y est\u00e9ticamente agradables para completar el curso Sensei<\/li>\n<li>Personalizable con nombres de estudiantes y fecha de finalizaci\u00f3n<\/li>\n<li>Dise\u00f1o e impresi\u00f3n de alta calidad para un recuerdo duradero<\/li>\n<li>Disponible en formato digital e impreso<\/li>\n<li>Disponible en m\u00faltiples opciones de color para adaptarse al tema de cualquier organizaci\u00f3n o evento.<\/li>\n<li>Agrega un toque profesional a cualquier ceremonia de finalizaci\u00f3n del curso Sensei<\/li>\n<li>Proporciona un reconocimiento tangible para estudiantes consumados<\/li>\n<li>Se puede utilizar para mostrar logros en curr\u00edculums y plataformas digitales<\/li>\n<li>Proceso de pedido f\u00e1cil y sin problemas con opciones de entrega r\u00e1pida<\/li>\n<li>Ideal para escuelas, estudios de artes marciales y negocios que ofrecen cursos Sensei.<\/li>\n<\/ul>\n","protected":false},"excerpt":{"rendered":"<p>Los certificados Sensei, meticulosamente elaborados para exudar profesionalismo y elegancia, ofrecen una plataforma impecable para hacer alarde de sus merecidas artes marciales o certificaciones de autodefensa. Hecho a mano con la m\u00e1xima precisi\u00f3n utilizando materiales de primer nivel e imbuidos de tonos resplandecientes, estos certificados no solo son visualmente cautivadores, sino que tambi\u00e9n sirven como un adorno espl\u00e9ndido para su estimado dojo u oficina. Al elevar el sentido de personalizaci\u00f3n, estos certificados presentan una variedad de opciones personalizables tanto para estilo como de texto, asegurando un tributo a medida a sus notables logros de artes marciales. Abrace la oportunidad de mostrar sus logros notables con la grandeza incomparable de los certificados Sensei.<\/p>\n","protected":false},"featured_media":167450,"comment_status":"open","ping_status":"open","template":"","meta":[],"product_brand":[2344],"product_cat":[1207,1248,1206],"product_tag":[1423],"class_list":{"0":"post-116478","1":"product","2":"type-product","3":"status-publish","4":"has-post-thumbnail","6":"product_brand-woocommerce","7":"product_cat-comercio-electronico-plugins","8":"product_cat-personalizacion-comercio-electronico-plugins","9":"product_cat-plugins","10":"product_tag-woocommerce","11":"member-discount","12":"discount-restricted","14":"first","15":"instock","16":"sale","17":"downloadable","18":"virtual","19":"sold-individually","20":"purchasable","21":"product-type-simple"},"_links":{"self":[{"href":"https:\/\/gpl-love.com\/es\/wp-json\/wp\/v2\/product\/116478","targetHints":{"allow":["GET"]}}],"collection":[{"href":"https:\/\/gpl-love.com\/es\/wp-json\/wp\/v2\/product"}],"about":[{"href":"https:\/\/gpl-love.com\/es\/wp-json\/wp\/v2\/types\/product"}],"replies":[{"embeddable":true,"href":"https:\/\/gpl-love.com\/es\/wp-json\/wp\/v2\/comments?post=116478"}],"wp:featuredmedia":[{"embeddable":true,"href":"https:\/\/gpl-love.com\/es\/wp-json\/wp\/v2\/media\/167450"}],"wp:attachment":[{"href":"https:\/\/gpl-love.com\/es\/wp-json\/wp\/v2\/media?parent=116478"}],"wp:term":[{"taxonomy":"product_brand","embeddable":true,"href":"https:\/\/gpl-love.com\/es\/wp-json\/wp\/v2\/product_brand?post=116478"},{"taxonomy":"product_cat","embeddable":true,"href":"https:\/\/gpl-love.com\/es\/wp-json\/wp\/v2\/product_cat?post=116478"},{"taxonomy":"product_tag","embeddable":true,"href":"https:\/\/gpl-love.com\/es\/wp-json\/wp\/v2\/product_tag?post=116478"}],"curies":[{"name":"wp","href":"https:\/\/api.w.org\/{rel}","templated":true}]}}