{"id":116475,"date":"2026-03-02T00:00:00","date_gmt":"2026-03-02T05:00:00","guid":{"rendered":"http:\/\/gpl-love.com\/es\/?post_type=product&#038;p=116475"},"modified":"2026-03-09T07:41:23","modified_gmt":"2026-03-09T12:41:23","slug":"gravityview-inline-edit","status":"publish","type":"product","link":"https:\/\/gpl-love.com\/es\/producto\/gravityview-inline-edit\/","title":{"rendered":"Gravity View Inline Edit 2.9.1"},"content":{"rendered":"<h3>Gravity View Inline Edit Caracteristicas<\/h3>\n<p>El complemento de edici\u00f3n en l\u00ednea de Gravity View es una herramienta excepcionalmente innovadora que proporciona a los usuarios la capacidad de editar directamente sus entradas de formularios de gravedad en su propio sitio web. Al utilizar este complemento, los usuarios pueden eludir el inconveniente de alternar constantemente entre su sitio web y la plataforma de formularios de gravedad para implementar los cambios o actualizaciones necesarias en sus entradas. La notable utilidad de este complemento radica en su capacidad para aumentar la eficiencia y la facilidad de uso del proceso de edici\u00f3n de entrada, ya que los usuarios pueden seleccionar sin esfuerzo una entrada deseada y modificar r\u00e1pidamente su contenido en tiempo real. Una caracter\u00edstica notable adicional del complemento de edici\u00f3n en l\u00ednea View View es su soporte integral para todos los tipos de campos encontrados dentro de los formularios de gravedad, incluidos los m\u00e1s avanzados, como las cargas de archivos y los campos de direcciones. Adem\u00e1s, la medida en que se permite la personalizaci\u00f3n es particularmente encomiable, ya que permite a los usuarios determinar qu\u00e9 campos son elegibles para la edici\u00f3n y qui\u00e9n posee la autoridad para realizar tales ediciones. A fin de cuentas, el complemento de edici\u00f3n en l\u00ednea de la vista de gravedad emerge como una soluci\u00f3n excepcional que es impecablemente adecuada para las personas que buscan racionalizar el esfuerzo intrincado y lento de edici\u00f3n de las entradas de formularios de gravedad.<\/p>\n<ul>\n<li>Editar sin esfuerzo formularios de gravedad entradas directamente desde el front-end de su sitio web<\/li>\n<li>Ahorre tiempo y racionalice su flujo de trabajo con una edici\u00f3n en l\u00ednea r\u00e1pida y f\u00e1cil<\/li>\n<li>Actualice convenientemente las entradas de su formulario sin tener que navegar hasta el tablero de WordPress<\/li>\n<li>Integre perfectamente con las formas de gravedad para proporcionar una experiencia de edici\u00f3n en l\u00ednea completamente funcional<\/li>\n<li>Personalice el dise\u00f1o y el estilo de sus formularios de edici\u00f3n en l\u00ednea para que coincidan con el dise\u00f1o de su sitio web<\/li>\n<li>Mejorar la experiencia del usuario al permitir a los usuarios editar sus propios env\u00edos de formularios en tiempo real<\/li>\n<li>Aumentar la precisi\u00f3n de los datos al permitir a los usuarios corregir cualquier error o error tipogr\u00e1fico directamente en la p\u00e1gina de entrada<\/li>\n<li>Mejorar la organizaci\u00f3n y la gesti\u00f3n de datos al permitir a los usuarios agregar o eliminar los campos seg\u00fan sea necesario<\/li>\n<li>Compatible con los complementos y extensiones de forma de gravedad popular para una mayor funcionalidad y flexibilidad<\/li>\n<\/ul>\n","protected":false},"excerpt":{"rendered":"<p>La edici\u00f3n en l\u00ednea de Gravity View es una herramienta tremendamente poderosa y robusta que le otorga la capacidad excepcional de modificar y revisar las entradas de formularios de gravedad directamente desde su sitio web. Con la utilizaci\u00f3n de esta herramienta, puede realizar alteraciones y ajustes sin esfuerzo a sus presentaciones de formulario, introducir entradas nuevas y obtener acceso a informaci\u00f3n integral e intrincada en relaci\u00f3n con cada presentaci\u00f3n. La interfaz, en toda su gloria f\u00e1cil de usar, simplifica el proceso de administrar y supervisar de manera efectiva sus datos, dej\u00e1ndole con m\u00e1s tiempo y energ\u00eda para dedicar la expansi\u00f3n y el avance de su negocio. Independientemente de si se encuentra en necesidades de actualizaciones r\u00e1pidas y convenientes en sus formularios o lidiar con la gesti\u00f3n y la organizaci\u00f3n de datos intrincados y complicados, tenga la seguridad de que la edici\u00f3n en l\u00ednea de la vista de gravedad le proporciona un amplio repertorio de caracter\u00edsticas y herramientas que es m\u00e1s que suficiente para completar la tarea en cuesti\u00f3n a la m\u00e1xima satisfacci\u00f3n. Entonces, \u00bfpor qu\u00e9 demorarse? \u00a1No pierda m\u00e1s tiempo y se embarque en su viaje con la edici\u00f3n en l\u00ednea de View Gravity View hoy, y sea testigo del potencial incomparable que presente para sus formas de gravedad!<\/p>\n","protected":false},"featured_media":166378,"comment_status":"open","ping_status":"open","template":"","meta":[],"product_brand":[2472],"product_cat":[1216,1206,1211],"product_tag":[1304],"class_list":{"0":"post-116475","1":"product","2":"type-product","3":"status-publish","4":"has-post-thumbnail","6":"product_brand-gravityview","7":"product_cat-formas","8":"product_cat-plugins","9":"product_cat-wordpress-plugins","10":"product_tag-gravityview","11":"member-discount","12":"discount-restricted","14":"first","15":"instock","16":"sale","17":"downloadable","18":"virtual","19":"sold-individually","20":"purchasable","21":"product-type-simple"},"_links":{"self":[{"href":"https:\/\/gpl-love.com\/es\/wp-json\/wp\/v2\/product\/116475","targetHints":{"allow":["GET"]}}],"collection":[{"href":"https:\/\/gpl-love.com\/es\/wp-json\/wp\/v2\/product"}],"about":[{"href":"https:\/\/gpl-love.com\/es\/wp-json\/wp\/v2\/types\/product"}],"replies":[{"embeddable":true,"href":"https:\/\/gpl-love.com\/es\/wp-json\/wp\/v2\/comments?post=116475"}],"wp:featuredmedia":[{"embeddable":true,"href":"https:\/\/gpl-love.com\/es\/wp-json\/wp\/v2\/media\/166378"}],"wp:attachment":[{"href":"https:\/\/gpl-love.com\/es\/wp-json\/wp\/v2\/media?parent=116475"}],"wp:term":[{"taxonomy":"product_brand","embeddable":true,"href":"https:\/\/gpl-love.com\/es\/wp-json\/wp\/v2\/product_brand?post=116475"},{"taxonomy":"product_cat","embeddable":true,"href":"https:\/\/gpl-love.com\/es\/wp-json\/wp\/v2\/product_cat?post=116475"},{"taxonomy":"product_tag","embeddable":true,"href":"https:\/\/gpl-love.com\/es\/wp-json\/wp\/v2\/product_tag?post=116475"}],"curies":[{"name":"wp","href":"https:\/\/api.w.org\/{rel}","templated":true}]}}