{"id":116447,"date":"2023-01-29T00:00:00","date_gmt":"2023-01-29T05:00:00","guid":{"rendered":"http:\/\/gpl-love.com\/es\/?post_type=product&#038;p=116447"},"modified":"2026-04-10T11:33:03","modified_gmt":"2026-04-10T16:33:03","slug":"woocommerce-pdf-invoices-y-packing-slips","status":"publish","type":"product","link":"https:\/\/gpl-love.com\/es\/producto\/woocommerce-pdf-invoices-y-packing-slips\/","title":{"rendered":"WooCommerce PDF Invoices y Packing Slips 1.4.10"},"content":{"rendered":"<h3>WooCommerce PDF Invoices y Packing Slips Caracteristicas<\/h3>\n<p>El complemento de facturas y resbalones de embalaje de WooCommerce es una herramienta excepcional que otorga a los propietarios de tiendas en l\u00ednea la capacidad de generar sin esfuerzo facturas PDF y resbalones de empaque para sus valiosos clientes. Este notable complemento faculta a los usuarios adaptar la apariencia de sus facturas y empacar resbalones para alinearse perfectamente con su identidad de marca. Adem\u00e1s, cuenta con una variedad de opciones de personalizaci\u00f3n altamente flexibles, lo que permite a los propietarios de tiendas incorporar sin esfuerzo su logotipo, el encabezado y la informaci\u00f3n de los pies en sus facturas y resbalones de embalaje. Una de las caracter\u00edsticas m\u00e1s notables de este complemento es su capacidad para generar autom\u00e1ticamente las facturas y las resbalones de embalaje tras la colocaci\u00f3n de pedidos, lo que facilita el orden impecable y el seguimiento de env\u00edos para los propietarios de tiendas. Adem\u00e1s, permite a los usuarios enviar convenientemente las facturas y las resbalones de embalaje a sus clientes por correo electr\u00f3nico o incluso incluirlos dentro del correo electr\u00f3nico de confirmaci\u00f3n del pedido. Sin lugar a dudas, este complemento indispensable es una necesidad absoluta para que cualquier propietario de la tienda en l\u00ednea exigente se esfuerce por optimizar su proceso de gesti\u00f3n de pedidos al tiempo que proporciona a sus clientes facturas impecablemente profesionales y resbalones de embalaje.<\/p>\n<ul>\n<li>Hermosas facturas y resbalones de embalaje de aspecto profesional para sus pedidos de WooCommerce<\/li>\n<li>Plantillas f\u00e1cilmente personalizables con opciones para fuentes, colores y logotipos<\/li>\n<li>Generaci\u00f3n autom\u00e1tica y correo electr\u00f3nico de facturas a los clientes<\/li>\n<li>Capacidad para descargar e imprimir resbalones de embalaje para fines de env\u00edo<\/li>\n<li>Integraci\u00f3n con pasarelas de pago populares y proveedores de env\u00edo<\/li>\n<li>Flujo de trabajo simplificado para gesti\u00f3n y seguimiento de pedidos, facturas y env\u00edos<\/li>\n<li>Complemento seguro y confiable con actualizaciones regulares y atenci\u00f3n al cliente<\/li>\n<li>Compatibilidad con otros complementos y extensiones populares de WooCommerce<\/li>\n<li>Documentaci\u00f3n extensa e interfaz f\u00e1cil de usar para una f\u00e1cil configuraci\u00f3n y uso<\/li>\n<\/ul>\n","protected":false},"excerpt":{"rendered":"<p>Al utilizar las facturas PDF de WooCommerce y el complemento de resbalones de embalaje, tiene la capacidad de generar y personalizar sin esfuerzo facturas y resbalones de embalaje que poseen una apariencia altamente profesional, que satisface las necesidades de su tienda en l\u00ednea. Adem\u00e1s, la conveniencia de poder descargar e imprimir convenientemente estos documentos para su propia referencia o inclusi\u00f3n con sus pedidos es f\u00e1cilmente a su disposici\u00f3n. Des\u00e9prete a la carga de la facturaci\u00f3n manual y adopta un enfoque m\u00e1s simplificado y eficiente con la ayuda de esta valiosa extensi\u00f3n de WooCommerce.<\/p>\n","protected":false},"featured_media":168201,"comment_status":"open","ping_status":"open","template":"","meta":[],"product_brand":[2339],"product_cat":[1208,1207,1206],"product_tag":[1256],"class_list":{"0":"post-116447","1":"product","2":"type-product","3":"status-publish","4":"has-post-thumbnail","6":"product_brand-codecanyon","7":"product_cat-administracion","8":"product_cat-comercio-electronico-plugins","9":"product_cat-plugins","10":"product_tag-codecanyon","11":"member-discount","12":"discount-restricted","14":"first","15":"instock","16":"sale","17":"downloadable","18":"virtual","19":"sold-individually","20":"purchasable","21":"product-type-simple"},"_links":{"self":[{"href":"https:\/\/gpl-love.com\/es\/wp-json\/wp\/v2\/product\/116447","targetHints":{"allow":["GET"]}}],"collection":[{"href":"https:\/\/gpl-love.com\/es\/wp-json\/wp\/v2\/product"}],"about":[{"href":"https:\/\/gpl-love.com\/es\/wp-json\/wp\/v2\/types\/product"}],"replies":[{"embeddable":true,"href":"https:\/\/gpl-love.com\/es\/wp-json\/wp\/v2\/comments?post=116447"}],"wp:featuredmedia":[{"embeddable":true,"href":"https:\/\/gpl-love.com\/es\/wp-json\/wp\/v2\/media\/168201"}],"wp:attachment":[{"href":"https:\/\/gpl-love.com\/es\/wp-json\/wp\/v2\/media?parent=116447"}],"wp:term":[{"taxonomy":"product_brand","embeddable":true,"href":"https:\/\/gpl-love.com\/es\/wp-json\/wp\/v2\/product_brand?post=116447"},{"taxonomy":"product_cat","embeddable":true,"href":"https:\/\/gpl-love.com\/es\/wp-json\/wp\/v2\/product_cat?post=116447"},{"taxonomy":"product_tag","embeddable":true,"href":"https:\/\/gpl-love.com\/es\/wp-json\/wp\/v2\/product_tag?post=116447"}],"curies":[{"name":"wp","href":"https:\/\/api.w.org\/{rel}","templated":true}]}}