{"id":116445,"date":"2026-04-08T00:00:00","date_gmt":"2026-04-08T05:00:00","guid":{"rendered":"http:\/\/gpl-love.com\/es\/?post_type=product&#038;p=116445"},"modified":"2026-04-08T17:15:45","modified_gmt":"2026-04-08T22:15:45","slug":"kadence-blocks","status":"publish","type":"product","link":"https:\/\/gpl-love.com\/es\/producto\/kadence-blocks\/","title":{"rendered":"Kadence Blocks Pro 2.8.14"},"content":{"rendered":"<h3>Kadence Blocks Pro Caracteristicas<\/h3>\n<p>Kadence Blocks Pro, un complemento de WordPress, presenta a los usuarios una extensa colecci\u00f3n de bloques para el editor de Gutenberg, ofreciendo as\u00ed una variedad de opciones para la personalizaci\u00f3n del dise\u00f1o del sitio web. Con sus caracter\u00edsticas avanzadas y opciones de personalizaci\u00f3n, los usuarios est\u00e1n facultados para crear dise\u00f1os \u00fanicos y sorprendentes sin la necesidad de habilidades de codificaci\u00f3n. Este complemento ofrece una gran cantidad de bloques, que van desde encabezados avanzados y tablas de precios hasta dise\u00f1os de filas y alternativos de contenido. En particular, Kadence Blocks Pro tambi\u00e9n abarca controles receptivos, lo que permite a los usuarios ajustar sin esfuerzo la apariencia de su sitio web en diversos tama\u00f1os de pantalla. Con una interfaz intuitiva y caracter\u00edsticas f\u00e1ciles de usar, este complemento es una opci\u00f3n excepcional para cualquier usuario de WordPress que busque aumentar tanto la funcionalidad como el dise\u00f1o de su sitio web.<\/p>\n<ul>\n<li>Crear f\u00e1cilmente p\u00e1ginas y publicaciones de aspecto profesional con Kadence Blocks Pro<\/li>\n<li>Mejore el dise\u00f1o de su sitio web con bloques y widgets \u00fanicos<\/li>\n<li>El constructor intuitivo de arrastrar y soltar facilita el dise\u00f1o de dise\u00f1os personalizados<\/li>\n<li>Aproveche m\u00e1s de 40 bloques incluidos, incluidas galer\u00edas, men\u00fas de acorde\u00f3n y m\u00e1s<\/li>\n<li>Personalice todos los aspectos de sus bloques, desde colores y fuentes hasta espacios y alineaciones<\/li>\n<li>Acceda a caracter\u00edsticas adicionales como etiquetado blanco, CSS personalizado y m\u00e1s con la versi\u00f3n Pro<\/li>\n<li>Experimente tiempos de carga m\u00e1s r\u00e1pidos y un mejor rendimiento<\/li>\n<li>Disfrute de las actualizaciones y el apoyo regulares de un equipo dedicado<\/li>\n<li>Cree p\u00e1ginas y publicaciones impresionantes sin requerido ning\u00fan conocimiento de codificaci\u00f3n<\/li>\n<li>Compatible con el editor cl\u00e1sico de Gutenberg y WordPress.<\/li>\n<\/ul>\n","protected":false},"excerpt":{"rendered":"<p>Introducci\u00f3n de Kadence Blocks Pro, un kit de herramientas excepcionalmente robusto y f\u00e1cil de usar espec\u00edficamente adaptado para el editor de bloques de WordPress. Este innovador kit de herramientas le capacita a elaborar sin esfuerzo p\u00e1ginas web sorprendentes que seguramente cautivan a su audiencia. Con la inclusi\u00f3n de Kadence Blocks Pro, usted tiene acceso a una gran cantidad de caracter\u00edsticas que le permiten incorporar perfectamente antecedentes a medida, animaciones cautivadoras y opciones de formato avanzado en las p\u00e1ginas y publicaciones de su sitio web. Exquisitamente dise\u00f1ada con la m\u00e1xima consideraci\u00f3n para expertos en el campo, Kadence Blocks Pro sirve como un kit de herramientas de dise\u00f1o que abarca todo con una impresionante variedad de 15 bloques personalizables, cuidadosamente seleccionados para facilitar la realizaci\u00f3n de su dise\u00f1o de sitio web tan esperado. Ya sea que posea una experiencia extensa como desarrollador experimentado de WordPress o sea un reci\u00e9n llegado al reino, tenga la seguridad de que Kadence Blocks Pro indudablemente impulsar\u00e1 su sitio web a alturas sin precedentes. Por lo tanto, si su aspiraci\u00f3n implica la creaci\u00f3n sin esfuerzo de sitios web profesionales y visualmente fascinantes, no busque m\u00e1s all\u00e1 de la excelencia incomparable que ofrece Kadence Blocks Pro, \u00a1la herramienta por excelencia para usted!<\/p>\n","protected":false},"featured_media":166537,"comment_status":"open","ping_status":"open","template":"","meta":[],"product_brand":[2364],"product_cat":[1214,1206,1211],"product_tag":[1804],"class_list":{"0":"post-116445","1":"product","2":"type-product","3":"status-publish","4":"has-post-thumbnail","6":"product_brand-kadence-wp","7":"product_cat-personalizacion","8":"product_cat-plugins","9":"product_cat-wordpress-plugins","10":"product_tag-kadence-wp","11":"member-discount","12":"discount-restricted","14":"first","15":"instock","16":"sale","17":"downloadable","18":"virtual","19":"sold-individually","20":"purchasable","21":"product-type-simple"},"_links":{"self":[{"href":"https:\/\/gpl-love.com\/es\/wp-json\/wp\/v2\/product\/116445","targetHints":{"allow":["GET"]}}],"collection":[{"href":"https:\/\/gpl-love.com\/es\/wp-json\/wp\/v2\/product"}],"about":[{"href":"https:\/\/gpl-love.com\/es\/wp-json\/wp\/v2\/types\/product"}],"replies":[{"embeddable":true,"href":"https:\/\/gpl-love.com\/es\/wp-json\/wp\/v2\/comments?post=116445"}],"wp:featuredmedia":[{"embeddable":true,"href":"https:\/\/gpl-love.com\/es\/wp-json\/wp\/v2\/media\/166537"}],"wp:attachment":[{"href":"https:\/\/gpl-love.com\/es\/wp-json\/wp\/v2\/media?parent=116445"}],"wp:term":[{"taxonomy":"product_brand","embeddable":true,"href":"https:\/\/gpl-love.com\/es\/wp-json\/wp\/v2\/product_brand?post=116445"},{"taxonomy":"product_cat","embeddable":true,"href":"https:\/\/gpl-love.com\/es\/wp-json\/wp\/v2\/product_cat?post=116445"},{"taxonomy":"product_tag","embeddable":true,"href":"https:\/\/gpl-love.com\/es\/wp-json\/wp\/v2\/product_tag?post=116445"}],"curies":[{"name":"wp","href":"https:\/\/api.w.org\/{rel}","templated":true}]}}