{"id":116441,"date":"2021-08-29T00:00:00","date_gmt":"2021-08-29T05:00:00","guid":{"rendered":"http:\/\/gpl-love.com\/es\/?post_type=product&#038;p=116441"},"modified":"2026-04-10T11:25:50","modified_gmt":"2026-04-10T16:25:50","slug":"strata-professional-multipurpose-wordpress-theme","status":"publish","type":"product","link":"https:\/\/gpl-love.com\/es\/producto\/strata-professional-multipurpose-wordpress-theme\/","title":{"rendered":"Strata Professional Multipurpose WordPress Theme 3.3"},"content":{"rendered":"<h3>Strata Professional Multipurpose WordPress Theme Caracteristicas<\/h3>\n<p>El tema de WordPress multiprop\u00f3sito de Strata Professional es un tema incre\u00edblemente vers\u00e1til y extremadamente poderoso que satisface las necesidades diversas y variables de empresas, profesionales e individuos por igual. Con un dise\u00f1o sumamente moderno y elegante, este tema proporciona a los usuarios la capacidad excepcional para dise\u00f1ar y desarrollar sitios web visualmente impresionantes que no solo sean est\u00e9ticamente atractivos sino tambi\u00e9n notablemente f\u00e1ciles de usar. Equipado con una extensa gama de caracter\u00edsticas que se pueden adaptar sin esfuerzo para adaptarse a las preferencias individuales, como la capacidad de personalizar las plantillas, un conveniente constructor de p\u00e1ginas de arrastrar y soltar y un conjunto impresionantemente robusto de opciones de tema, los usuarios se les brinda la m\u00e1xima facilidad y conveniencia en la creaci\u00f3n de un sitio web que cumpla con precisi\u00f3n sus requisitos \u00fanicos. Adem\u00e1s, como una ventaja adicional, el tema se adapta perfectamente a todos los dispositivos, lo que garantiza que el sitio web aparecer\u00e1 y funcionar\u00e1 sin problemas a trav\u00e9s de una variedad de plataformas. Con el tema de WordPress multiprop\u00f3sito profesional de estratos a su disposici\u00f3n, los usuarios poseen la invaluable capacidad para fabricar un sitio web que exude distinci\u00f3n y transmite efectivamente su mensaje de marca a su p\u00fablico objetivo.<\/p>\n<ul>\n<li>Tema multiprop\u00f3sito altamente personalizable para WordPress<\/li>\n<li>Adecuado para una amplia gama de negocios y nichos<\/li>\n<li>Construido en la \u00faltima versi\u00f3n de WordPress<\/li>\n<li>Incluye m\u00faltiples opciones de p\u00e1gina de inicio y dise\u00f1o<\/li>\n<li>Incluye un poderoso constructor de p\u00e1ginas para una f\u00e1cil personalizaci\u00f3n<\/li>\n<li>Dise\u00f1o totalmente receptivo y amigable para m\u00f3viles<\/li>\n<li>Optimizado para tiempos de carga r\u00e1pidas<\/li>\n<li>Viene con una variedad de plantillas y bloques preconstruidos<\/li>\n<li>Integrado con complementos populares como WooCommerce, Contact Form 7 y Slider Revolution<\/li>\n<li>Actualizado regularmente con nuevas funciones y mejoras<\/li>\n<li>Incluye documentaci\u00f3n integral y equipo de apoyo dedicado<\/li>\n<\/ul>\n","protected":false},"excerpt":{"rendered":"<p>El tema de WordPress multiprop\u00f3sito Strata Professional, reconocido por su versatilidad y personalizaci\u00f3n, es una excelente opci\u00f3n para las personas que buscan desarrollar sitios web de cualquier tipo. Ya sea que el objetivo sea construir una cartera, establecer un sitio de negocios o engendrar una tienda en l\u00ednea, este tema cuenta con una variedad de caracter\u00edsticas y funcionalidades que facilitan la realizaci\u00f3n de tales ambiciones. En particular, su dise\u00f1o elegante y contempor\u00e1neo garantiza una experiencia f\u00e1cil de usar y receptiva en todos los dispositivos. Adem\u00e1s, el tema se complementa con una variedad diversa de dise\u00f1os preconstruidos y contenido de demostraci\u00f3n, que acelera el proceso de iniciaci\u00f3n.<\/p>\n","protected":false},"featured_media":167578,"comment_status":"open","ping_status":"open","template":"","meta":[],"product_brand":[2337],"product_cat":[1239,1237,1238],"product_tag":[1391],"class_list":{"0":"post-116441","1":"product","2":"type-product","3":"status-publish","4":"has-post-thumbnail","6":"product_brand-themeforest","7":"product_cat-de-multiples-fines","8":"product_cat-temas","9":"product_cat-wordpress-temas","10":"product_tag-themeforest","11":"member-discount","12":"discount-restricted","14":"first","15":"instock","16":"sale","17":"downloadable","18":"virtual","19":"sold-individually","20":"purchasable","21":"product-type-simple"},"_links":{"self":[{"href":"https:\/\/gpl-love.com\/es\/wp-json\/wp\/v2\/product\/116441","targetHints":{"allow":["GET"]}}],"collection":[{"href":"https:\/\/gpl-love.com\/es\/wp-json\/wp\/v2\/product"}],"about":[{"href":"https:\/\/gpl-love.com\/es\/wp-json\/wp\/v2\/types\/product"}],"replies":[{"embeddable":true,"href":"https:\/\/gpl-love.com\/es\/wp-json\/wp\/v2\/comments?post=116441"}],"wp:featuredmedia":[{"embeddable":true,"href":"https:\/\/gpl-love.com\/es\/wp-json\/wp\/v2\/media\/167578"}],"wp:attachment":[{"href":"https:\/\/gpl-love.com\/es\/wp-json\/wp\/v2\/media?parent=116441"}],"wp:term":[{"taxonomy":"product_brand","embeddable":true,"href":"https:\/\/gpl-love.com\/es\/wp-json\/wp\/v2\/product_brand?post=116441"},{"taxonomy":"product_cat","embeddable":true,"href":"https:\/\/gpl-love.com\/es\/wp-json\/wp\/v2\/product_cat?post=116441"},{"taxonomy":"product_tag","embeddable":true,"href":"https:\/\/gpl-love.com\/es\/wp-json\/wp\/v2\/product_tag?post=116441"}],"curies":[{"name":"wp","href":"https:\/\/api.w.org\/{rel}","templated":true}]}}